{"id":1045,"date":"2020-10-11T15:55:38","date_gmt":"2020-10-11T13:55:38","guid":{"rendered":"http:\/\/geschichte-brandenburg.de\/wordpress\/?page_id=1045"},"modified":"2026-01-12T12:09:26","modified_gmt":"2026-01-12T11:09:26","slug":"69-band-2018","status":"publish","type":"page","link":"https:\/\/geschichte-brandenburg.de\/wordpress\/69-band-2018\/","title":{"rendered":"69. Band (2018)"},"content":{"rendered":"\n<p><\/p>\n\n\n\n<ul class=\"wp-block-list\">\n<li>Engel, Maria: Das brandenburgische Jungfernschulwesen im Reformationsjahrhundert, S. 9\u201342.<\/li>\n\n\n\n<li>Ruffert, Elisabeth: Das diplomatische Geschenk im brandenburgisch-preu\u00dfischen Gesandtschaftszeremoniell um 1700, S. 43\u201357.<\/li>\n\n\n\n<li>Berndt, Iris\/Sander, Thomas: Bausteine zu Leben und Werk von Andreas Ludwig Kr\u00fcger, S. 59\u201399.<\/li>\n\n\n\n<li>Jansen, Wolfgang: &#8222;Todt ist er! Lessing todt!&#8220; \u00dcber die Ged\u00e4chtnisfeier zu Ehren Gotthold Ephraim Lessings im Hoftheater von Schwedt 1781, S. 101\u2013115.<\/li>\n\n\n\n<li>B\u00f6rsch-Supan, Eva: Dauerhaft \u2013 vaterl\u00e4ndisch \u2013 historisch. Ziegelbauten Schinkels und seiner Sch\u00fcler, S. 117\u2013133.<\/li>\n\n\n\n<li>M\u00fcller, Bettina: Leo Heller (1876\u20131941): &#8222;Der gr\u00f6\u00dfte Kenner und treueste Chronist der Berliner Verbrecherwelt&#8220;. Biographische Skizze, S. 134\u2013163.<\/li>\n\n\n\n<li>Fischer, Hubertus: &#8222;Umschulungslager&#8220; Eichow. J\u00fcdische Jugend zwischen Auswanderungsvorbereitung und Deportation. Mit einem lokalgeschichtlichen R\u00fcckblick, S. 165\u2013194.<\/li>\n\n\n\n<li>Sievers, Kai Detlev: Weimarer Republik \u2013 Drittes Reich \u2013 Deutsche Demokratische Republik \u2013 Bundesrepublik Deutschland. Ein Frauenleben unter vier Staatsformen, S. 195\u2013211.<\/li>\n\n\n\n<li>Schich, Winfried: Mur\u00e4ne oder Mar\u00e4ne? Bemerkungen zum markgr\u00e4flichen Zollprivileg f\u00fcr die Brandenburger B\u00fcrger von 1170, S. 213\u2013 222.<\/li>\n\n\n\n<li>Buchbesprechungen, S. 223\u2013250.<\/li>\n\n\n\n<li><a href=\"https:\/\/geschichte-brandenburg.de\/wordpress\/wp-content\/uploads\/2026\/01\/JBLG_69_Bibliographie.pdf\" data-type=\"attachment\" data-id=\"3113\">Neuerscheinungen aus den Jahren 2018\/2017\/2016 (Bibliographie \u201e69\u201c)<\/a>. Bearb. von Dorothee Ge\u00dfner unter Mitarbeit von Peter Bahl, S. 251\u2013276.<\/li>\n\n\n\n<li>Berichte, S. 277\u2013295.<\/li>\n\n\n\n<li><a href=\"https:\/\/geschichte-brandenburg.de\/wordpress\/wp-content\/uploads\/2026\/01\/JBLG_69_Bericht_Bahl.pdf\" data-type=\"attachment\" data-id=\"3112\">Bahl, Peter: T\u00e4tigkeitsbericht der Landesgeschichtlichen Vereinigung f\u00fcr die Mark Brandenburg e.V. f\u00fcr das Jahr 2017<\/a>, S. 277\u2013280.<\/li>\n\n\n\n<li>T\u00e4tigkeitsberichte Landesgeschichtlicher Kommissionen und Institutionen f\u00fcr das Jahr 2017, S. 281\u2013295.<\/li>\n\n\n\n<li>Franke, Ellen: Historische Kommission zu Berlin e.V., S. 281\u2013283.<\/li>\n\n\n\n<li>Neitmann, Klaus: Brandenburgische Historische Kommission e.V., S. 284\u2013287.<\/li>\n\n\n\n<li>G\u00f6se, Frank: Forschungsstelle f\u00fcr Brandenburgische Landesgeschichte beim Brandenburgischen Landeshauptarchiv Potsdam. Protokoll der 55. und 56. Zusammenkunft am 28. April und 27. Oktober 2017, S. 288\u2013291.<\/li>\n\n\n\n<li>Winkler, Kurt: Brandenburgische Gesellschaft f\u00fcr Kultur und Geschichte gGmbH \/ Haus der Brandenburgisch-Preu\u00dfischen Geschichte, S. 292\u2013295.<\/li>\n\n\n\n<li>Mitarbeiterverzeichnis, S. 296.<\/li>\n<\/ul>\n","protected":false},"excerpt":{"rendered":"","protected":false},"author":2,"featured_media":0,"parent":0,"menu_order":0,"comment_status":"closed","ping_status":"closed","template":"","meta":{"footnotes":""},"class_list":["post-1045","page","type-page","status-publish","hentry"],"_links":{"self":[{"href":"https:\/\/geschichte-brandenburg.de\/wordpress\/wp-json\/wp\/v2\/pages\/1045","targetHints":{"allow":["GET"]}}],"collection":[{"href":"https:\/\/geschichte-brandenburg.de\/wordpress\/wp-json\/wp\/v2\/pages"}],"about":[{"href":"https:\/\/geschichte-brandenburg.de\/wordpress\/wp-json\/wp\/v2\/types\/page"}],"author":[{"embeddable":true,"href":"https:\/\/geschichte-brandenburg.de\/wordpress\/wp-json\/wp\/v2\/users\/2"}],"replies":[{"embeddable":true,"href":"https:\/\/geschichte-brandenburg.de\/wordpress\/wp-json\/wp\/v2\/comments?post=1045"}],"version-history":[{"count":3,"href":"https:\/\/geschichte-brandenburg.de\/wordpress\/wp-json\/wp\/v2\/pages\/1045\/revisions"}],"predecessor-version":[{"id":3123,"href":"https:\/\/geschichte-brandenburg.de\/wordpress\/wp-json\/wp\/v2\/pages\/1045\/revisions\/3123"}],"wp:attachment":[{"href":"https:\/\/geschichte-brandenburg.de\/wordpress\/wp-json\/wp\/v2\/media?parent=1045"}],"curies":[{"name":"wp","href":"https:\/\/api.w.org\/{rel}","templated":true}]}}