{"id":1047,"date":"2020-10-11T15:55:52","date_gmt":"2020-10-11T13:55:52","guid":{"rendered":"http:\/\/geschichte-brandenburg.de\/wordpress\/?page_id=1047"},"modified":"2026-01-12T12:10:31","modified_gmt":"2026-01-12T11:10:31","slug":"68-band-2017","status":"publish","type":"page","link":"https:\/\/geschichte-brandenburg.de\/wordpress\/68-band-2017\/","title":{"rendered":"68. Band (2017)"},"content":{"rendered":"\n<p><\/p>\n\n\n\n<ul class=\"wp-block-list\">\n<li>Schich, Winfried: Die Anf\u00e4nge des Klosters Mariensee\/Chorin an zwei Standorten im Klostergebiet, S. 9\u201331.<\/li>\n\n\n\n<li>Gahlbeck, Christian: Der G\u00f6ritzer Bildersturm von 1551. Kritische Untersuchung eines Aktes des Vandalismus im konfessionellen Streit des Markgrafen Johann von K\u00fcstrin gegen das Stift Lebus, S. 33\u201372.<\/li>\n\n\n\n<li>Staats, Ines: Die J\u00fcterboger Predigerentf\u00fchrung von 1526, S. 73\u201393.<\/li>\n\n\n\n<li>Ernst, Sebastian: &#8222;Nicht ohne sondern Misfallen und Betr\u00fcbung unsers Gem\u00fcths&#8220; \u2013 Emotionen und ihre Logik in brandenburgisch-preu\u00dfischen Policeyordnungen, S. 95\u2013123.<\/li>\n\n\n\n<li>Kr\u00fcger, Rolf-Herbert: Der Brandschutz in Brandenburg-Preu\u00dfen im 18. Jahrhundert. Zum 300j\u00e4hrigen Bestehen der brandenburgisch-preu\u00dfischen Feuersoziet\u00e4ten 1718\/1719, S. 125\u2013163.<\/li>\n\n\n\n<li>Stahl, Wulfhard: Zwischen Sanssouci und Gartenhaus. Eduard Bertz, Potsdam und die Mark Brandenburg. Eine Wiederentdeckung, S. 164\u2013180.<\/li>\n\n\n\n<li>Nagel, G\u00fcnter: Erfinder, Industriemanager, j\u00fcdischer Offizier und Politiker. Das Lebenswerk des Dr. Leo L\u00f6wenstein, S. 181\u2013223.<\/li>\n\n\n\n<li>Schich, Winfried: Die historische Grundlage der Jubil\u00e4umsfeiern brandenburgischer St\u00e4dte im Jahr 2016: Von der milit\u00e4rischen zur wirtschaftlichen Erfassung des Landes, S. 225\u2013234.<\/li>\n\n\n\n<li>Buchbesprechungen, S. 235\u2013289.<\/li>\n\n\n\n<li><a href=\"https:\/\/geschichte-brandenburg.de\/wordpress\/wp-content\/uploads\/2026\/01\/jblg_68_Bibliographie.pdf\" data-type=\"attachment\" data-id=\"3115\">Neuerscheinungen aus den Jahren 2017\/2016\/2015 (Bibliographie \u201e68\u201c)<\/a>. Bearb. von Dorothee Ge\u00dfner unter Mitarbeit von Peter Bahl, S. 291\u2013316.<\/li>\n\n\n\n<li>Berichte, S. 317\u2013346.<\/li>\n\n\n\n<li>Bahl, Peter: Werner Vogel (1930\u20132016) [Nachruf], S. 317\u2013320.<\/li>\n\n\n\n<li>Verzeichnis der Ver\u00f6ffentlichungen von Werner Vogel 1991\u20132016. Bearb. von Peter Bahl, S. 321\u2013327.<\/li>\n\n\n\n<li><a href=\"https:\/\/geschichte-brandenburg.de\/wordpress\/wp-content\/uploads\/2026\/01\/jblg_68_Bericht_Bahl.pdf\" data-type=\"attachment\" data-id=\"3114\">Bahl, Peter: T\u00e4tigkeitsbericht der Landesgeschichtlichen Vereinigung f\u00fcr die Mark Brandenburg e.V. f\u00fcr das Jahr 2016<\/a>, S. 328\u2013331.<\/li>\n\n\n\n<li>T\u00e4tigkeitsberichte Landesgeschichtlicher Kommissionen und Institutionen f\u00fcr das Jahr 2016, S. 332\u2013346.<\/li>\n\n\n\n<li>Franke, Ellen: Historische Kommission zu Berlin e.V., S. 332\u2013334.<\/li>\n\n\n\n<li>Neitmann, Klaus: Brandenburgische Historische Kommission e.V., S. 334\u2013338.<\/li>\n\n\n\n<li>G\u00f6se, Frank: Forschungsstelle f\u00fcr Brandenburgische Landesgeschichte beim Brandenburgischen Landeshauptarchiv Potsdam. Protokoll der 53. und 54. Zusammenkunft am 22. April und 28. Oktober 2016, S. 338\u2013342.<\/li>\n\n\n\n<li>Winkler, Kurt: Brandenburgische Gesellschaft f\u00fcr Kultur und Geschichte gGmbH \/ Haus der Brandenburgisch-Preu\u00dfischen Geschichte, S. 342\u2013346.<\/li>\n\n\n\n<li>Mitarbeiterverzeichnis, S. 347\u2013348.<\/li>\n<\/ul>\n","protected":false},"excerpt":{"rendered":"","protected":false},"author":2,"featured_media":0,"parent":0,"menu_order":0,"comment_status":"closed","ping_status":"closed","template":"","meta":{"footnotes":""},"class_list":["post-1047","page","type-page","status-publish","hentry"],"_links":{"self":[{"href":"https:\/\/geschichte-brandenburg.de\/wordpress\/wp-json\/wp\/v2\/pages\/1047","targetHints":{"allow":["GET"]}}],"collection":[{"href":"https:\/\/geschichte-brandenburg.de\/wordpress\/wp-json\/wp\/v2\/pages"}],"about":[{"href":"https:\/\/geschichte-brandenburg.de\/wordpress\/wp-json\/wp\/v2\/types\/page"}],"author":[{"embeddable":true,"href":"https:\/\/geschichte-brandenburg.de\/wordpress\/wp-json\/wp\/v2\/users\/2"}],"replies":[{"embeddable":true,"href":"https:\/\/geschichte-brandenburg.de\/wordpress\/wp-json\/wp\/v2\/comments?post=1047"}],"version-history":[{"count":3,"href":"https:\/\/geschichte-brandenburg.de\/wordpress\/wp-json\/wp\/v2\/pages\/1047\/revisions"}],"predecessor-version":[{"id":3124,"href":"https:\/\/geschichte-brandenburg.de\/wordpress\/wp-json\/wp\/v2\/pages\/1047\/revisions\/3124"}],"wp:attachment":[{"href":"https:\/\/geschichte-brandenburg.de\/wordpress\/wp-json\/wp\/v2\/media?parent=1047"}],"curies":[{"name":"wp","href":"https:\/\/api.w.org\/{rel}","templated":true}]}}