{"id":1049,"date":"2020-10-11T15:56:17","date_gmt":"2020-10-11T13:56:17","guid":{"rendered":"http:\/\/geschichte-brandenburg.de\/wordpress\/?page_id=1049"},"modified":"2020-10-11T16:22:16","modified_gmt":"2020-10-11T14:22:16","slug":"67-band-2016","status":"publish","type":"page","link":"https:\/\/geschichte-brandenburg.de\/wordpress\/67-band-2016\/","title":{"rendered":"67. Band (2016)"},"content":{"rendered":"\n<p><\/p>\n\n\n\n<ul class=\"wp-block-list\"><li>Stellmacher, Andr\u00e9: Alte und neue \u00dcberlegungen zur Herrschaftsbildung der Grafen von Arnstein im Land Ruppin, S. 9\u201326.<\/li><li>Schich, Winfried: Die Gr\u00fcndung des Franziskanerklosters in Prenzlau und die Situation des Klostergrundst\u00fccks am Rand der Stadt im 13. und 14. Jahrhundert, S. 27\u201345.<\/li><li>Bergstedt, Clemens: Untersuchungen zum Entstehungsprozess der Aufzeichnungen des Engelbert Wusterwitz, S. 47\u201373.<\/li><li>G\u00f6se, Frank: Der &#8222;zweite Mann im Staat&#8220;. 400 Jahre Otto von Schwerin, S. 75\u201389.<\/li><li>Schnabel, Werner Wilhelm: Johann Wilhelm Bergius (1713\u20131765) und die Berliner Fr\u00fchaufkl\u00e4rung. Personale Konstellationen in Zeiten kulturellen Horizontwandels, S. 91\u2013142.<\/li><li>Kr\u00fcger, Rolf-Herbert: Die Kontroversen zwischen Friedrich II. von Preu\u00dfen und seinem Oberbaudirektor Diterichs, S. 143\u2013161.<\/li><li>Yamazaki, Akira: Die Gutsherrschaft Friedersdorf und die Melioration des Oderbruchs, S. 163\u2013184.<\/li><li>B\u00f6rsch-Supan, Eva: Die &#8222;Fabbrica&#8220; als Herrensitz. Schinkel, Wladimir Dawydow, Friedrich Wilhelm IV. und ein Projekt im &#8222;Italienischen Villenstil&#8220;, S. 185\u2013195.<\/li><li>Nagel, G\u00fcnter: Zur Entstehung des Milit\u00e4rkomplexes Kummersdorf \u2013 Rehagen \u2013 Klausdorf \u2013 Sperenberg, S. 197\u2013214.<\/li><li>Kuczer, Jaros\u0142aw: Zur Besitzgeschichte der Niederlausitzer Standesherrschaft Sorau vom 13. bis 18. Jahrhundert, S. 215\u2013221.<\/li><li>Henning, Eckart: Freitod in Dahlem (1915). Unver\u00f6ffentlichte Briefe von Edith Hahn und Lise Meitner \u00fcber Dr. Clara Haber geb. Immerwahr, S. 222\u2013237.<\/li><li>Buchbesprechungen, S. 239\u2013274.<\/li><li>Neuerscheinungen aus den Jahren 2016\/2015\/2014 (Bibliographie \u201e67\u201c). Bearb. von Dorothee Ge\u00dfner unter Mitarbeit von Peter Bahl, S. 275\u2013300.<\/li><li>Berichte, S. 301\u2013327.<\/li><li>Bahl, Peter: Laudatio auf das Korrespondierende Mitglied Torsten Foelsch. Gehalten am 7. Januar 2016, S. 301\u2013302.<\/li><li>Bahl, Peter: T\u00e4tigkeitsbericht der Landesgeschichtlichen Vereinigung f\u00fcr die Mark Brandenburg e.V. f\u00fcr das Jahr 2015, S. 303\u2013307.<\/li><li>T\u00e4tigkeitsberichte Landesgeschichtlicher Kommissionen und Institutionen f\u00fcr das Jahr 2015, S. 308\u2013325.<\/li><li>Franke, Ellen: Historische Kommission zu Berlin e.V., S. 308\u2013310.<\/li><li>Neitmann, Klaus: Brandenburgische Historische Kommission e.V., S. 310\u2013313.<\/li><li>G\u00f6se, Frank: Forschungsstelle f\u00fcr Brandenburgische Landesgeschichte beim Brandenburgischen Landeshauptarchiv Potsdam. Protokoll der 51. und 52. Zusammenkunft am 8. Mai und 23. Oktober 2015, S. 313\u2013322.<\/li><li>Winkler, Kurt: Brandenburgische Gesellschaft f\u00fcr Kultur und Geschichte gGmbH \/ Haus der Brandenburgisch-Preu\u00dfischen Geschichte, S. 322\u2013325.<\/li><li>Bahl, Peter: Ansprache in der Trauerfeier f\u00fcr Prof. Dr. Werner Vogel am 13. Dezember 3016 in Berlin-Wittenau, S. 326\u2013327.<\/li><li>Mitarbeiterverzeichnis, S. 328.<\/li><\/ul>\n","protected":false},"excerpt":{"rendered":"<p>Stellmacher, Andr\u00e9: Alte und neue \u00dcberlegungen zur Herrschaftsbildung der Grafen von Arnstein im Land Ruppin, S. 9\u201326. Schich, Winfried: Die Gr\u00fcndung des Franziskanerklosters in Prenzlau und die Situation des Klostergrundst\u00fccks [&hellip;]<\/p>\n","protected":false},"author":2,"featured_media":0,"parent":0,"menu_order":0,"comment_status":"closed","ping_status":"closed","template":"","meta":{"footnotes":""},"class_list":["post-1049","page","type-page","status-publish","hentry"],"_links":{"self":[{"href":"https:\/\/geschichte-brandenburg.de\/wordpress\/wp-json\/wp\/v2\/pages\/1049","targetHints":{"allow":["GET"]}}],"collection":[{"href":"https:\/\/geschichte-brandenburg.de\/wordpress\/wp-json\/wp\/v2\/pages"}],"about":[{"href":"https:\/\/geschichte-brandenburg.de\/wordpress\/wp-json\/wp\/v2\/types\/page"}],"author":[{"embeddable":true,"href":"https:\/\/geschichte-brandenburg.de\/wordpress\/wp-json\/wp\/v2\/users\/2"}],"replies":[{"embeddable":true,"href":"https:\/\/geschichte-brandenburg.de\/wordpress\/wp-json\/wp\/v2\/comments?post=1049"}],"version-history":[{"count":2,"href":"https:\/\/geschichte-brandenburg.de\/wordpress\/wp-json\/wp\/v2\/pages\/1049\/revisions"}],"predecessor-version":[{"id":1059,"href":"https:\/\/geschichte-brandenburg.de\/wordpress\/wp-json\/wp\/v2\/pages\/1049\/revisions\/1059"}],"wp:attachment":[{"href":"https:\/\/geschichte-brandenburg.de\/wordpress\/wp-json\/wp\/v2\/media?parent=1049"}],"curies":[{"name":"wp","href":"https:\/\/api.w.org\/{rel}","templated":true}]}}