{"id":1051,"date":"2020-10-11T15:56:30","date_gmt":"2020-10-11T13:56:30","guid":{"rendered":"http:\/\/geschichte-brandenburg.de\/wordpress\/?page_id=1051"},"modified":"2020-10-11T16:26:46","modified_gmt":"2020-10-11T14:26:46","slug":"66-band-2015","status":"publish","type":"page","link":"https:\/\/geschichte-brandenburg.de\/wordpress\/66-band-2015\/","title":{"rendered":"66. Band (2015)"},"content":{"rendered":"\n<p><\/p>\n\n\n\n<ul class=\"wp-block-list\"><li>Menzel, Michael: Der Wendenkreuzzug und die s\u00e4chsischen F\u00fcrsten, S. 9\u201328.<\/li><li>Biermann, Felix\/Krauskopf, Christoph: Sp\u00e4tmittelalterliche Siegelstempel aus der Uckermark, S. 29\u201351.<\/li><li>Wochnik, Fritz: Hinrich Brunsbergs Au\u00dfenwandgestaltung im Sakralbau (Teil II), S. 53\u201373.<\/li><li>Huth, Mario: Die von Trott auf Himmelpfordt, Badingen und Ribbeck. Betrachtungen zur fr\u00fchen Entwicklung eines m\u00e4rkischen Landadelsgeschlechts unter Ber\u00fccksichtigung reichs-, territorial- und regionalgeschichtlicher Bez\u00fcge, S. 75\u2013109.<\/li><li>Kraft, Alexander: Vom Z\u00fcllichauer Waisenjungen zum K\u00f6niglich-Preu\u00dfischen Hofapotheker in Berlin \u2013 Die erstaunliche Lebensgeschichte des Caspar Neumann (1683\u20131737), S. 111\u2013141.<\/li><li>Blumert, Norbert: Jagdschlo\u00df Stern. Mittelpunkt einer symmetrischen Pavillon-Anlage im Parforce-Garten (1726\u201334) K\u00f6nig Friedrich Wilhelms I., S. 143\u2013161.<\/li><li>Fischer, Hubertus: Befreiungskriege: Konservative Erinnerungspolitik in Berlin und Umgebung im Jubil\u00e4umsjahr 1863 mit einem R\u00fcckblick auf 1848\/49, S. 163\u2013184.<\/li><li>Schnatz, Michael: Die Militarisierung der deutschen Jugend im Regierungsbezirk Potsdam \u2013 Die Jugendkompanien 1914\u20131918, S. 185\u2013210.<\/li><li>Bankmann, Karl: Geschichte und Entwicklung der Siedlungen rund um den Gro\u00df Glienicker See 1927\u20131945, S. 211\u2013230.<\/li><li>Melsheimer, Klaus: Die Verhandlungen und die Vereinbarung \u00fcber den Ausbau der Spandauer Schleuse zwischen dem Senat von Berlin (West) und der DDR und der Neubau nach der Wiedervereinigung. Die wechselvolle Geschichte eines Gro\u00dfprojektes (Teil II), S. 231\u2013249.<\/li><li>Schich, Winfried: Das Privileg Erzbischof Wichmanns von Magdeburg von 1174 f\u00fcr J\u00fcterbog. Bemerkungen zur \u00dcberlieferung und zur Zeugenliste, S. 251\u2013259.<\/li><li>Buchbesprechungen, S. 260\u2013289.<\/li><li>Neuerscheinungen aus den Jahren 2015\/2014\/2013 (Bibliographie \u201e66\u201c). Bearb. von Dorothee Ge\u00dfner unter Mitarbeit von Peter Bahl, S. 290\u2013318.<\/li><li>Berichte, S. 319\u2013335.<\/li><li>Bahl, Peter: T\u00e4tigkeitsbericht der Landesgeschichtlichen Vereinigung f\u00fcr die Mark Brandenburg e.V. f\u00fcr das Jahr 2014, S. 319\u2013322.<\/li><li>T\u00e4tigkeitsberichte Landesgeschichtlicher Kommissionen und Institutionen f\u00fcr das Jahr 2014, S. 323\u2013335.<\/li><li>Franke, Ellen: Historische Kommission zu Berlin e.V., S. 323\u2013325.<\/li><li>Neitmann, Klaus: Brandenburgische Historische Kommission e.V., S. 325\u2013329.<\/li><li>G\u00f6se, Frank: Forschungsstelle f\u00fcr Brandenburgische Landesgeschichte beim Brandenburgischen Landeshauptarchiv. Protokoll der 49. und 50. Zusammenkunft am 25. April und 21. November 2014, S. 329\u2013335.<\/li><li>Winkler, Kurt: Brandenburgische Gesellschaft f\u00fcr Kultur und Geschichte gGmbH \/ Haus der Brandenburgisch-Preu\u00dfischen Geschichte, Potsdam, S. 333\u2013335.<\/li><li>Mitarbeiterverzeichnis, S. 336.<\/li><\/ul>\n","protected":false},"excerpt":{"rendered":"<p>Menzel, Michael: Der Wendenkreuzzug und die s\u00e4chsischen F\u00fcrsten, S. 9\u201328. Biermann, Felix\/Krauskopf, Christoph: Sp\u00e4tmittelalterliche Siegelstempel aus der Uckermark, S. 29\u201351. Wochnik, Fritz: Hinrich Brunsbergs Au\u00dfenwandgestaltung im Sakralbau (Teil II), S. [&hellip;]<\/p>\n","protected":false},"author":2,"featured_media":0,"parent":0,"menu_order":0,"comment_status":"closed","ping_status":"closed","template":"","meta":{"footnotes":""},"class_list":["post-1051","page","type-page","status-publish","hentry"],"_links":{"self":[{"href":"https:\/\/geschichte-brandenburg.de\/wordpress\/wp-json\/wp\/v2\/pages\/1051","targetHints":{"allow":["GET"]}}],"collection":[{"href":"https:\/\/geschichte-brandenburg.de\/wordpress\/wp-json\/wp\/v2\/pages"}],"about":[{"href":"https:\/\/geschichte-brandenburg.de\/wordpress\/wp-json\/wp\/v2\/types\/page"}],"author":[{"embeddable":true,"href":"https:\/\/geschichte-brandenburg.de\/wordpress\/wp-json\/wp\/v2\/users\/2"}],"replies":[{"embeddable":true,"href":"https:\/\/geschichte-brandenburg.de\/wordpress\/wp-json\/wp\/v2\/comments?post=1051"}],"version-history":[{"count":2,"href":"https:\/\/geschichte-brandenburg.de\/wordpress\/wp-json\/wp\/v2\/pages\/1051\/revisions"}],"predecessor-version":[{"id":1061,"href":"https:\/\/geschichte-brandenburg.de\/wordpress\/wp-json\/wp\/v2\/pages\/1051\/revisions\/1061"}],"wp:attachment":[{"href":"https:\/\/geschichte-brandenburg.de\/wordpress\/wp-json\/wp\/v2\/media?parent=1051"}],"curies":[{"name":"wp","href":"https:\/\/api.w.org\/{rel}","templated":true}]}}