{"id":1053,"date":"2020-10-11T15:56:47","date_gmt":"2020-10-11T13:56:47","guid":{"rendered":"http:\/\/geschichte-brandenburg.de\/wordpress\/?page_id=1053"},"modified":"2020-10-14T13:24:38","modified_gmt":"2020-10-14T11:24:38","slug":"65-band-2014","status":"publish","type":"page","link":"https:\/\/geschichte-brandenburg.de\/wordpress\/65-band-2014\/","title":{"rendered":"65. Band (2014)"},"content":{"rendered":"\n<ul class=\"wp-block-list\"><li>Michas, Uwe: Burgen und Befestigungen in Barnim und Nordteltow im Hoch- und Sp\u00e4tmittelalter, S. 9\u201329.<\/li><li>Wochnik, Fritz: Hinrich Brunsbergs Au\u00dfenwandgestaltung im Sakralbau (Teil I), S. 31\u201349.<\/li><li>Schumann, Dirk: Von der Burg zum Schlo\u00df. Die Baugeschichte des Schlosses K\u00f6penick im 15. und 16. Jahrhundert, S. 51\u201374.<\/li><li>Senft, Anja: Aufstiegsstrategien im Umfeld der Familie von Platen. Mobilit\u00e4t und Stabilisierung von Landbesitz in der Fr\u00fchen Neuzeit, S. 75\u201388.<\/li><li>Leibetseder, Mathis: R\u00e4te und liebe getreue. Zur Frage nach dem politischen Kern der brandenburgischen Hof- und Landesverwaltung zu Beginn des 16. Jahrhunderts, S. 89\u2013115.<\/li><li>Kr\u00fcger, Rolf-Herbert: Die Berliner Baukommission im 17. und 18. Jahrhundert, S. 117\u2013138.<\/li><li>Toussaint, Jeannette: Vom Biophon-Theater zum UCI. Die Geschichte der Potsdamer Kinos, S. 139\u2013158.<\/li><li>Melsheimer, Klaus: Die Verhandlungen und die Vereinbarung \u00fcber den Ausbau der Spandauer Schleuse zwischen dem Senat von Berlin (West) und der DDR und der Neubau nach der Wiedervereinigung. Die wechselvolle Geschichte eines Gro\u00dfprojektes (Teil I), S. 159\u2013177.<\/li><li>Heimann, Heinz-Dieter: Wie aktuell ist Ordensforschung? Zum Erscheinen des deutsch-polnischen Tagungsbandes &#8222;Regionalit\u00e4t und Transfergeschichte \u2013 Ritterordens-Kommenden der Templer und Johanniter im nord\u00f6stlichen Deutschland und in Polen&#8220;, S. 179\u2013183.<\/li><li>Kn\u00fcvener, Peter: Der Blick von au\u00dfen. M\u00e4rkische Kunstwerke des Mittelalters in der \u00fcberregionalen und internationalen Forschung, S. 185\u2013201.<\/li><li>Stahl, Wulfhard: Ein stillvergn\u00fcgter B\u00fccherwurm. Eduard Bertz in seinen Briefen an Hans Brendicke, 1889 bis 1894, S. 202\u2013213.<\/li><li>B\u00f6rsch-Supan, Helmut: Drei\u00dfig Jahre &#8222;Freunde der Preu\u00dfischen Schl\u00f6sser und G\u00e4rten&#8220;. Anmerkungen zu einer Festschrift, S. 215\u2013224.<\/li><li>Buchbesprechungen, S. 225\u2013270.<\/li><li>Neuerscheinungen aus den Jahren 2014\/2013\/2012 (Bibliographie \u201e65\u201c). Bearb. von Dorothee Ge\u00dfner unter Mitarbeit von Peter Bahl, S. 271\u2013300.<\/li><li>Berichte, S. 301\u2013323.<\/li><li>Bahl, Peter: T\u00e4tigkeitsbericht der Landesgeschichtlichen Vereinigung f\u00fcr die Mark Brandenburg e.V. f\u00fcr das Jahr 2013, S. 301\u2013304.<\/li><li>Bahl, Peter: Nachruf auf Lorenz Beck (1969\u20132013), S. 304\u2013308.<\/li><li>Verleihung der Ehrenmitgliedschaft an Eva und Helmut B\u00f6rsch-Supan, S. 308\u2013311: Berndt, Iris: Laudatio (S. 308\u2013311); B\u00f6rsch-Supan, Helmut: Dankesworte (S. 311).<\/li><li>T\u00e4tigkeitsberichte Landesgeschichtlicher Kommissionen und Institutionen f\u00fcr das Jahr 2013, S. 312\u2013323.<\/li><li>Franke, Ellen: Historische Kommission zu Berlin e.V., S. 312\u2013314 [Bericht f\u00fcr 2014!].<\/li><li>Neitmann, Klaus: Brandenburgische Historische Kommission e.V., S. 314\u2013317.<\/li><li>G\u00f6se, Frank: Forschungsstelle f\u00fcr Brandenburgische Landesgeschichte beim Brandenburgischen Landeshauptarchiv. Protokoll der 47. und 48. Zusammenkunft am 26. April und 25. Oktober 2013, S. 317\u2013323.<\/li><li>Mitarbeiterverzeichnis, S. 324.<\/li><\/ul>\n","protected":false},"excerpt":{"rendered":"<p>Michas, Uwe: Burgen und Befestigungen in Barnim und Nordteltow im Hoch- und Sp\u00e4tmittelalter, S. 9\u201329. Wochnik, Fritz: Hinrich Brunsbergs Au\u00dfenwandgestaltung im Sakralbau (Teil I), S. 31\u201349. Schumann, Dirk: Von der [&hellip;]<\/p>\n","protected":false},"author":2,"featured_media":0,"parent":0,"menu_order":0,"comment_status":"closed","ping_status":"closed","template":"","meta":{"footnotes":""},"class_list":["post-1053","page","type-page","status-publish","hentry"],"_links":{"self":[{"href":"https:\/\/geschichte-brandenburg.de\/wordpress\/wp-json\/wp\/v2\/pages\/1053","targetHints":{"allow":["GET"]}}],"collection":[{"href":"https:\/\/geschichte-brandenburg.de\/wordpress\/wp-json\/wp\/v2\/pages"}],"about":[{"href":"https:\/\/geschichte-brandenburg.de\/wordpress\/wp-json\/wp\/v2\/types\/page"}],"author":[{"embeddable":true,"href":"https:\/\/geschichte-brandenburg.de\/wordpress\/wp-json\/wp\/v2\/users\/2"}],"replies":[{"embeddable":true,"href":"https:\/\/geschichte-brandenburg.de\/wordpress\/wp-json\/wp\/v2\/comments?post=1053"}],"version-history":[{"count":4,"href":"https:\/\/geschichte-brandenburg.de\/wordpress\/wp-json\/wp\/v2\/pages\/1053\/revisions"}],"predecessor-version":[{"id":1150,"href":"https:\/\/geschichte-brandenburg.de\/wordpress\/wp-json\/wp\/v2\/pages\/1053\/revisions\/1150"}],"wp:attachment":[{"href":"https:\/\/geschichte-brandenburg.de\/wordpress\/wp-json\/wp\/v2\/media?parent=1053"}],"curies":[{"name":"wp","href":"https:\/\/api.w.org\/{rel}","templated":true}]}}