{"id":1068,"date":"2020-10-11T16:47:44","date_gmt":"2020-10-11T14:47:44","guid":{"rendered":"http:\/\/geschichte-brandenburg.de\/wordpress\/?page_id=1068"},"modified":"2020-10-11T19:14:52","modified_gmt":"2020-10-11T17:14:52","slug":"mb_2019_2","status":"publish","type":"page","link":"https:\/\/geschichte-brandenburg.de\/wordpress\/mb_2019_2\/","title":{"rendered":"mb_2019_2"},"content":{"rendered":"\n<h1 class=\"wp-block-heading\">120. Jahrgang (2019), Heft 2<\/h1>\n\n\n\n<ul class=\"wp-block-list\"><li><strong>Themenheft Potsdam<\/strong><\/li><li>Inhaltsverzeichnis, Anschriften der Mitarbeiter, Impressum, S. 70.<\/li><li>R\u00fcckling, Stefan: Kruzifix und Leuchter im Rathaus. Die Potsdamer deutschkatholische Gemeinde, S. 71\u201378.<\/li><li>Kirchner, Christhard: Der Potsdamer Orgelbauer und Instrumentenmacher Johann Carl Hinneberg (1767\u20131841), S. 79\u201384.<\/li><li>Kalesse, Andreas: Friedrich Mielke (1921\u20132018) \u2013 eine pers\u00f6nliche Betrachtung, S. 85\u201392.<\/li><li>Buchbesprechungen, S. 92.<\/li><li>Kurzberichte, S. 93\u201398.<ul><li>Bahl, Peter: Brandenburgische Historische Kommission [Mitgliederversammlung], S. 93.<\/li><li>Bahl, Peter: Historische Kommission f\u00fcr Sachsen-Anhalt [Mitgliedervollversammlung], S. 93.<\/li><li>Bahl, Peter: Historische Kommission zu Berlin [Jahresmitgliederversammlung], S. 93.<\/li><li>Berndt, Iris: Sonderausstellung m Potsdam Museum: Geschichten aus Potsdam und Babelsberg 1914\u20131945, S. 94\u201396.<\/li><li>Freitag, Thomas: Frisch rasiert zum Parteitag \u2013 eine Geschichte aus Potsdam [Herms Niel], S. 96\u201398.<\/li><\/ul><\/li><li>Aus dem Leben der Vereinigung, S. 99\u2013138.<ul><li>Zache, Ingrid \/ Bahl, Peter: Bericht \u00fcber die Jahresmitgliederversammlung, S. 99\u2013104.<\/li><li>Verleihung der Fontane-Plakette an Professor Dr. Hubertus Fischer, S. 105\u2013113.<\/li><li>Weiduschat, Gerhard: Laudatio, S. 105\u2013110.<\/li><li>Fischer, Hubertus: Dankesworte von Hubertus Fischer, S. 110\u2013113.<\/li><li>Bahl, Peter: Neuer Jahrbuch-Schriftleiter Dr. Felix Engel, S. 113\u2013114.<\/li><li>Personalia aus dem Mitgliederkreis, S. 114\u2013116.<\/li><li>Neuaufnahmen, S. 116.<\/li><li>Todesf\u00e4lle, S. 116.<\/li><li>Mitgliedsjubil\u00e4en, S. 116.<\/li><li>Berndt, Iris: Nachruf auf Dr. Gunther Nisch, S. 117&#8211;118.<\/li><li>Exkursionsberichte, S. 118\u2013130.<\/li><li>Behrendt, Gertraud: Besuch des Dendrolabors im Deutschen Arch\u00e4ologischen Institut, S. 118\u2013119.<\/li><li>Kleist, Bernd: W\u00fcstungen und taut-H\u00e4user im Norden Zehlendorfs \u2013 die 134. Weihnachtswanderung, S. 119&#8211;121.<\/li><li>Raveaux, Thomas: &#8222;Besuch&#8220; beim Dichterpfarrer Schmidt von Werneuchen \u2013 nicht nur ein Exkursionsbericht, S. 122\u2013130.<\/li><li>Veranstaltungsprogramm, S. 131\u2013137.<\/li><li>Schriften der Landesgeschichtlichen Vereinigung f\u00fcr die Mark Brandenburg, Neue Folge [\u00dcbersicht \u00fcber die erschienenen B\u00e4nde], S. 138.<\/li><\/ul><\/li><li>Organigramm und Adressen, S. 140.<\/li><\/ul>\n","protected":false},"excerpt":{"rendered":"<p>120. Jahrgang (2019), Heft 2 Themenheft Potsdam Inhaltsverzeichnis, Anschriften der Mitarbeiter, Impressum, S. 70. R\u00fcckling, Stefan: Kruzifix und Leuchter im Rathaus. Die Potsdamer deutschkatholische Gemeinde, S. 71\u201378. Kirchner, Christhard: Der [&hellip;]<\/p>\n","protected":false},"author":2,"featured_media":0,"parent":0,"menu_order":0,"comment_status":"closed","ping_status":"closed","template":"","meta":{"footnotes":""},"class_list":["post-1068","page","type-page","status-publish","hentry"],"_links":{"self":[{"href":"https:\/\/geschichte-brandenburg.de\/wordpress\/wp-json\/wp\/v2\/pages\/1068","targetHints":{"allow":["GET"]}}],"collection":[{"href":"https:\/\/geschichte-brandenburg.de\/wordpress\/wp-json\/wp\/v2\/pages"}],"about":[{"href":"https:\/\/geschichte-brandenburg.de\/wordpress\/wp-json\/wp\/v2\/types\/page"}],"author":[{"embeddable":true,"href":"https:\/\/geschichte-brandenburg.de\/wordpress\/wp-json\/wp\/v2\/users\/2"}],"replies":[{"embeddable":true,"href":"https:\/\/geschichte-brandenburg.de\/wordpress\/wp-json\/wp\/v2\/comments?post=1068"}],"version-history":[{"count":6,"href":"https:\/\/geschichte-brandenburg.de\/wordpress\/wp-json\/wp\/v2\/pages\/1068\/revisions"}],"predecessor-version":[{"id":1100,"href":"https:\/\/geschichte-brandenburg.de\/wordpress\/wp-json\/wp\/v2\/pages\/1068\/revisions\/1100"}],"wp:attachment":[{"href":"https:\/\/geschichte-brandenburg.de\/wordpress\/wp-json\/wp\/v2\/media?parent=1068"}],"curies":[{"name":"wp","href":"https:\/\/api.w.org\/{rel}","templated":true}]}}