{"id":1143,"date":"2020-10-14T12:50:47","date_gmt":"2020-10-14T10:50:47","guid":{"rendered":"http:\/\/geschichte-brandenburg.de\/wordpress\/?page_id=1143"},"modified":"2026-01-12T12:14:45","modified_gmt":"2026-01-12T11:14:45","slug":"64-band-2013","status":"publish","type":"page","link":"https:\/\/geschichte-brandenburg.de\/wordpress\/64-band-2013\/","title":{"rendered":"64. Band (2013)"},"content":{"rendered":"\n<ul class=\"wp-block-list\">\n<li>Hengst, Karlheinz: Potsdam \u2013 &#8222;der Zugang&#8220;. Der Name der Hauptstadt des Landes Brandenburg aus heutiger sprachgeschichtlicher Sicht, S. 9\u201328.<\/li>\n\n\n\n<li>Strohmaier-Wiederanders, Gerlinde: Historische Situation und ikonographische Zusammenh\u00e4nge des Hedwigsaltars in der Brandenburger St.-Katharinen-Kirche, S. 29\u201336.<\/li>\n\n\n\n<li>Kr\u00fcger, Rolf-Herbert: Das Bauwesen in Brandenburg-Preu\u00dfen im 18. Jahrhundert. Geschichte der ersten zivilen Bauverwaltung, S. 37\u201358.<\/li>\n\n\n\n<li>Engel, Felix: Adolph Friedrich Johann Riedel. Historiograph der brandenburgischen Geschichte oder Historiograph der Hohenzollern?, S. 59\u201384.<\/li>\n\n\n\n<li>Barke, Irina\/K\u00f6nig, Juliane: Das Rittergut der Familie von Ribbeck im Havelland, S. 85\u2013105.<\/li>\n\n\n\n<li>Seliger, Anja: Mittelalterliches Chorgest\u00fchl im protestantischen Kirchenraum. Die Geschichte einer Aneignung unter besonderer Ber\u00fccksichtigung der fr\u00fchen preu\u00dfischen Denkmalpflege, S. 107\u2013129.<\/li>\n\n\n\n<li>Horlitz, Manfred: Bibliophile Fontane-Editionen zwischen 1899 und 2000,  S. 131\u2013140.<\/li>\n\n\n\n<li>Bl\u00f6\u00df, Wolfgang: Statusfragen in Zeiten politischer Umw\u00e4lzung. Streit um den Sitz von Kreisverwaltungen in Brandenburg 1945 bis 1950, S. 141\u2013157.<\/li>\n\n\n\n<li>Kloosterhuis, J\u00fcrgen: Pater Bruns. Von Potsdam ins Paradies. Vortrag zur Buchvorstellung von Raymundus Bruns: Erinnerungen an katholisches Ordensleben und Milit\u00e4rseelsorge in Preu\u00dfen im 18. Jahrhundert, S. 159\u2013164.<\/li>\n\n\n\n<li>Buchbesprechungen, S. 159\u2013241.<\/li>\n\n\n\n<li><a href=\"https:\/\/geschichte-brandenburg.de\/wordpress\/wp-content\/uploads\/2026\/01\/Jb_brandenburg_64_bibliographie.pdf\" data-type=\"attachment\" data-id=\"3116\">Neuerscheinungen aus den Jahren 2013\/2012\/2011 (Bibliographie \u201e64\u201c)<\/a>. Bearb. von Dorothee Ge\u00dfner unter Mitarbeit von Peter Bahl, S. 243\u2013270.<\/li>\n\n\n\n<li>Berichte, S. 271\u2013287.<\/li>\n\n\n\n<li><a href=\"https:\/\/geschichte-brandenburg.de\/wordpress\/wp-content\/uploads\/2026\/01\/Jb_brandenburg_64_bahl.pdf\" data-type=\"attachment\" data-id=\"3117\">Bahl, Peter: T\u00e4tigkeitsbericht der Landesgeschichtlichen Vereinigung f\u00fcr die Mark Brandenburg e.V. f\u00fcr das Jahr 2012<\/a>, S. 271\u2013273.<\/li>\n\n\n\n<li>T\u00e4tigkeitsberichte Landesgeschichtlicher Kommissionen und Institutionen f\u00fcr das Jahr 2011, S. 274\u2013287.<\/li>\n\n\n\n<li>Baudisch, Rosemarie: Historische Kommission zu Berlin e.V., S. 274\u2013277.<\/li>\n\n\n\n<li>Neitmann, Klaus: Brandenburgische Historische Kommission e.V., S. 277\u2013280.<\/li>\n\n\n\n<li>G\u00f6se, Frank: Forschungsstelle f\u00fcr Brandenburgische Landesgeschichte beim Brandenburgischen Landeshauptarchiv. Protokoll der 45. und 46. Zusammenkunft am 20. April und 26. Oktober 2012, S. 280\u2013284.<\/li>\n\n\n\n<li>Winkler, Kurt: Haus der Brandenburgisch-Preu\u00dfischen Geschichte, S. 285\u2013287.<\/li>\n\n\n\n<li><a href=\"https:\/\/geschichte-brandenburg.de\/wordpress\/wp-content\/uploads\/2026\/01\/Jb_brandenburg_64_beck.pdf\" data-type=\"attachment\" data-id=\"3127\">Bahl, Peter: Ansprache bei der Trauerfeier f\u00fcr Dr. Lorenz Beck am 3. Januar 2014 in Potsdam-Bornstedt<\/a>, S. 289\u2013290.<\/li>\n\n\n\n<li>Mitarbeiterverzeichnis, S. 291\u2013292.<\/li>\n<\/ul>\n","protected":false},"excerpt":{"rendered":"","protected":false},"author":4,"featured_media":0,"parent":0,"menu_order":0,"comment_status":"closed","ping_status":"closed","template":"","meta":{"footnotes":""},"class_list":["post-1143","page","type-page","status-publish","hentry"],"_links":{"self":[{"href":"https:\/\/geschichte-brandenburg.de\/wordpress\/wp-json\/wp\/v2\/pages\/1143","targetHints":{"allow":["GET"]}}],"collection":[{"href":"https:\/\/geschichte-brandenburg.de\/wordpress\/wp-json\/wp\/v2\/pages"}],"about":[{"href":"https:\/\/geschichte-brandenburg.de\/wordpress\/wp-json\/wp\/v2\/types\/page"}],"author":[{"embeddable":true,"href":"https:\/\/geschichte-brandenburg.de\/wordpress\/wp-json\/wp\/v2\/users\/4"}],"replies":[{"embeddable":true,"href":"https:\/\/geschichte-brandenburg.de\/wordpress\/wp-json\/wp\/v2\/comments?post=1143"}],"version-history":[{"count":4,"href":"https:\/\/geschichte-brandenburg.de\/wordpress\/wp-json\/wp\/v2\/pages\/1143\/revisions"}],"predecessor-version":[{"id":3128,"href":"https:\/\/geschichte-brandenburg.de\/wordpress\/wp-json\/wp\/v2\/pages\/1143\/revisions\/3128"}],"wp:attachment":[{"href":"https:\/\/geschichte-brandenburg.de\/wordpress\/wp-json\/wp\/v2\/media?parent=1143"}],"curies":[{"name":"wp","href":"https:\/\/api.w.org\/{rel}","templated":true}]}}