{"id":1154,"date":"2020-10-14T13:57:55","date_gmt":"2020-10-14T11:57:55","guid":{"rendered":"http:\/\/geschichte-brandenburg.de\/wordpress\/?page_id=1154"},"modified":"2020-10-14T14:04:25","modified_gmt":"2020-10-14T12:04:25","slug":"63-band-2012","status":"publish","type":"page","link":"https:\/\/geschichte-brandenburg.de\/wordpress\/63-band-2012\/","title":{"rendered":"63. Band (2012)"},"content":{"rendered":"\n<ul class=\"wp-block-list\"><li>Garlisch, Ines: Mission Impossible? Symeon von Berlin in Hildesheim, S. 11\u201317.<\/li><li>Schenk, Tobias: Das Alte Reich in der Mark Brandenburg. Landesgeschichtliche Quellen aus den Akten des kaiserlichen Reichshofrats, S. 19\u201371.<\/li><li>Fischer, Hubertus: \u201eDu bist der Mann der Jagow \u2026\u201c Eine Spurensuche bei Theodor Fontane und anderen Zeitgenossen, S. 73\u201387.<\/li><li>Weigert, Lothar\/M\u00f6ller, Klaus-Peter: \u201eChromgelb und Zinnober\u201c. Theodor Fontane als Betrachter der Bilder von Eduard Hildebrandt und seine Besuche in der Villa von Hermann und Clara Hoffbauer in Potsdam, S. 89\u2013110.<\/li><li>Krau\u00df, Edith: Ein vergessener Ort. Bensch und Benschs Grab bei Theodor Fontane und heute [Friedrich Bensch, Berlin-Wannsee], S. 111\u2013127.<\/li><li>Heese, Henning: David Garmatter (1764\u20131821), der erste Hofg\u00e4rtner in Paretz. Kunstg\u00e4rtner oder Praktiker?, S. 129\u2013148.<\/li><li>Jansen, Wolfgang: \u201eKrieg! Es ist Krieg!\u201c Das K\u00f6nigliche Schauspielhaus in Potsdam w\u00e4hrend des Ersten Weltkriegs, S. 149\u2013184.<\/li><li>Bl\u00f6\u00df, Wolfgang: \u201eDie landr\u00e4tliche Verwaltung existiert nicht mehr\u201c. Vom Landratsamt zum Rat des Kreises: Die neue Amtsbezeichnung [Kreisreform von 1952], S. 185\u2013201.<\/li><li>Buchbesprechungen, S. 203\u2013320.<\/li><li>Kloosterhuis, J\u00fcrgen: Fridericus-Rennen. Zur Buchvorstellung von Rainer Ehrt: Preu\u00dfischer Bilderbogen. Eine satirische Kulturgeschichte. Berlin 2011, am 17. April 2012, S. 203\u2013212.<\/li><li>Neuerscheinungen aus den Jahren 2012\/2011\/2010 (Bibliographie \u201e63\u201c). Bearb. von Dorothee Ge\u00dfner unter Mitarbeit von Peter Bahl, S. 321\u2013346.<\/li><li>Berichte, S. 347\u2013372.<\/li><li>Bahl, Peter: T\u00e4tigkeitsbericht der Landesgeschichtlichen Vereinigung f\u00fcr die Mark Brandenburg e.V. f\u00fcr das Jahr 2011, S. 347\u2013352.<\/li><li>Bahl, Peter: Nachruf auf Gerd Heinrich, S. 352\u2013360.<\/li><li>T\u00e4tigkeitsberichte Landesgeschichtlicher Kommissionen und Institutionen f\u00fcr das Jahr 2011, S. 360\u2013372.<\/li><li>Baudisch, Rosemarie: Historische Kommission zu Berlin e.V., S. 360\u2013361.<\/li><li>Neitmann, Klaus: Brandenburgische Historische Kommission e.V., S. 361\u2013364.<\/li><li>G\u00f6se, Frank: Forschungsstelle f\u00fcr Brandenburgische Landesgeschichte beim Brandenburgischen Landeshauptarchiv. Protokoll der 43. und 44. Zusammenkunft am 29. April und 21. Oktober 2011, S. 365\u2013367.<\/li><li>Winkler, Kurt: Haus der Brandenburgisch-Preu\u00dfischen Geschichte, S. 367\u2013370.<\/li><li>Mitarbeiterverzeichnis, S. 371\u2013372.<\/li><\/ul>\n","protected":false},"excerpt":{"rendered":"<p>Garlisch, Ines: Mission Impossible? Symeon von Berlin in Hildesheim, S. 11\u201317. Schenk, Tobias: Das Alte Reich in der Mark Brandenburg. Landesgeschichtliche Quellen aus den Akten des kaiserlichen Reichshofrats, S. 19\u201371. [&hellip;]<\/p>\n","protected":false},"author":4,"featured_media":0,"parent":0,"menu_order":0,"comment_status":"closed","ping_status":"closed","template":"","meta":{"footnotes":""},"class_list":["post-1154","page","type-page","status-publish","hentry"],"_links":{"self":[{"href":"https:\/\/geschichte-brandenburg.de\/wordpress\/wp-json\/wp\/v2\/pages\/1154","targetHints":{"allow":["GET"]}}],"collection":[{"href":"https:\/\/geschichte-brandenburg.de\/wordpress\/wp-json\/wp\/v2\/pages"}],"about":[{"href":"https:\/\/geschichte-brandenburg.de\/wordpress\/wp-json\/wp\/v2\/types\/page"}],"author":[{"embeddable":true,"href":"https:\/\/geschichte-brandenburg.de\/wordpress\/wp-json\/wp\/v2\/users\/4"}],"replies":[{"embeddable":true,"href":"https:\/\/geschichte-brandenburg.de\/wordpress\/wp-json\/wp\/v2\/comments?post=1154"}],"version-history":[{"count":2,"href":"https:\/\/geschichte-brandenburg.de\/wordpress\/wp-json\/wp\/v2\/pages\/1154\/revisions"}],"predecessor-version":[{"id":1156,"href":"https:\/\/geschichte-brandenburg.de\/wordpress\/wp-json\/wp\/v2\/pages\/1154\/revisions\/1156"}],"wp:attachment":[{"href":"https:\/\/geschichte-brandenburg.de\/wordpress\/wp-json\/wp\/v2\/media?parent=1154"}],"curies":[{"name":"wp","href":"https:\/\/api.w.org\/{rel}","templated":true}]}}