{"id":1158,"date":"2020-10-14T14:08:29","date_gmt":"2020-10-14T12:08:29","guid":{"rendered":"http:\/\/geschichte-brandenburg.de\/wordpress\/?page_id=1158"},"modified":"2020-10-14T21:02:17","modified_gmt":"2020-10-14T19:02:17","slug":"62-band-2011","status":"publish","type":"page","link":"https:\/\/geschichte-brandenburg.de\/wordpress\/62-band-2011\/","title":{"rendered":"62. Band (2011)"},"content":{"rendered":"\n<ul class=\"wp-block-list\"><li>Walanus, Wojciech: Das verschollene Retabel von Diedersdorf (Stare Dzieduszyce) in der Neumark. Zur Wirkung Hans Leinbergers, S. 11\u201342.<\/li><li>Wochnik, Fritz: Die Pfarrkirchen in Landsberg\/Warthe (Gorz\u00f3w Wlkp.) und in Drossen (O\u015bno Lubuskie), S. 43\u201373.<\/li><li>Faensen, Bertram\/Nath, Gunnar: Der Vogelherd in Berlin-Pankow, S. 75\u2013105.<\/li><li>Holste, Karsten: Kreisst\u00e4nde, Kreisverwaltung und Staatsverfassung. Die Auseinandersetzungen um das Gendarmerie-Edikt in der Neumark 1812\u20131815, S. 107\u2013128.<\/li><li>Kuchenbecker, Arnold: Zionisten und Chaluzim in Messingwerk, S. 129\u2013139.<\/li><li>Barke, Irina: Das Herrenhaus in Gro\u00df Behnitz. Der Landsitz des Berliner Industriellen Albert Borsig, S. 141\u2013159.<\/li><li>Anderson, Paul Irving: Theodor Fontane und Philipp zu Eulenburg: Der Briefwechsel 1880\u20131890 \u2013 Edition (Teil II), S. 161\u2013183.<\/li><li>Sprenger, Gerhard: Gottfried Benn in Ostbrandenburg, S. 185\u2013203.<\/li><li>G\u00f6rtemaker, Manfred: Brandenburg in Geschichte und Gegenwart, S. 205\u2013213.<\/li><li>Buchbesprechungen, S. 214\u2013287.<\/li><li>Neuerscheinungen aus den Jahren 2011\/2010\/2009 (Bibliographie \u201e62\u201c). Bearb. von Dorothee Ge\u00dfner unter Mitarbeit von Peter Bahl, S. 288\u2013312.<\/li><li>B\u00f6rsch-Supan, Helmut: Laudatio auf die neuen Ehrenmitglieder Dr. Sibylle Badst\u00fcbner-Gr\u00f6ger und Prof. Dr. Ernst Badst\u00fcbner, S. 313\u2013318.<\/li><li>Bahl, Peter: T\u00e4tigkeitsbericht der Landesgeschichtlichen Vereinigung f\u00fcr die Mark Brandenburg e.V. f\u00fcr das Jahr 2010, S. 318\u2013322.<\/li><li>T\u00e4tigkeitsberichte Landesgeschichtlicher Kommissionen und Institutionen f\u00fcr das Jahr 2009, S. 323\u2013334.<\/li><li>Baudisch, Rosemarie: Historische Kommission zu Berlin e.V., S. 323\u2013324.<\/li><li>Neitmann, Klaus: Brandenburgische Historische Kommission e.V., S. 324\u2013327.<\/li><li>Radtke, Wolfgang: Forschungsstelle f\u00fcr Brandenburgische Landesgeschichte beim Brandenburgischen Landeshauptarchiv, S. 327\u2013331.<\/li><li>Winkler, Kurt: Haus der Brandenburgisch-Preu\u00dfischen Geschichte, S. 331\u2013334.<\/li><li>Mitarbeiterverzeichnis, S. 335\u2013336.<\/li><\/ul>\n","protected":false},"excerpt":{"rendered":"<p>Walanus, Wojciech: Das verschollene Retabel von Diedersdorf (Stare Dzieduszyce) in der Neumark. Zur Wirkung Hans Leinbergers, S. 11\u201342. Wochnik, Fritz: Die Pfarrkirchen in Landsberg\/Warthe (Gorz\u00f3w Wlkp.) und in Drossen (O\u015bno [&hellip;]<\/p>\n","protected":false},"author":4,"featured_media":0,"parent":0,"menu_order":0,"comment_status":"closed","ping_status":"closed","template":"","meta":{"footnotes":""},"class_list":["post-1158","page","type-page","status-publish","hentry"],"_links":{"self":[{"href":"https:\/\/geschichte-brandenburg.de\/wordpress\/wp-json\/wp\/v2\/pages\/1158","targetHints":{"allow":["GET"]}}],"collection":[{"href":"https:\/\/geschichte-brandenburg.de\/wordpress\/wp-json\/wp\/v2\/pages"}],"about":[{"href":"https:\/\/geschichte-brandenburg.de\/wordpress\/wp-json\/wp\/v2\/types\/page"}],"author":[{"embeddable":true,"href":"https:\/\/geschichte-brandenburg.de\/wordpress\/wp-json\/wp\/v2\/users\/4"}],"replies":[{"embeddable":true,"href":"https:\/\/geschichte-brandenburg.de\/wordpress\/wp-json\/wp\/v2\/comments?post=1158"}],"version-history":[{"count":3,"href":"https:\/\/geschichte-brandenburg.de\/wordpress\/wp-json\/wp\/v2\/pages\/1158\/revisions"}],"predecessor-version":[{"id":1161,"href":"https:\/\/geschichte-brandenburg.de\/wordpress\/wp-json\/wp\/v2\/pages\/1158\/revisions\/1161"}],"wp:attachment":[{"href":"https:\/\/geschichte-brandenburg.de\/wordpress\/wp-json\/wp\/v2\/media?parent=1158"}],"curies":[{"name":"wp","href":"https:\/\/api.w.org\/{rel}","templated":true}]}}