{"id":1163,"date":"2020-10-14T21:05:07","date_gmt":"2020-10-14T19:05:07","guid":{"rendered":"http:\/\/geschichte-brandenburg.de\/wordpress\/?page_id=1163"},"modified":"2020-10-14T21:27:56","modified_gmt":"2020-10-14T19:27:56","slug":"61-band-2010","status":"publish","type":"page","link":"https:\/\/geschichte-brandenburg.de\/wordpress\/61-band-2010\/","title":{"rendered":"61. Band (2010)"},"content":{"rendered":"\n<ul class=\"wp-block-list\"><li>Beck, Lorenz Friedrich\/Escher, Felix: Dank an Eckart Henning, S. 11\u201312.<\/li><li>Assing, Helmut: Die Potsdamer Burgen. Irrt\u00fcmer, Erkenntnisse, umstrittene Fragen und neue L\u00f6sungsans\u00e4tze, S. 13\u201339.<\/li><li>Sch\u00fctz, Antonia: Zur Entstehung und Entwicklung hoch- und sp\u00e4tmittelalterlicher Burgen und Adelssitze in der Uckermark, S. 40\u201359.<\/li><li>K\u00fcrbis, Holger: Kavalierstouren des brandenburgisch-preu\u00dfischen Adels (1550\u20131750). Quantitative \u00dcberlegungen, S. 60\u201382.<\/li><li>Becker, Denny: Von der bisch\u00f6flichen Residenz zum k\u00f6niglichen Amt. Zur Bau- und Nutzungsgeschichte des Schlosses zu Storkow und zu seinem Inventarium von 1724 \u2013 Edition, S. 83\u2013106.<\/li><li>Huth, Mario: \u00dcber die Anf\u00e4nge der forstwissenschaftlichen Lehre in Brandenburg-Preu\u00dfen. Eine erste Zwischenbilanz, S. 107\u2013139.<\/li><li>B\u00f6rsch-Supan, Helmut: K\u00f6nigin Luise. W\u00fcrdigung und Kult, S. 140\u2013148.<\/li><li>Anderson, Paul Irving: Theodor Fontane und Philipp zu Eulenburg: Der Briefwechsel 1880\u20131890 \u2013 Edition (Teil I), S. 149\u2013172.<\/li><li>Jansen, Wolfgang: Neuruppin wird Theaterstadt. Vom Nachkriegsprovisorium zur Modellb\u00fchne (1945\u20131950), S. 173\u2013198.<\/li><li>Buchbesprechungen, S. 199\u2013273.<\/li><li>Neuerscheinungen aus den Jahren 2010\/2009\/2008 (Bibliographie \u201e61\u201c). Bearb. von Dorothee Ge\u00dfner unter Mitarbeit von Peter Bahl, S. 274\u2013297.<\/li><li>Aus den Vortr\u00e4gen vom 13. Berliner Arch\u00e4ologentag am 4. November 2009:<\/li><li>Escher, Felix: Die St\u00e4dte Spandau, K\u00f6penick und Berlin-C\u00f6lln. Fragen zur Synthese dreier St\u00e4dte in Berlin, S. 298\u2013302.<\/li><li>Schich, Winfried: Stadtwerdung zwischen Elbe und Oder im 12. und 13. Jahrhundert. Fragen zu den Anf\u00e4ngen von Berlin und C\u00f6lln, S. 302\u2013313.<\/li><li>Bahl, Peter: T\u00e4tigkeitsbericht der Landesgeschichtlichen Vereinigung f\u00fcr die Mark Brandenburg e.V. f\u00fcr das Jahr 2009, S. 313\u2013317.<\/li><li>T\u00e4tigkeitsberichte Landesgeschichtlicher Kommissionen und Institutionen f\u00fcr das Jahr 2009, S. 318\u2013333.<\/li><li>Baudisch, Rosemarie: Historische Kommission zu Berlin e.V., S. 318\u2013320.<\/li><li>Neitmann, Klaus: Brandenburgische Historische Kommission e.V., S. 320\u2013323.<\/li><li>Radtke, Wolfgang: Forschungsstelle f\u00fcr Brandenburgische Landesgeschichte beim Brandenburgischen Landeshauptarchiv, S. 324\u2013327.<\/li><li>Winkler, Kurt: Haus der Brandenburgisch-Preu\u00dfischen Geschichte, S. 328\u2013330.<\/li><li>K\u00f6stering, Susanne: Museumsverband des Landes Brandenburg e.V., S. 330\u2013333.<\/li><li>Mitarbeiterverzeichnis, S. 334\u2013335.<\/li><\/ul>\n","protected":false},"excerpt":{"rendered":"<p>Beck, Lorenz Friedrich\/Escher, Felix: Dank an Eckart Henning, S. 11\u201312. Assing, Helmut: Die Potsdamer Burgen. Irrt\u00fcmer, Erkenntnisse, umstrittene Fragen und neue L\u00f6sungsans\u00e4tze, S. 13\u201339. Sch\u00fctz, Antonia: Zur Entstehung und Entwicklung [&hellip;]<\/p>\n","protected":false},"author":4,"featured_media":0,"parent":0,"menu_order":0,"comment_status":"closed","ping_status":"closed","template":"","meta":{"footnotes":""},"class_list":["post-1163","page","type-page","status-publish","hentry"],"_links":{"self":[{"href":"https:\/\/geschichte-brandenburg.de\/wordpress\/wp-json\/wp\/v2\/pages\/1163","targetHints":{"allow":["GET"]}}],"collection":[{"href":"https:\/\/geschichte-brandenburg.de\/wordpress\/wp-json\/wp\/v2\/pages"}],"about":[{"href":"https:\/\/geschichte-brandenburg.de\/wordpress\/wp-json\/wp\/v2\/types\/page"}],"author":[{"embeddable":true,"href":"https:\/\/geschichte-brandenburg.de\/wordpress\/wp-json\/wp\/v2\/users\/4"}],"replies":[{"embeddable":true,"href":"https:\/\/geschichte-brandenburg.de\/wordpress\/wp-json\/wp\/v2\/comments?post=1163"}],"version-history":[{"count":2,"href":"https:\/\/geschichte-brandenburg.de\/wordpress\/wp-json\/wp\/v2\/pages\/1163\/revisions"}],"predecessor-version":[{"id":1165,"href":"https:\/\/geschichte-brandenburg.de\/wordpress\/wp-json\/wp\/v2\/pages\/1163\/revisions\/1165"}],"wp:attachment":[{"href":"https:\/\/geschichte-brandenburg.de\/wordpress\/wp-json\/wp\/v2\/media?parent=1163"}],"curies":[{"name":"wp","href":"https:\/\/api.w.org\/{rel}","templated":true}]}}