{"id":1179,"date":"2020-10-14T22:24:10","date_gmt":"2020-10-14T20:24:10","guid":{"rendered":"http:\/\/geschichte-brandenburg.de\/wordpress\/?page_id=1179"},"modified":"2020-10-14T22:27:53","modified_gmt":"2020-10-14T20:27:53","slug":"60-band-2009","status":"publish","type":"page","link":"https:\/\/geschichte-brandenburg.de\/wordpress\/60-band-2009\/","title":{"rendered":"60. Band (2009)"},"content":{"rendered":"\n<ul class=\"wp-block-list\"><li>Heegewaldt, Werner: Der verschollene Siegelstempel von Prenzlau. Ein Teil der Stadtgeschichte kehrt zur\u00fcck, S. 9\u201318.<\/li><li>Wochnik, Fritz: Die Marienkirche in Bernau und der Austausch der Kirchenausstattung, S. 19\u201351.<\/li><li>Beck, Lorenz Friedrich\/Engel, Evamaria: Das Urbar der Herrschaft Buchholz aus dem Jahr 1735. Edition, S. 52\u201376.<\/li><li>Berndt, Iris: Ortsansichten als Bildquellen in der landesgeschichtlichen Forschung, S. 77\u201392.<\/li><li>Foelsch, Torsten: Eldenburg \u2013 ein Renaissanceschlo\u00df in der Prignitz, S. 93\u2013118.<\/li><li>Geiseler, Udo: Die Vereinigung der St\u00e4dte Alt- und Neustadt Brandenburg 1715. Ein Beitrag zur St\u00e4dtepolitik K\u00f6nig Friedrich Wilhelms I. , S. 119\u2013138.<\/li><li>Sprenger, Gerhard: Streben nach Gl\u00fcckseligkeit. Zur Erinnerung an den Aufkl\u00e4rer Gotthilf Samuel Steinbart (1734\u20131809) anl\u00e4\u00dflich seines 200. Todestages, S. 139\u2013154.<\/li><li>Nagel, G\u00fcnter: Wassert\u00fcrme in Brandenburg. Zur Geschichte und Gegenwart wenig beachteter Technik- und Kulturdenkm\u00e4ler. Teil II, S. 155\u2013179.<\/li><li>Kaiser, Susanne: Die Fachschule f\u00fcr Archivwesen \u201eFranz Mehring\u201c in Potsdam 1955\u20131993. Geschichte und Organisation, S. 180\u2013203.<\/li><li>Buchbesprechungen, S. 204\u2013252.<\/li><li>Neuerscheinungen aus den Jahren 2009\/2008\/2007 (Bibliographie \u201e60\u201c). Bearb. von Dorothee Ge\u00dfner unter Mitarbeit von Peter Bahl, S. 253\u2013274.<\/li><li>Bahl, Peter: T\u00e4tigkeitsbericht der Landesgeschichtlichen Vereinigung f\u00fcr die Mark Brandenburg e.V. f\u00fcr das Jahr 2008, S. 275\u2013279.<\/li><li>Peters, Jan: Nachruf auf Lieselott Enders, S. 280\u2013281.<\/li><li>Enders, Lieselott: Laudatio auf das neue Ehrenmitglied Prof. Dr. Winfried Schich, S. 282\u2013284.<\/li><li>T\u00e4tigkeitsberichte Landesgeschichtlicher Kommissionen und Institutionen f\u00fcr das Jahr 2008, S. 285\u2013294.<\/li><li>Baudisch, Rosemarie: Historische Kommission zu Berlin e.V. , S. 285.<\/li><li>Neitmann, Klaus: Brandenburgische Historische Kommission e.V. , S. 286\u2013288.<\/li><li>Radtke, Wolfgang: Forschungsstelle f\u00fcr Brandenburgische Landesgeschichte beim Brandenburgischen Landeshauptarchiv. Protokoll der 37. und 38. Zusammenkunft am 18. April und 24. Oktober 2008, S. 288\u2013292.<\/li><li>Winkler, Kurt: Haus der Brandenburgisch-Preu\u00dfischen Geschichte, S. 292\u2013294.<\/li><li>Mitarbeiterverzeichnis, S. 295.<\/li><\/ul>\n","protected":false},"excerpt":{"rendered":"<p>Heegewaldt, Werner: Der verschollene Siegelstempel von Prenzlau. Ein Teil der Stadtgeschichte kehrt zur\u00fcck, S. 9\u201318. Wochnik, Fritz: Die Marienkirche in Bernau und der Austausch der Kirchenausstattung, S. 19\u201351. Beck, Lorenz [&hellip;]<\/p>\n","protected":false},"author":4,"featured_media":0,"parent":0,"menu_order":0,"comment_status":"closed","ping_status":"closed","template":"","meta":{"footnotes":""},"class_list":["post-1179","page","type-page","status-publish","hentry"],"_links":{"self":[{"href":"https:\/\/geschichte-brandenburg.de\/wordpress\/wp-json\/wp\/v2\/pages\/1179","targetHints":{"allow":["GET"]}}],"collection":[{"href":"https:\/\/geschichte-brandenburg.de\/wordpress\/wp-json\/wp\/v2\/pages"}],"about":[{"href":"https:\/\/geschichte-brandenburg.de\/wordpress\/wp-json\/wp\/v2\/types\/page"}],"author":[{"embeddable":true,"href":"https:\/\/geschichte-brandenburg.de\/wordpress\/wp-json\/wp\/v2\/users\/4"}],"replies":[{"embeddable":true,"href":"https:\/\/geschichte-brandenburg.de\/wordpress\/wp-json\/wp\/v2\/comments?post=1179"}],"version-history":[{"count":2,"href":"https:\/\/geschichte-brandenburg.de\/wordpress\/wp-json\/wp\/v2\/pages\/1179\/revisions"}],"predecessor-version":[{"id":1181,"href":"https:\/\/geschichte-brandenburg.de\/wordpress\/wp-json\/wp\/v2\/pages\/1179\/revisions\/1181"}],"wp:attachment":[{"href":"https:\/\/geschichte-brandenburg.de\/wordpress\/wp-json\/wp\/v2\/media?parent=1179"}],"curies":[{"name":"wp","href":"https:\/\/api.w.org\/{rel}","templated":true}]}}