{"id":1183,"date":"2020-10-14T22:29:00","date_gmt":"2020-10-14T20:29:00","guid":{"rendered":"http:\/\/geschichte-brandenburg.de\/wordpress\/?page_id=1183"},"modified":"2020-10-14T22:32:56","modified_gmt":"2020-10-14T20:32:56","slug":"59-band-2008","status":"publish","type":"page","link":"https:\/\/geschichte-brandenburg.de\/wordpress\/59-band-2008\/","title":{"rendered":"59. Band (2008)"},"content":{"rendered":"\n<ul class=\"wp-block-list\"><li>Hoffmann-Axthelm, Dieter: Dreifache Gr\u00fcndung. \u00dcberlegungen zur Fr\u00fchgeschichte der Stadt Perleberg, S. 9\u201336 [12.\u201314. Jh.].<\/li><li>Schumann, Dirk: Die Stadtmauer von M\u00fcncheberg. Zur mittelalterlichen Stadtbefestigung einer m\u00e4rkischen Immediatstadt, S. 37\u201349.<\/li><li>Enders, Lieselott: Bader- und Barbiergilden in der fr\u00fchneuzeitlichen Kurmark, S. 50\u201371.<\/li><li>Elsner, Ines\/Dornbusch, Ramona Simone: Golzow im Oderbruch \u2013 Hauptort kurf\u00fcrstlich-k\u00f6niglicher Jagd im sp\u00e4ten 17. und fr\u00fchen 18. Jahrhundert, S. 72\u201382.<\/li><li>Becker, Denny: Der F\u00fcrstenwalder Kataster von 1723 und seine Bedeutung in der Stadt- und Staatsverwaltung, S. 83\u2013106.<\/li><li>Schenk, Tobias: Hertz Eschwege (1772\u20131836). Ein j\u00fcdischer Pharmazeut und Manufakturunternehmer in Brandenburg im \u201eZeitalter der Emanzipation\u201c, S. 107\u2013136 [Templin und Potsdam].<\/li><li>Fischer, Hubertus: Albrecht der B\u00e4r \u2013 Eroberer oder Erbe der Mark Brandenburg? Eine Kontroverse aus den Anf\u00e4ngen des Allgemeinen Archivs f\u00fcr die Geschichtskunde des Preu\u00dfischen Staates in unbekannten Briefen, S. 137\u2013149 [Korrespondenz zwischen Leopold von Ledebur und Valentin Heinrich Schmidt \u00fcber einen Beitrag von Adolph Friedrich Riedel].<\/li><li>Nagel, G\u00fcnter: Wassert\u00fcrme in Brandenburg. Zur Geschichte und Gegenwart wenig beachteter Technik- und Kulturdenkm\u00e4ler. Teil I, S. 150\u2013177.<\/li><li>Maurach, Martin: \u201eKleist und die Mark\u201c. Akteure und Publika w\u00e4hrend des Nationalsozialismus, S. 178\u2013193 [T\u00e4tigkeit der Kleist-Gesellschaft in Frankfurt (Oder)].<\/li><li>Zernack, Klaus: Auf dem Weg zu einer Synthese der Geschichte Preu\u00dfens. \u00dcber einige polnische Beitr\u00e4ge nach dem Zweiten Weltkrieg, S. 194\u2013208.<\/li><li>Buchbesprechungen, S. 209\u2013264.<\/li><li>Neuerscheinungen aus den Jahren 2008\/2007\/2006 (Bibliographie \u201e59\u201c). Bearb. von Dorothee Ge\u00dfner unter Mitarbeit von Peter Bahl, S. 265\u2013289.<\/li><li>Bahl, Peter: T\u00e4tigkeitsbericht der Landesgeschichtlichen Vereinigung f\u00fcr die Mark Brandenburg e.V. f\u00fcr das Jahr 2007, S. 290\u2013292.<\/li><li>T\u00e4tigkeitsberichte Landesgeschichtlicher Kommissionen und Institutionen f\u00fcr das Jahr 2007:<\/li><li>Baudisch, Rosemarie: Historische Kommission zu Berlin e.V., S. 293\u2013295.<\/li><li>Neitmann, Klaus: Brandenburgische Historische Kommission e.V., S. 296\u2013298.<\/li><li>Radtke, Wolfgang: Forschungsstelle f\u00fcr Brandenburgische Landesgeschichte beim Brandenburgischen Landeshauptarchiv. Protokoll der 35. und 36. Zusammenkunft am 20. April und 26. Oktober 2007, S. 298\u2013301.<\/li><li>Streidt, Gert: Haus der Brandenburgisch-Preu\u00dfischen Geschichte, S. 278\u2013279.<\/li><li>Vogel, Werner: Haus Brandenburg, S. 303\u2013305.<\/li><li>Mitarbeiterverzeichnis, S. 306.<\/li><\/ul>\n","protected":false},"excerpt":{"rendered":"<p>Hoffmann-Axthelm, Dieter: Dreifache Gr\u00fcndung. \u00dcberlegungen zur Fr\u00fchgeschichte der Stadt Perleberg, S. 9\u201336 [12.\u201314. Jh.]. Schumann, Dirk: Die Stadtmauer von M\u00fcncheberg. Zur mittelalterlichen Stadtbefestigung einer m\u00e4rkischen Immediatstadt, S. 37\u201349. Enders, Lieselott: [&hellip;]<\/p>\n","protected":false},"author":4,"featured_media":0,"parent":0,"menu_order":0,"comment_status":"closed","ping_status":"closed","template":"","meta":{"footnotes":""},"class_list":["post-1183","page","type-page","status-publish","hentry"],"_links":{"self":[{"href":"https:\/\/geschichte-brandenburg.de\/wordpress\/wp-json\/wp\/v2\/pages\/1183","targetHints":{"allow":["GET"]}}],"collection":[{"href":"https:\/\/geschichte-brandenburg.de\/wordpress\/wp-json\/wp\/v2\/pages"}],"about":[{"href":"https:\/\/geschichte-brandenburg.de\/wordpress\/wp-json\/wp\/v2\/types\/page"}],"author":[{"embeddable":true,"href":"https:\/\/geschichte-brandenburg.de\/wordpress\/wp-json\/wp\/v2\/users\/4"}],"replies":[{"embeddable":true,"href":"https:\/\/geschichte-brandenburg.de\/wordpress\/wp-json\/wp\/v2\/comments?post=1183"}],"version-history":[{"count":2,"href":"https:\/\/geschichte-brandenburg.de\/wordpress\/wp-json\/wp\/v2\/pages\/1183\/revisions"}],"predecessor-version":[{"id":1185,"href":"https:\/\/geschichte-brandenburg.de\/wordpress\/wp-json\/wp\/v2\/pages\/1183\/revisions\/1185"}],"wp:attachment":[{"href":"https:\/\/geschichte-brandenburg.de\/wordpress\/wp-json\/wp\/v2\/media?parent=1183"}],"curies":[{"name":"wp","href":"https:\/\/api.w.org\/{rel}","templated":true}]}}