{"id":1187,"date":"2020-10-14T22:33:45","date_gmt":"2020-10-14T20:33:45","guid":{"rendered":"http:\/\/geschichte-brandenburg.de\/wordpress\/?page_id=1187"},"modified":"2020-10-14T22:37:47","modified_gmt":"2020-10-14T20:37:47","slug":"58-band-2007","status":"publish","type":"page","link":"https:\/\/geschichte-brandenburg.de\/wordpress\/58-band-2007\/","title":{"rendered":"58. Band (2007)"},"content":{"rendered":"\n<ul class=\"wp-block-list\"><li>Escher, Felix\/Henning, Eckart: Editorial, S. 9.<\/li><li>Czubatynski, Uwe: Schlo\u00df, G\u00e4nseburg oder Wallgeb\u00e4ude? Zur Gr\u00fcndungsgeschichte der Stadt Perleberg, S. 10\u201323.<\/li><li>Wochnik, Fritz: Die Marienkirche in K\u00f6nigsberg\/Neumark (Chojna), S. 24\u201358.<\/li><li>M\u00fchlpfordt, G\u00fcnter: Die Rivalit\u00e4t zwischen Wettinern und Hohenzollern als Handlungsspielraum, Dienst- und Zensuralternative f\u00fcr Christian Thomasius und andere Autoren, S. 59\u201375.<\/li><li>M\u00fcller-Heynen, Brigitte: Der Grand Mousquetaire Jean Pierre Constantin de Belloc und das Potzlower Vorwerk, S. 76\u201383.<\/li><li>Neugebauer, Wolfgang: Anton Friedrich B\u00fcsching 1724\u20131793, S. 84\u2013101.<\/li><li>Lange, Heinrich: Nochmals zum Schicksal der preu\u00dfischen K\u00f6nigs- und K\u00f6niginnenkronen von 1701, 1861 und 1889. Aus den Akten der Generalverwaltung des vormals regierenden Preu\u00dfischen K\u00f6nigshauses im Geheimen Staatsarchiv Preu\u00dfischer Kulturbesitz, Berlin, S. 102\u2013113.<\/li><li>Hertz-Eichenrode, Dieter: Herr Griebenow auf Gro\u00df Leuthen (1841\u20131855) oder: Der verhinderte Standesherr, S. 114\u2013136.<\/li><li>Beck, Lorenz Friedrich: Graf Adolf Heinrich von Arnim (1803\u20131868) und die Herrschaft Boitzenburg, S. 137\u2013160.<\/li><li>Henning, Eckart: \u201eDer Listenreiche\u201c. Zum 60. Todestag des m\u00e4rkischen Archivars Reinhard L\u00fcdicke am 22. Juli 2007, S. 161\u2013173.<\/li><li>Fischer, Hubertus: Barfu\u00df oder Barfus \u2013 Zwischen Barnim, Beeskow und Berlin. Ein Kapitel aus Fontanes \u201eWanderungen\u201c im Lichte unbekannter Zeugnisse, S. 174\u2013185.<\/li><li>Kocka, J\u00fcrgen: Preu\u00dfen und Deutschland \u2013 ein Spannungsverh\u00e4ltnis, S. 186\u2013194.<\/li><li>Kloosterhuis, J\u00fcrgen: competentia \u2013 traditio \u2013 spectaculum. Zur Buchvorstellung von Volker Schobe\u00df: Die Langen Kerls von Potsdam. Die Geschichte des Leibregiments Friedrich Wilhelms I. 1713-1740. Berlin 2007, am 26. September 2007, S. 195\u2013198.<\/li><li>Buchbesprechungen, S. 195\u2013239.<\/li><li>Neuerscheinungen aus den Jahren 2007\/2006\/2005 (Bibliographie \u201e58\u201c). Bearb. von Dorothee Ge\u00dfner unter Mitarbeit von Peter Bahl, S. 240\u2013264.<\/li><li>Bahl, Peter: T\u00e4tigkeitsbericht der Landesgeschichtlichen Vereinigung f\u00fcr die Mark Brandenburg e.V. f\u00fcr das Jahr 2006, S. 265\u2013267.<\/li><li>Beck, Lorenz Friedrich: Nachruf auf Fritz B\u00f6nisch, S. 267\u2013268.<\/li><li>T\u00e4tigkeitsberichte Landesgeschichtlicher Kommissionen und Institutionen f\u00fcr das Jahr 2006:<\/li><li>Baudisch, Rosemarie: Historische Kommission zu Berlin e.V., S. 269\u2013270.<\/li><li>Neitmann, Klaus: Brandenburgische Historische Kommission e.V., S. 271\u2013274.<\/li><li>Radtke, Wolfgang: Forschungsstelle f\u00fcr Brandenburgische Landesgeschichte beim Brandenburgischen Landeshauptarchiv. Protokoll der 33. und 34. Zusammenkunft am 26. April und 27. Oktober 2006 in Potsdam, S. 275\u2013277.<\/li><li>Streidt, Gert: Haus der Brandenburgisch-Preu\u00dfischen Geschichte, S. 278\u2013279.<\/li><li>Mitarbeiterverzeichnis, S. 280.<\/li><\/ul>\n","protected":false},"excerpt":{"rendered":"<p>Escher, Felix\/Henning, Eckart: Editorial, S. 9. Czubatynski, Uwe: Schlo\u00df, G\u00e4nseburg oder Wallgeb\u00e4ude? Zur Gr\u00fcndungsgeschichte der Stadt Perleberg, S. 10\u201323. Wochnik, Fritz: Die Marienkirche in K\u00f6nigsberg\/Neumark (Chojna), S. 24\u201358. M\u00fchlpfordt, G\u00fcnter: [&hellip;]<\/p>\n","protected":false},"author":4,"featured_media":0,"parent":0,"menu_order":0,"comment_status":"closed","ping_status":"closed","template":"","meta":{"footnotes":""},"class_list":["post-1187","page","type-page","status-publish","hentry"],"_links":{"self":[{"href":"https:\/\/geschichte-brandenburg.de\/wordpress\/wp-json\/wp\/v2\/pages\/1187","targetHints":{"allow":["GET"]}}],"collection":[{"href":"https:\/\/geschichte-brandenburg.de\/wordpress\/wp-json\/wp\/v2\/pages"}],"about":[{"href":"https:\/\/geschichte-brandenburg.de\/wordpress\/wp-json\/wp\/v2\/types\/page"}],"author":[{"embeddable":true,"href":"https:\/\/geschichte-brandenburg.de\/wordpress\/wp-json\/wp\/v2\/users\/4"}],"replies":[{"embeddable":true,"href":"https:\/\/geschichte-brandenburg.de\/wordpress\/wp-json\/wp\/v2\/comments?post=1187"}],"version-history":[{"count":2,"href":"https:\/\/geschichte-brandenburg.de\/wordpress\/wp-json\/wp\/v2\/pages\/1187\/revisions"}],"predecessor-version":[{"id":1189,"href":"https:\/\/geschichte-brandenburg.de\/wordpress\/wp-json\/wp\/v2\/pages\/1187\/revisions\/1189"}],"wp:attachment":[{"href":"https:\/\/geschichte-brandenburg.de\/wordpress\/wp-json\/wp\/v2\/media?parent=1187"}],"curies":[{"name":"wp","href":"https:\/\/api.w.org\/{rel}","templated":true}]}}