{"id":1190,"date":"2020-10-14T22:38:13","date_gmt":"2020-10-14T20:38:13","guid":{"rendered":"http:\/\/geschichte-brandenburg.de\/wordpress\/?page_id=1190"},"modified":"2020-10-14T22:42:04","modified_gmt":"2020-10-14T20:42:04","slug":"57-band-2006","status":"publish","type":"page","link":"https:\/\/geschichte-brandenburg.de\/wordpress\/57-band-2006\/","title":{"rendered":"57. Band (2006)"},"content":{"rendered":"\n<ul class=\"wp-block-list\"><li>Enders, Lieselott: Standeswechsel in der Stille. Vom Lehnb\u00fcrger zum Landadligen, dargestellt am Beispiel der Altmark, S. 9\u201331.<\/li><li>Griesa, Siegfried: Die Mark Brandenburg im 14. Jahrhundert zur Zeit des falschen Woldemars, S. 32\u201349.<\/li><li>Nagel, G\u00fcnter: F\u00e4hren zwischen Elbe und Oder. Zur Geschichte eines Verkehrsmittels in Berlin-Brandenburg, S. 50\u201383.<\/li><li>Winkel, Carmen: Milit\u00e4r und Gesellschaft im 18. Jahrhundert \u2013 Die Garnisonstadt Rathenow 1733\u20131806, S. 84\u2013108.<\/li><li>Falk, Gebhard: Der Potsdamer Zuckerfabrikant Ludwig Jacobs, S. 109\u2013125.<\/li><li>Stich, J\u00fcrgen: Die Herrschaft Wiepersdorf nach 1945 und die \u201eDeutsche Dichterstiftung\u201c, S. 126\u2013181.<\/li><li>Niemann, Mario: \u201eRechtzeitig und k\u00fchn neue und junge Kader bef\u00f6rdern\u201c. Zur Kaderpolitik der SED in den f\u00fcnfziger Jahren am Beispiel der brandenburgischen Bezirkssekretariate, S. 182\u2013204.<\/li><li>Dornbusch, Ramona Simone\/Elsner, Ines: Von der Notwendigkeit interdisziplin\u00e4ren Austauschs und intensiver Quellenanalyse zur Beurteilung von Kulturlandschaftszust\u00e4nden, S. 205\u2013209.<\/li><li>Buchbesprechungen, S. 210\u2013251.<\/li><li>Neuerscheinungen aus den Jahren 2006\/2005\/2004 (Bibliographie \u201e57\u201c). Bearb. von Dorothee Ge\u00dfner unter Mitarb. von Peter Bahl, S. 252\u2013277.<\/li><li>Bahl, Peter\/Escher, Felix: T\u00e4tigkeitsbericht der Landesgeschichtlichen Vereinigung f\u00fcr die Mark Brandenburg f\u00fcr die Jahre 2002\u20132005, S. 279\u2013282.<\/li><li>Escher, Felix: Nachruf auf das Ehrenmitglied Prof. Dr. Charlotte Jolles, S. 282\u2013283.<\/li><li>Bahl, Peter: Laudatio auf das neue Ehrenmitglied Prof. Dr. Felix Escher, S. 284\u2013286.<\/li><li>Rohrlach, Peter P.: Zur Erinnerung an Dr. Heinz Gebhardt (1906\u20131982), S. 286\u2013289.<\/li><li>T\u00e4tigkeitsberichte Landesgeschichtlicher Kommissionen und Institutionen f\u00fcr das Jahr 2005:<\/li><li>Baudisch, Rosemarie: Historische Kommission zu Berlin e.V., S. 290\u2013293.<\/li><li>Neitmann, Klaus: Brandenburgische Historische Kommission e.V., S. 294\u2013297.<\/li><li>Radtke, Wolfgang: Forschungsstelle beim Brandenburgischen Landeshauptarchiv. Protokoll der 31. und 32. Zusammenkunft am 29. April und 21. Oktober 2005 in Potsdam, S. 297\u2013300.<\/li><li>Streidt, Gert: Haus der Brandenburgisch-Preu\u00dfischen Geschichte, S. 300\u2013302.<\/li><li>Mitarbeiterverzeichnis, S. 303.<\/li><\/ul>\n","protected":false},"excerpt":{"rendered":"<p>Enders, Lieselott: Standeswechsel in der Stille. Vom Lehnb\u00fcrger zum Landadligen, dargestellt am Beispiel der Altmark, S. 9\u201331. Griesa, Siegfried: Die Mark Brandenburg im 14. Jahrhundert zur Zeit des falschen Woldemars, [&hellip;]<\/p>\n","protected":false},"author":4,"featured_media":0,"parent":0,"menu_order":0,"comment_status":"closed","ping_status":"closed","template":"","meta":{"footnotes":""},"class_list":["post-1190","page","type-page","status-publish","hentry"],"_links":{"self":[{"href":"https:\/\/geschichte-brandenburg.de\/wordpress\/wp-json\/wp\/v2\/pages\/1190","targetHints":{"allow":["GET"]}}],"collection":[{"href":"https:\/\/geschichte-brandenburg.de\/wordpress\/wp-json\/wp\/v2\/pages"}],"about":[{"href":"https:\/\/geschichte-brandenburg.de\/wordpress\/wp-json\/wp\/v2\/types\/page"}],"author":[{"embeddable":true,"href":"https:\/\/geschichte-brandenburg.de\/wordpress\/wp-json\/wp\/v2\/users\/4"}],"replies":[{"embeddable":true,"href":"https:\/\/geschichte-brandenburg.de\/wordpress\/wp-json\/wp\/v2\/comments?post=1190"}],"version-history":[{"count":2,"href":"https:\/\/geschichte-brandenburg.de\/wordpress\/wp-json\/wp\/v2\/pages\/1190\/revisions"}],"predecessor-version":[{"id":1193,"href":"https:\/\/geschichte-brandenburg.de\/wordpress\/wp-json\/wp\/v2\/pages\/1190\/revisions\/1193"}],"wp:attachment":[{"href":"https:\/\/geschichte-brandenburg.de\/wordpress\/wp-json\/wp\/v2\/media?parent=1190"}],"curies":[{"name":"wp","href":"https:\/\/api.w.org\/{rel}","templated":true}]}}