{"id":1202,"date":"2020-10-14T22:51:29","date_gmt":"2020-10-14T20:51:29","guid":{"rendered":"http:\/\/geschichte-brandenburg.de\/wordpress\/?page_id=1202"},"modified":"2020-10-14T22:54:13","modified_gmt":"2020-10-14T20:54:13","slug":"54-band-2003","status":"publish","type":"page","link":"https:\/\/geschichte-brandenburg.de\/wordpress\/54-band-2003\/","title":{"rendered":"54. Band (2003)"},"content":{"rendered":"\n<ul class=\"wp-block-list\"><li>Gebuhr, Ralf\/Biermann, Felix\/Gebuhr, Kerstin: Liubusua. Wege zur L\u00f6sung eines alten Forschungsproblems, S. 7\u201350.<\/li><li>Neumeister, Peter: Die Brandenburg im 10. Jahrhundert \u2013 \u00dcberlegungen zur Bistumsgr\u00fcndung von 948, S. 51\u201390.<\/li><li>Wochnik, Fritz: Die Pfarrkirche St. Maria und Andreas in Rathenow, S. 91\u2013116.<\/li><li>Trotz, Andreas: Sp\u00e4tmittelalterliche W\u00fcstungen im ehemaligen Land J\u00fcterbog. Versuch einer interdisziplin\u00e4ren Lokalisierung fr\u00fcherw\u00e4hnter Orte des 12. Jahrhunderts, S. 117\u2013142.<\/li><li>Czubatynski, Uwe: Die Perleberger Stipendienstiftung des Matth\u00e4us Ludecus, S. 143\u2013151.<\/li><li>Enders, Lieselott: Vom Umgang mit Fremden in \u00e4lterer Zeit, vornehmlich am Beispiel der Altmark, S. 152\u2013170.<\/li><li>Aschenbrenner, Dieter: \u201eIn der Mark ist alles Geldfrage.\u201c Altpreu\u00dfische Tugenden und neuer Reichtum in Fontanes realer und fiktiver Welt, S. 171\u2013184.<\/li><li>Nehls, Harry: Die statuarische Ausstattung der Villa Sch\u00f6ningen. Ein Beitrag zum 200. Geburtstag von Ludwig Persius und zur Antikenrezeption in der Mark, S. 185\u2013199.<\/li><li>Hecker, Anja\/Kalesse, Andreas: Die russische Kolonie Alexandrowka in Potsdam: Zum Forschungsstand, S. 200\u2013218.<\/li><li>Wiese, Joachim: Das Brandenburg-Berlinische W\u00f6rterbuch (BBW) \u2013 Geschichte und Publikationsergebnisse, S. 219\u2013230.<\/li><li>B\u00fccherschau, S. 231\u2013275.<\/li><li>Bibliographie. Neuerscheinungen aus den Jahren 2003\/2002\/2001. Bearb. von Dorothee Ge\u00dfner unter Mitarb. von Peter Bahl, S. 276\u2013291.<\/li><li>Escher, Felix: Dr. Peter-Paul Rohrlach Ehrenmitglied, S. 292\u2013293.<\/li><\/ul>\n","protected":false},"excerpt":{"rendered":"<p>Gebuhr, Ralf\/Biermann, Felix\/Gebuhr, Kerstin: Liubusua. Wege zur L\u00f6sung eines alten Forschungsproblems, S. 7\u201350. Neumeister, Peter: Die Brandenburg im 10. Jahrhundert \u2013 \u00dcberlegungen zur Bistumsgr\u00fcndung von 948, S. 51\u201390. Wochnik, Fritz: [&hellip;]<\/p>\n","protected":false},"author":4,"featured_media":0,"parent":0,"menu_order":0,"comment_status":"closed","ping_status":"closed","template":"","meta":{"footnotes":""},"class_list":["post-1202","page","type-page","status-publish","hentry"],"_links":{"self":[{"href":"https:\/\/geschichte-brandenburg.de\/wordpress\/wp-json\/wp\/v2\/pages\/1202","targetHints":{"allow":["GET"]}}],"collection":[{"href":"https:\/\/geschichte-brandenburg.de\/wordpress\/wp-json\/wp\/v2\/pages"}],"about":[{"href":"https:\/\/geschichte-brandenburg.de\/wordpress\/wp-json\/wp\/v2\/types\/page"}],"author":[{"embeddable":true,"href":"https:\/\/geschichte-brandenburg.de\/wordpress\/wp-json\/wp\/v2\/users\/4"}],"replies":[{"embeddable":true,"href":"https:\/\/geschichte-brandenburg.de\/wordpress\/wp-json\/wp\/v2\/comments?post=1202"}],"version-history":[{"count":2,"href":"https:\/\/geschichte-brandenburg.de\/wordpress\/wp-json\/wp\/v2\/pages\/1202\/revisions"}],"predecessor-version":[{"id":1204,"href":"https:\/\/geschichte-brandenburg.de\/wordpress\/wp-json\/wp\/v2\/pages\/1202\/revisions\/1204"}],"wp:attachment":[{"href":"https:\/\/geschichte-brandenburg.de\/wordpress\/wp-json\/wp\/v2\/media?parent=1202"}],"curies":[{"name":"wp","href":"https:\/\/api.w.org\/{rel}","templated":true}]}}