{"id":1205,"date":"2020-10-14T22:54:32","date_gmt":"2020-10-14T20:54:32","guid":{"rendered":"http:\/\/geschichte-brandenburg.de\/wordpress\/?page_id=1205"},"modified":"2020-10-14T22:59:15","modified_gmt":"2020-10-14T20:59:15","slug":"53-band-2002","status":"publish","type":"page","link":"https:\/\/geschichte-brandenburg.de\/wordpress\/53-band-2002\/","title":{"rendered":"53. Band (2002)"},"content":{"rendered":"\n<ul class=\"wp-block-list\"><li>Escher, Felix: Dank an Wolfgang Neugebauer [Vorg\u00e4nger als Schriftleiter], S. 7.<\/li><li>Ludwig, Thomas: Die Gr\u00fcndungsurkunde f\u00fcr das Bistum Brandenburg. Zur Methode der Urkundenkritik, S. 9\u201328.<\/li><li>Harnisch, Harriet: Urkunden aus Prenzlauer Kl\u00f6stern und dem Gutsarchiv Arendsee\/Sch\u00f6nermark \u2013 eine Neuerwerbung des Brandenburgischen Landeshauptarchivs, S. 29\u201345.<\/li><li>Enders, Lieselott: Herrschaftswechsel mit Langzeitfolgen. Sch\u00f6nhausen und Fischbeck unter den Bismarks (16.\u201318. Jahrhundert), S. 46\u201372.<\/li><li>Joost, Sebastian: Preu\u00dfen im Spannungsfeld von Legitimit\u00e4tsprinzip und Realpolitik. Zur Verm\u00e4hlung der Herzogin Helene zu Mecklenburg-Schwerin mit Herzog Ferdinand von Orl\u00e9ans 1837, S. 73\u201389.<\/li><li>Kohnke, Meta: Geschichte der j\u00fcdischen Gemeinde in Biesenthal von ihrer Gr\u00fcndung bis zur Aufl\u00f6sung im Jahre 1758, S. 90\u2013121.<\/li><li>Engel, Evamaria: \u201eNeue\u201c St\u00e4dte des 20. Jahrhunderts im Land Brandenburg, S. 122\u2013148.<\/li><li>B\u00fccherschau, S. 149\u2013181.<\/li><li>Bibliographie 2001\/2002. Mit Nachtr\u00e4gen aus dem Jahr 2000. Bearb. von Dorothee Ge\u00dfner unter Mitarb. von Peter Bahl, S. 182\u2013198.<\/li><li>Escher, Felix: Das neue Ehrenmitglied Professor Dr. Friedrich Beck 75 Jahre, S. 292\u2013293.<\/li><li>Kla\u00df, Ingrid\/Escher, Felix: Aus dem Leben der Vereinigung [T\u00e4tigkeitsbericht 2000\/01], S. 200.<\/li><\/ul>\n","protected":false},"excerpt":{"rendered":"<p>Escher, Felix: Dank an Wolfgang Neugebauer [Vorg\u00e4nger als Schriftleiter], S. 7. Ludwig, Thomas: Die Gr\u00fcndungsurkunde f\u00fcr das Bistum Brandenburg. Zur Methode der Urkundenkritik, S. 9\u201328. Harnisch, Harriet: Urkunden aus Prenzlauer [&hellip;]<\/p>\n","protected":false},"author":4,"featured_media":0,"parent":0,"menu_order":0,"comment_status":"closed","ping_status":"closed","template":"","meta":{"footnotes":""},"class_list":["post-1205","page","type-page","status-publish","hentry"],"_links":{"self":[{"href":"https:\/\/geschichte-brandenburg.de\/wordpress\/wp-json\/wp\/v2\/pages\/1205","targetHints":{"allow":["GET"]}}],"collection":[{"href":"https:\/\/geschichte-brandenburg.de\/wordpress\/wp-json\/wp\/v2\/pages"}],"about":[{"href":"https:\/\/geschichte-brandenburg.de\/wordpress\/wp-json\/wp\/v2\/types\/page"}],"author":[{"embeddable":true,"href":"https:\/\/geschichte-brandenburg.de\/wordpress\/wp-json\/wp\/v2\/users\/4"}],"replies":[{"embeddable":true,"href":"https:\/\/geschichte-brandenburg.de\/wordpress\/wp-json\/wp\/v2\/comments?post=1205"}],"version-history":[{"count":2,"href":"https:\/\/geschichte-brandenburg.de\/wordpress\/wp-json\/wp\/v2\/pages\/1205\/revisions"}],"predecessor-version":[{"id":1207,"href":"https:\/\/geschichte-brandenburg.de\/wordpress\/wp-json\/wp\/v2\/pages\/1205\/revisions\/1207"}],"wp:attachment":[{"href":"https:\/\/geschichte-brandenburg.de\/wordpress\/wp-json\/wp\/v2\/media?parent=1205"}],"curies":[{"name":"wp","href":"https:\/\/api.w.org\/{rel}","templated":true}]}}