{"id":1210,"date":"2020-10-14T22:59:56","date_gmt":"2020-10-14T20:59:56","guid":{"rendered":"http:\/\/geschichte-brandenburg.de\/wordpress\/?page_id=1210"},"modified":"2020-10-14T23:06:45","modified_gmt":"2020-10-14T21:06:45","slug":"51-band-2000","status":"publish","type":"page","link":"https:\/\/geschichte-brandenburg.de\/wordpress\/51-band-2000\/","title":{"rendered":"51. Band (2000)"},"content":{"rendered":"\n<ul class=\"wp-block-list\"><li>Assing, Helmut: Das Bistum Brandenburg wurde wahrscheinlich doch erst 965 gegr\u00fcndet, S. 7\u201329.<\/li><li>Kurze, Dietrich: \u201eKetzer-Angerm\u00fcnde\u201c. Zur Bezeichnung der Stadt und zum Inquisitionsproze\u00df des Jahres 1336, S. 30\u201351.<\/li><li>Pohl, Joachim: Stadt und Kloster in der Mark Brandenburg am Beispiel Spandau, S. 52\u201376.<\/li><li>Wochnik, Fritz: Ma\u00dfwerkrosen und Blendrosetten im Sakralbau der Mark Brandenburg, S. 77\u201395.<\/li><li>Foelsch, Torsten: Burg und Schlo\u00df Stavenow in der Prignitz. Beitr\u00e4ge zur Besitz- und Baugeschichte eines m\u00e4rkischen Rittersitzes, S. 96\u2013123.<\/li><li>Neugebauer, Wolfgang: Residenzenpraxis und Politik in Kurbrandenburg im 16. Jahrhundert, S. 124\u2013138.<\/li><li>Lange, Heinrich: Zur kirchlichen Ausstattung im Residenz-Umland unter Friedrich dem Gro\u00dfen am Beispiel von Berlin-Hermsdorf. Auf der Suche nach dem Stifter und dem Zinngie\u00dfer der Altarleuchter der friderizianischen Dorfkirche, S. 139\u2013155.<\/li><li>Fischer, Hubertus: \u201eRiesler\u201c und \u201eScheunenprediger\u201c. Versuch \u00fcber Familien\u00e4hnlichkeiten in Theodor Fontanes \u201eStorch von Adebar\u201c, S. 156\u2013185.<\/li><li>B\u00fccherschau, S. 186\u2013231.<\/li><li>Axthelm, Hans: Ehrenmitglied G\u00fcnter de Bruyn, S. 232\u2013233.<\/li><li>Escher, Felix: Nachruf auf Hans-Werner Kl\u00fcnner, S. 234\u2013236.<\/li><li>Bibliographie Hans-Werner Kl\u00fcnner. Bearb. von Peter Bahl, S. 237\u2013244.<\/li><li>Axthelm, Hans: Aus dem Leben der Vereinigung [T\u00e4tigkeitsbericht 1998\/99], S. 245\u2013248.<\/li><\/ul>\n","protected":false},"excerpt":{"rendered":"<p>Assing, Helmut: Das Bistum Brandenburg wurde wahrscheinlich doch erst 965 gegr\u00fcndet, S. 7\u201329. Kurze, Dietrich: \u201eKetzer-Angerm\u00fcnde\u201c. Zur Bezeichnung der Stadt und zum Inquisitionsproze\u00df des Jahres 1336, S. 30\u201351. Pohl, Joachim: [&hellip;]<\/p>\n","protected":false},"author":4,"featured_media":0,"parent":0,"menu_order":0,"comment_status":"closed","ping_status":"closed","template":"","meta":{"footnotes":""},"class_list":["post-1210","page","type-page","status-publish","hentry"],"_links":{"self":[{"href":"https:\/\/geschichte-brandenburg.de\/wordpress\/wp-json\/wp\/v2\/pages\/1210","targetHints":{"allow":["GET"]}}],"collection":[{"href":"https:\/\/geschichte-brandenburg.de\/wordpress\/wp-json\/wp\/v2\/pages"}],"about":[{"href":"https:\/\/geschichte-brandenburg.de\/wordpress\/wp-json\/wp\/v2\/types\/page"}],"author":[{"embeddable":true,"href":"https:\/\/geschichte-brandenburg.de\/wordpress\/wp-json\/wp\/v2\/users\/4"}],"replies":[{"embeddable":true,"href":"https:\/\/geschichte-brandenburg.de\/wordpress\/wp-json\/wp\/v2\/comments?post=1210"}],"version-history":[{"count":2,"href":"https:\/\/geschichte-brandenburg.de\/wordpress\/wp-json\/wp\/v2\/pages\/1210\/revisions"}],"predecessor-version":[{"id":1214,"href":"https:\/\/geschichte-brandenburg.de\/wordpress\/wp-json\/wp\/v2\/pages\/1210\/revisions\/1214"}],"wp:attachment":[{"href":"https:\/\/geschichte-brandenburg.de\/wordpress\/wp-json\/wp\/v2\/media?parent=1210"}],"curies":[{"name":"wp","href":"https:\/\/api.w.org\/{rel}","templated":true}]}}