{"id":1226,"date":"2020-10-15T10:14:37","date_gmt":"2020-10-15T08:14:37","guid":{"rendered":"http:\/\/geschichte-brandenburg.de\/wordpress\/?page_id=1226"},"modified":"2020-10-15T10:17:14","modified_gmt":"2020-10-15T08:17:14","slug":"50-band-1999","status":"publish","type":"page","link":"https:\/\/geschichte-brandenburg.de\/wordpress\/50-band-1999\/","title":{"rendered":"50. Band (1999)"},"content":{"rendered":"\n<ul class=\"wp-block-list\"><li>Henning, Eckart\/Neugebauer, Wolfgang: Zum 50. Band des Jahrbuchs f\u00fcr brandenburgische Landesgeschichte [Inhaltsverzeichnisse der B\u00e4nde 42 (1991) \u2013 49 (1998)], S. 7\u201311.<\/li><li>Kurze, Dietrich: Otto I. und die Gr\u00fcndung des Bistums Brandenburg: 948, 949 oder 956?, S. 12\u201330.<\/li><li>Enders, Lieselott: Burgen, Schl\u00f6sser, Gutsgeb\u00e4ude. Zur Baugeschichte der Prignitz in der Fr\u00fchneuzeit, S. 31\u201361.<\/li><li>Laminski, Adolf: Georg Buchholzer. Erster evangelischer Pfarrer in Buckow, Sch\u00f6na und Arnswalde sowie Propst an St. Nikolai in Berlin, S. 62\u2013112.<\/li><li>Z\u00fcckert, Hartmut: Agrardualismus und Gutsherrschaftsgebiet. Untert\u00e4nigkeitsverh\u00e4ltnisse in den D\u00f6rfern von Berlin-Zehlendorf, S. 113\u2013135.<\/li><li>Fischer, Hubertus: \u201eGedichte\u201c \u2013 \u201eSoldatenlieder\u201c \u2013 \u201ePreu\u00dfenlieder\u201c: Wie Fontanes \u201ePreu\u00dfische Feldherrn\u201c volkst\u00fcmlich wurden, S. 137\u2013168.<\/li><li>Neugebauer, Wolfgang: Zur preu\u00dfischen Geschichtswissenschaft zwischen den Weltkriegen am Beispiel der Acta Borussica, S. 169\u2013196.<\/li><li>Kohl, Ulrike: Quellen zur Geschichte der NSDAP und ihrer Gliederungen in Berlin-Brandenburg, S. 197\u2013215.<\/li><li>Baumgart, Peter\/Kaufhold, Karl Heinrich\/Neugebauer, Wolfgang\/S\u00f6semann, Bernd\/Witt-Kronshage, Helga: Brandenburger in Preu\u00dfen \u2013 ein gro\u00dfes Thema f\u00fcr eine breite \u00d6ffentlichkeit. Bericht \u00fcber ein Ausstellungskonzept f\u00fcr den Kutschpferdestall in Potsdam, S. 216\u2013232.<\/li><li>B\u00fccherschau, S. 233\u2013274.<\/li><li>H(enning), E(ckart): Bibliographische Hinweise [auf Neuerscheinungen], S. 275\u2013278.<\/li><\/ul>\n","protected":false},"excerpt":{"rendered":"<p>Henning, Eckart\/Neugebauer, Wolfgang: Zum 50. Band des Jahrbuchs f\u00fcr brandenburgische Landesgeschichte [Inhaltsverzeichnisse der B\u00e4nde 42 (1991) \u2013 49 (1998)], S. 7\u201311. Kurze, Dietrich: Otto I. und die Gr\u00fcndung des Bistums [&hellip;]<\/p>\n","protected":false},"author":2,"featured_media":0,"parent":0,"menu_order":0,"comment_status":"closed","ping_status":"closed","template":"","meta":{"footnotes":""},"class_list":["post-1226","page","type-page","status-publish","hentry"],"_links":{"self":[{"href":"https:\/\/geschichte-brandenburg.de\/wordpress\/wp-json\/wp\/v2\/pages\/1226","targetHints":{"allow":["GET"]}}],"collection":[{"href":"https:\/\/geschichte-brandenburg.de\/wordpress\/wp-json\/wp\/v2\/pages"}],"about":[{"href":"https:\/\/geschichte-brandenburg.de\/wordpress\/wp-json\/wp\/v2\/types\/page"}],"author":[{"embeddable":true,"href":"https:\/\/geschichte-brandenburg.de\/wordpress\/wp-json\/wp\/v2\/users\/2"}],"replies":[{"embeddable":true,"href":"https:\/\/geschichte-brandenburg.de\/wordpress\/wp-json\/wp\/v2\/comments?post=1226"}],"version-history":[{"count":2,"href":"https:\/\/geschichte-brandenburg.de\/wordpress\/wp-json\/wp\/v2\/pages\/1226\/revisions"}],"predecessor-version":[{"id":1228,"href":"https:\/\/geschichte-brandenburg.de\/wordpress\/wp-json\/wp\/v2\/pages\/1226\/revisions\/1228"}],"wp:attachment":[{"href":"https:\/\/geschichte-brandenburg.de\/wordpress\/wp-json\/wp\/v2\/media?parent=1226"}],"curies":[{"name":"wp","href":"https:\/\/api.w.org\/{rel}","templated":true}]}}