{"id":1236,"date":"2020-10-15T10:24:25","date_gmt":"2020-10-15T08:24:25","guid":{"rendered":"http:\/\/geschichte-brandenburg.de\/wordpress\/?page_id=1236"},"modified":"2020-10-15T11:28:22","modified_gmt":"2020-10-15T09:28:22","slug":"47-band-1996","status":"publish","type":"page","link":"https:\/\/geschichte-brandenburg.de\/wordpress\/47-band-1996\/","title":{"rendered":"47. Band (1996)"},"content":{"rendered":"\n<ul class=\"wp-block-list\"><li>Enders, Lieselott: Herrschaft und Siedlung in der Prignitz im Hochmittelalter, S. 7\u201348.<\/li><li>B\u00f6nisch, Fritz: Die Stifterwappen der Briesener Wandmalerei von 1486, S. 49\u201354.<\/li><li>G\u00f6se, Frank: Zwischen adliger Herrschaft und st\u00e4dtischer Freiheit. Zur Geschichte kurm\u00e4rkischer adliger Mediatst\u00e4dte in der Fr\u00fchen Neuzeit, S. 55\u201385.<\/li><li>Schiller, Ren\u00e9: Vom Dom\u00e4nenvorwerk zum Rittergut. Die Dom\u00e4nenver\u00e4u\u00dferungen in der Kurmark in der ersten H\u00e4lfte des 19. Jahrhunderts, S. 86\u2013104.<\/li><li>Fischer, Hubertus: \u201ePotsdamer Geschichts-Dilettirungen\u201c. Unver\u00f6ffentlichte Briefe Louis Schneiders und Theodor Fontanes an Leopold von Ledebur mit Antwortkonzepten des Empf\u00e4ngers, S. 105\u2013131.<\/li><li>K\u00f6lling, Bernd: Preu\u00dfisches Landkino in den zwanziger Jahren. Grenzen der kulturellen Modernisierung im ostelbischen Deutschland unter besonderer Ber\u00fccksichtigung der Provinz Brandenburg, S. 131\u2013148.<\/li><li>Kotsch, Detlef: Karrierewege in Brandenburg nach dem Zweiten Weltkrieg. Entstehung und Etablierung der neuen Eliten in den Jahren 1945\u20131960, S. 149\u2013191.<\/li><li>Schich, Winfried: Eine neue Gesamtdarstellung zur brandenburgischen Geschichte, S. 192\u2013199.<\/li><li>B\u00fccherschau, S. 200\u2013235.<\/li><li>H(enning), E(ckart): Bibliographische Hinweise [auf Neuerscheinungen], S. 237\u2013239.<\/li><li>Axthelm, Hans: Aus dem Leben der Vereinigung [T\u00e4tigkeitsbericht 1994\/95], S. 240\u2013241.<\/li><\/ul>\n","protected":false},"excerpt":{"rendered":"<p>Enders, Lieselott: Herrschaft und Siedlung in der Prignitz im Hochmittelalter, S. 7\u201348. B\u00f6nisch, Fritz: Die Stifterwappen der Briesener Wandmalerei von 1486, S. 49\u201354. G\u00f6se, Frank: Zwischen adliger Herrschaft und st\u00e4dtischer [&hellip;]<\/p>\n","protected":false},"author":2,"featured_media":0,"parent":0,"menu_order":0,"comment_status":"closed","ping_status":"closed","template":"","meta":{"footnotes":""},"class_list":["post-1236","page","type-page","status-publish","hentry"],"_links":{"self":[{"href":"https:\/\/geschichte-brandenburg.de\/wordpress\/wp-json\/wp\/v2\/pages\/1236","targetHints":{"allow":["GET"]}}],"collection":[{"href":"https:\/\/geschichte-brandenburg.de\/wordpress\/wp-json\/wp\/v2\/pages"}],"about":[{"href":"https:\/\/geschichte-brandenburg.de\/wordpress\/wp-json\/wp\/v2\/types\/page"}],"author":[{"embeddable":true,"href":"https:\/\/geschichte-brandenburg.de\/wordpress\/wp-json\/wp\/v2\/users\/2"}],"replies":[{"embeddable":true,"href":"https:\/\/geschichte-brandenburg.de\/wordpress\/wp-json\/wp\/v2\/comments?post=1236"}],"version-history":[{"count":2,"href":"https:\/\/geschichte-brandenburg.de\/wordpress\/wp-json\/wp\/v2\/pages\/1236\/revisions"}],"predecessor-version":[{"id":1238,"href":"https:\/\/geschichte-brandenburg.de\/wordpress\/wp-json\/wp\/v2\/pages\/1236\/revisions\/1238"}],"wp:attachment":[{"href":"https:\/\/geschichte-brandenburg.de\/wordpress\/wp-json\/wp\/v2\/media?parent=1236"}],"curies":[{"name":"wp","href":"https:\/\/api.w.org\/{rel}","templated":true}]}}