{"id":1239,"date":"2020-10-15T11:28:44","date_gmt":"2020-10-15T09:28:44","guid":{"rendered":"http:\/\/geschichte-brandenburg.de\/wordpress\/?page_id=1239"},"modified":"2020-10-15T11:31:21","modified_gmt":"2020-10-15T09:31:21","slug":"46-band-1995","status":"publish","type":"page","link":"https:\/\/geschichte-brandenburg.de\/wordpress\/46-band-1995\/","title":{"rendered":"46. Band (1995)"},"content":{"rendered":"\n<ul class=\"wp-block-list\"><li>Assing, Helmut: Albrecht der B\u00e4r als \u201emarchio de Brandenburg\u201c und \u201emarchio Brandenburgensis\u201c. Werdegang und Hintergr\u00fcnde einer Titel\u00e4nderung, S. 7\u201345.<\/li><li>Zdrenka, Joachim: Der Streit um Beeskow und Storkow als Besitz der pommerschen Herz\u00f6ge 1394\u20131479, S. 46\u201369.<\/li><li>Oppitz, Ulrich-Dieter: \u201eSchl\u00fcssel des S\u00e4chsischen Landrechts\u201c \u2013 ein Fragment aus Perleberg, S. 70\u201375.<\/li><li>Enders, Lieselott: Die Verm\u00f6gensverh\u00e4ltnisse des Prignitzer Adels im 18. Jahrhundert, S. 76\u201393.<\/li><li>Radtke, Wolfgang: Preu\u00dfischer Merkantilismus\/Kameralismus. Dargestellt am Beispiel der Kurmark Brandenburg. Abri\u00df eines Forschungsprojektes, S. 94\u2013110.<\/li><li>Meier, Brigitte: Die j\u00fcdische Gemeinde in Frankfurt an der Oder auf dem Weg in die Moderne 1750 bis 1850. Eine sozialhistorische Mikrostudie, S. 111\u2013128.<\/li><li>Beck, Friedrich: Gottesgnadentum und Nationalrepr\u00e4sentation. Unver\u00f6ffentlichte Handschreiben K\u00f6nig Friedrich Wilhelms IV. von Preu\u00dfen an den Innenminister Graf Adolf Heinrich v. Arnim-Boitzenburg, S. 129\u2013139.<\/li><li>Nehls, Hary: Die Themistoklesherme im Neuen Garten zu Potsdam, S. 140\u2013143.<\/li><li>N\u00fcrnberger, Helmuth: Georg Hett (1892\u20131956) und Thea Zimmermann-de Terra (1901\u20131939), zwei Enkel Theodor Fontanes. Zur Geschichte zweier unehelicher Kinder. Mit einem Lebensbericht von Georg Hett und Erinnerungen seiner Tochter Margret Hofmann, S. 144\u2013158.<\/li><li>Ther, Philipp: Die Vertriebenenpolitik in der SBZ\/DDR 1945\u20131953 am Beispiel des Kreises Calau-Senftenberg, S. 159\u2013168.<\/li><li>Schl\u00fcter, Steffen: Albert Einstein als Direktor des Kaiser-Wilhelm-Instituts f\u00fcr Physik in Berlin-Sch\u00f6neberg, S. 169\u2013185.<\/li><li>Heinrich, Gerd: \u201eAutopsie von B\u00fccherleichen\u201c. Alte und neue Berlin-Bibliographie. Oder: Einige Bemerkungen zur Benutzbarkeit von Regionalbibliographien, S. 186\u2013190.<\/li><li>B\u00fccherschau, S. 191\u2013224.<\/li><li>H(enning), E(ckart): Bibliographische Hinweise [auf Neuerscheinungen], S. 225\u2013227.<\/li><\/ul>\n","protected":false},"excerpt":{"rendered":"<p>Assing, Helmut: Albrecht der B\u00e4r als \u201emarchio de Brandenburg\u201c und \u201emarchio Brandenburgensis\u201c. Werdegang und Hintergr\u00fcnde einer Titel\u00e4nderung, S. 7\u201345. Zdrenka, Joachim: Der Streit um Beeskow und Storkow als Besitz der [&hellip;]<\/p>\n","protected":false},"author":2,"featured_media":0,"parent":0,"menu_order":0,"comment_status":"closed","ping_status":"closed","template":"","meta":{"footnotes":""},"class_list":["post-1239","page","type-page","status-publish","hentry"],"_links":{"self":[{"href":"https:\/\/geschichte-brandenburg.de\/wordpress\/wp-json\/wp\/v2\/pages\/1239","targetHints":{"allow":["GET"]}}],"collection":[{"href":"https:\/\/geschichte-brandenburg.de\/wordpress\/wp-json\/wp\/v2\/pages"}],"about":[{"href":"https:\/\/geschichte-brandenburg.de\/wordpress\/wp-json\/wp\/v2\/types\/page"}],"author":[{"embeddable":true,"href":"https:\/\/geschichte-brandenburg.de\/wordpress\/wp-json\/wp\/v2\/users\/2"}],"replies":[{"embeddable":true,"href":"https:\/\/geschichte-brandenburg.de\/wordpress\/wp-json\/wp\/v2\/comments?post=1239"}],"version-history":[{"count":2,"href":"https:\/\/geschichte-brandenburg.de\/wordpress\/wp-json\/wp\/v2\/pages\/1239\/revisions"}],"predecessor-version":[{"id":1241,"href":"https:\/\/geschichte-brandenburg.de\/wordpress\/wp-json\/wp\/v2\/pages\/1239\/revisions\/1241"}],"wp:attachment":[{"href":"https:\/\/geschichte-brandenburg.de\/wordpress\/wp-json\/wp\/v2\/media?parent=1239"}],"curies":[{"name":"wp","href":"https:\/\/api.w.org\/{rel}","templated":true}]}}