{"id":1242,"date":"2020-10-15T11:33:17","date_gmt":"2020-10-15T09:33:17","guid":{"rendered":"http:\/\/geschichte-brandenburg.de\/wordpress\/?page_id=1242"},"modified":"2020-10-15T11:35:32","modified_gmt":"2020-10-15T09:35:32","slug":"45-band-1994","status":"publish","type":"page","link":"https:\/\/geschichte-brandenburg.de\/wordpress\/45-band-1994\/","title":{"rendered":"45. Band (1994)"},"content":{"rendered":"\n<ul class=\"wp-block-list\"><li>Donat, Peter\/Fischer, Reinhard E.: Die Anf\u00e4nge deutscher Siedlung westlich der Oder. Methodische \u00dcberlegungen zu Problemen aktueller arch\u00e4ologischer und onomastischer Forschungen, S. 7\u201330.<\/li><li>Schich, Winfried: Die Havel als Wasserstra\u00dfe im Mittelalter. Br\u00fccken, D\u00e4mme, M\u00fchlen, Flutrinnen, S. 31\u201355.<\/li><li>Enders, Lieselott: Das Stiftungsjahr des Bistums Havelberg: 946 oder 948? M\u00f6glichkeiten und Grenzen der Quellenkritik, S. 56\u201365.<\/li><li>Rohrlach, Peter P.: Der alte Kreis J\u00fcterbog-Luckenwalde, S. 66\u201381.<\/li><li>Krafft, Ludwig: Florian Matthis \u2013 Wundarzt und Chirurg aus Brandenburg an der Havel, S. 82\u201396.<\/li><li>G\u00f6se, Frank: Ein altm\u00e4rkischer Amtstr\u00e4ger zwischen Staatsdienst und St\u00e4ndetum. Levin Friedrich II. von Bismarck auf Briest (1703\u20131774), S. 97\u2013117.<\/li><li>M\u00fcller, Hans-Heinrich: Die brandenburgische Landwirtschaft im Spiegel der Berichte des preu\u00dfischen Landes\u00f6konomiekollegiums um die Mitte des 19. Jahrhunderts (ca. 1840\u20131860), S. 118\u2013143.<\/li><li>Modrow, Irina: Zur Politisierung der preu\u00dfischen Erweckungsbewegung im 19. Jahrhundert, S. 144\u2013157.<\/li><li>W\u00f6lker, Thomas: Carinhall, Hermann G\u00f6rings Wohnsitz in der Schorfheide. Ein Beitrag zur Entmystifizierung, S. 158\u2013181.<\/li><li>Bauerk\u00e4mper, Arnd: Das Neubauernprogramm im Land Brandenburg. Voraussetzungen, Entwicklung und Auswirkungen 1947\u20131952, S. 182\u2013202.<\/li><li>B\u00fccherschau, S. 203\u2013234.<\/li><li>H(enning), E(ckart): Bibliographische Hinweise [auf Neuerscheinungen], S. 235\u2013236.<\/li><li>Axthelm, Hans: Aus dem Leben der Vereinigung [T\u00e4tigkeitsbericht 1992\/93], S. 237\u2013240.<\/li><\/ul>\n","protected":false},"excerpt":{"rendered":"<p>Donat, Peter\/Fischer, Reinhard E.: Die Anf\u00e4nge deutscher Siedlung westlich der Oder. Methodische \u00dcberlegungen zu Problemen aktueller arch\u00e4ologischer und onomastischer Forschungen, S. 7\u201330. Schich, Winfried: Die Havel als Wasserstra\u00dfe im Mittelalter. [&hellip;]<\/p>\n","protected":false},"author":2,"featured_media":0,"parent":0,"menu_order":0,"comment_status":"closed","ping_status":"closed","template":"","meta":{"footnotes":""},"class_list":["post-1242","page","type-page","status-publish","hentry"],"_links":{"self":[{"href":"https:\/\/geschichte-brandenburg.de\/wordpress\/wp-json\/wp\/v2\/pages\/1242","targetHints":{"allow":["GET"]}}],"collection":[{"href":"https:\/\/geschichte-brandenburg.de\/wordpress\/wp-json\/wp\/v2\/pages"}],"about":[{"href":"https:\/\/geschichte-brandenburg.de\/wordpress\/wp-json\/wp\/v2\/types\/page"}],"author":[{"embeddable":true,"href":"https:\/\/geschichte-brandenburg.de\/wordpress\/wp-json\/wp\/v2\/users\/2"}],"replies":[{"embeddable":true,"href":"https:\/\/geschichte-brandenburg.de\/wordpress\/wp-json\/wp\/v2\/comments?post=1242"}],"version-history":[{"count":2,"href":"https:\/\/geschichte-brandenburg.de\/wordpress\/wp-json\/wp\/v2\/pages\/1242\/revisions"}],"predecessor-version":[{"id":1244,"href":"https:\/\/geschichte-brandenburg.de\/wordpress\/wp-json\/wp\/v2\/pages\/1242\/revisions\/1244"}],"wp:attachment":[{"href":"https:\/\/geschichte-brandenburg.de\/wordpress\/wp-json\/wp\/v2\/media?parent=1242"}],"curies":[{"name":"wp","href":"https:\/\/api.w.org\/{rel}","templated":true}]}}