{"id":1245,"date":"2020-10-15T11:35:58","date_gmt":"2020-10-15T09:35:58","guid":{"rendered":"http:\/\/geschichte-brandenburg.de\/wordpress\/?page_id=1245"},"modified":"2020-10-15T11:38:21","modified_gmt":"2020-10-15T09:38:21","slug":"44-band-1993","status":"publish","type":"page","link":"https:\/\/geschichte-brandenburg.de\/wordpress\/44-band-1993\/","title":{"rendered":"44. Band (1993)"},"content":{"rendered":"\n<h3 class=\"wp-block-heading\">Potsdam \u2013 Brandenburg \u2013 Preu\u00dfen. Beitr\u00e4ge der Landesgeschichtlichen Vereinigung zur Tausendjahrfeier der Stadt Potsdam.<br>Hrsg. von Wolfgang Neugebauer<\/h3>\n\n\n\n<ul class=\"wp-block-list\"><li>Enderlein, Hinrich: Geleitwort, S. 7.<\/li><li>Neugebauer, Wolfgang: Vorwort des Herausgebers, S. 9.<\/li><li>Assing, Helmut: Die R\u00e4tsel der ersten Potsdamer Urkunde, S. 11\u201333.<\/li><li>Wiese, Joachim: Forschungen zur Sprachgeschichte im Land Brandenburg, S. 34\u201342.<\/li><li>Lehmann, Hannelore: Pietismus in Potsdam im Spiegel von Briefen an August Hermann Francke (1663\u20131727) und seinen Sohn Gotthilf August (1696\u20131769), S. 43\u201352.<\/li><li>Mielke, Friedrich: Die Kolonnaden des Potsdamer Stadtschlosses, S. 53\u201368.<\/li><li>Neugebauer, Wolfgang: Das preu\u00dfische Kabinett in Potsdam. Eine verfassungsgeschichtliche Studie zur f\u00fcrstlichen Zentralsph\u00e4re in der Zeit des Absolutismus, S. 69\u2013115.<\/li><li>Meier, Brigitte: Die Einf\u00fchrung der Steinschen St\u00e4dteordnung in Potsdam. Von der Magistratsverfassung zur st\u00e4dtischen Selbstregierung, S. 116\u2013129.<\/li><li>Barclay, David E.: Denkmal und Revolutionsfurcht. Friedrich Wilhelm IV. und die Verherrlichung des preu\u00dfischen Feldzugs in S\u00fcdwestdeutschland 1849 \u2013Monumentale Beispiele im Potsdamer Raum, S. 130\u2013160.<\/li><li>Nehls, Harry: \u201eMein letzter Wille!\u201c \u2013 Das Testament des Prinzen Carl von Preu\u00dfen, S. 161\u2013175.<\/li><li>P\u00f6tschke, Dieter: Georg Sellos Forschungen zur Geschichte der Stadt Potsdam und zur deutschen Rechtsgeschichte, S. 176\u2013188.<\/li><li>K\u00f6hn, Tilo: Das andere Potsdam \u2013 Arbeit und Freizeit Potsdamer Arbeiter um 1900, S. 189\u2013210.<\/li><li>Escher, Felix: Der Potsdamer Reichsarchivrat Karlheinrich Sch\u00e4fer (1871\u20131945) und sein Wirken f\u00fcr die brandenburgische Landesgeschichte, S. 211\u2013220.<\/li><li>Kalesse, Andreas: Die Plansammlung des Amtes f\u00fcr Denkmalpflege Potsdam. [Mit Beitr\u00e4gen von Jens Amelung, Johanna Neuperdt, Peter Herling, J\u00f6rg Limberg, Gundula Hamilton, Matthias Kartz und Heidi B\u00fcttner], S. 221\u2013243.<\/li><li>Escher, Felix: Zwei neue Ehrenmitglieder aus Potsdam. Dr. phil. Lieselott Enders und Dr. rer. nat habil. Heinz-Dieter Krausch, S. 244\u2013245.<\/li><\/ul>\n","protected":false},"excerpt":{"rendered":"<p>Potsdam \u2013 Brandenburg \u2013 Preu\u00dfen. Beitr\u00e4ge der Landesgeschichtlichen Vereinigung zur Tausendjahrfeier der Stadt Potsdam.Hrsg. von Wolfgang Neugebauer Enderlein, Hinrich: Geleitwort, S. 7. Neugebauer, Wolfgang: Vorwort des Herausgebers, S. 9. Assing, [&hellip;]<\/p>\n","protected":false},"author":2,"featured_media":0,"parent":0,"menu_order":0,"comment_status":"closed","ping_status":"closed","template":"","meta":{"footnotes":""},"class_list":["post-1245","page","type-page","status-publish","hentry"],"_links":{"self":[{"href":"https:\/\/geschichte-brandenburg.de\/wordpress\/wp-json\/wp\/v2\/pages\/1245","targetHints":{"allow":["GET"]}}],"collection":[{"href":"https:\/\/geschichte-brandenburg.de\/wordpress\/wp-json\/wp\/v2\/pages"}],"about":[{"href":"https:\/\/geschichte-brandenburg.de\/wordpress\/wp-json\/wp\/v2\/types\/page"}],"author":[{"embeddable":true,"href":"https:\/\/geschichte-brandenburg.de\/wordpress\/wp-json\/wp\/v2\/users\/2"}],"replies":[{"embeddable":true,"href":"https:\/\/geschichte-brandenburg.de\/wordpress\/wp-json\/wp\/v2\/comments?post=1245"}],"version-history":[{"count":2,"href":"https:\/\/geschichte-brandenburg.de\/wordpress\/wp-json\/wp\/v2\/pages\/1245\/revisions"}],"predecessor-version":[{"id":1247,"href":"https:\/\/geschichte-brandenburg.de\/wordpress\/wp-json\/wp\/v2\/pages\/1245\/revisions\/1247"}],"wp:attachment":[{"href":"https:\/\/geschichte-brandenburg.de\/wordpress\/wp-json\/wp\/v2\/media?parent=1245"}],"curies":[{"name":"wp","href":"https:\/\/api.w.org\/{rel}","templated":true}]}}