{"id":1248,"date":"2020-10-15T11:38:40","date_gmt":"2020-10-15T09:38:40","guid":{"rendered":"http:\/\/geschichte-brandenburg.de\/wordpress\/?page_id=1248"},"modified":"2020-10-15T11:40:33","modified_gmt":"2020-10-15T09:40:33","slug":"43-band-1992","status":"publish","type":"page","link":"https:\/\/geschichte-brandenburg.de\/wordpress\/43-band-1992\/","title":{"rendered":"43. Band (1992)"},"content":{"rendered":"\n<ul class=\"wp-block-list\"><li>K\u00f6hn, Tilo: Zur deutschen Herrschaftsbildung im 12.\/13. Jahrhundert zwischen Teltow und Hohem Fl\u00e4ming, S. 7\u201347.<\/li><li>Kamke, Hans-Ulrich: Die Bev\u00f6lkerung Brandenburgs zum Ende des 15. Jahrhunderts. Zu Quellen der Bev\u00f6lkerungs- und Sozialgeschichte im sp\u00e4tmittelalterlichen Brandenburg, S. 48\u201355.<\/li><li>Enders, Lieselott: Das Renaissanceschlo\u00df Freyenstein und sein Architekt [Dominicus Parr], S. 56\u201367.<\/li><li>Seiler, Michael: Zwischen Pfaueninsel und Glienicke. Geschichte eines Landschaftsgestaltung, S. 68\u2013107.<\/li><li>Lehmann, Hannelore: Otto Lessings \u201eKreuzabnahme\u201c in der Dorfkirche von Meseberg bei Gransee, S. 108\u2013117.<\/li><li>Rocksch, Wolfgang: Traditionsschulen in der Potsdamer Innenstadt, S. 118\u2013127.<\/li><li>Nehls, Harry: Das Alexander-\u201eMosaik\u201c im Caldarium der R\u00f6mischen B\u00e4der zu Potsdam-Sanssouci, S. 128\u2013136.<\/li><li>Laitko, Hubert: Wissenschaft im R\u00fcckspiegel. Gedanken \u00fcber den Wert der Wissenschaftsgeschichte, vorgetragen zur Er\u00f6ffnung der Ausstellung \u201eDahlem \u2013 ein deutsches Oxford\u201c, S. 137\u2013153.<\/li><li>Neugebauer, Wolfgang: Brandenburg-Preu\u00dfische Geschichte nach der deutschen Einheit. Voraussetzungen und Aufgaben, S. 154\u2013181.<\/li><li>B\u00fccherschau, S. 182\u2013206.<\/li><li>Vogel, Werner: Gerhard K\u00fcchler. * Oberl\u00f6\u00dfnitz 10. 4. 1905, \u2020 Berlin 16. 3. 1992. [Nachruf], S. 207\u2013208.<\/li><\/ul>\n","protected":false},"excerpt":{"rendered":"<p>K\u00f6hn, Tilo: Zur deutschen Herrschaftsbildung im 12.\/13. Jahrhundert zwischen Teltow und Hohem Fl\u00e4ming, S. 7\u201347. Kamke, Hans-Ulrich: Die Bev\u00f6lkerung Brandenburgs zum Ende des 15. Jahrhunderts. Zu Quellen der Bev\u00f6lkerungs- und [&hellip;]<\/p>\n","protected":false},"author":2,"featured_media":0,"parent":0,"menu_order":0,"comment_status":"closed","ping_status":"closed","template":"","meta":{"footnotes":""},"class_list":["post-1248","page","type-page","status-publish","hentry"],"_links":{"self":[{"href":"https:\/\/geschichte-brandenburg.de\/wordpress\/wp-json\/wp\/v2\/pages\/1248","targetHints":{"allow":["GET"]}}],"collection":[{"href":"https:\/\/geschichte-brandenburg.de\/wordpress\/wp-json\/wp\/v2\/pages"}],"about":[{"href":"https:\/\/geschichte-brandenburg.de\/wordpress\/wp-json\/wp\/v2\/types\/page"}],"author":[{"embeddable":true,"href":"https:\/\/geschichte-brandenburg.de\/wordpress\/wp-json\/wp\/v2\/users\/2"}],"replies":[{"embeddable":true,"href":"https:\/\/geschichte-brandenburg.de\/wordpress\/wp-json\/wp\/v2\/comments?post=1248"}],"version-history":[{"count":2,"href":"https:\/\/geschichte-brandenburg.de\/wordpress\/wp-json\/wp\/v2\/pages\/1248\/revisions"}],"predecessor-version":[{"id":1250,"href":"https:\/\/geschichte-brandenburg.de\/wordpress\/wp-json\/wp\/v2\/pages\/1248\/revisions\/1250"}],"wp:attachment":[{"href":"https:\/\/geschichte-brandenburg.de\/wordpress\/wp-json\/wp\/v2\/media?parent=1248"}],"curies":[{"name":"wp","href":"https:\/\/api.w.org\/{rel}","templated":true}]}}