{"id":1431,"date":"2021-03-22T13:14:08","date_gmt":"2021-03-22T12:14:08","guid":{"rendered":"http:\/\/geschichte-brandenburg.de\/wordpress\/?page_id=1431"},"modified":"2026-01-12T12:05:09","modified_gmt":"2026-01-12T11:05:09","slug":"71-band-2020","status":"publish","type":"page","link":"https:\/\/geschichte-brandenburg.de\/wordpress\/71-band-2020\/","title":{"rendered":"71. Band (2020)"},"content":{"rendered":"\n<p><\/p>\n\n\n\n<ul class=\"wp-block-list\">\n<li>Partenheimer, Lutz: Die Ansiedlungspolitik der Markgrafen von Brandenburg aus dem Hause der Askanier. Ein Beitrag zum 850. Todestage Albrechts des B\u00e4ren am 18. November 2020, 71 (2020), S. 9\u201317.<\/li>\n\n\n\n<li>Gahlbeck, Christian: Edward Rymars \u201ePolitische und soziale Geschichte der Neumark im Mittelalter\u201c. Eine W\u00fcrdigung der ersten umfassenden Darstellung zur mittelalterlichen neum\u00e4rkischen Geschichte, 71 (2020), S. 19\u201350.<\/li>\n\n\n\n<li>Kirsch, Eberhard: Ein Zusammenfund sp\u00e4tmittelalterlicher Metall- und Keramikgef\u00e4\u00dfe auf dem Marx-Engels-Platz in Berlin im Jahre 1961 und \u00dcberlegungen zur m\u00f6glichen Verwendung schmalrandiger Messingsch\u00fcsseln, 71 (2020), S. 51\u201369.<\/li>\n\n\n\n<li>Czubatynski, Uwe: Ph\u00e4nomene des \u00dcbergangs in Brandenburg. Der Wechsel von der niederdeutschen zur hochdeutschen Schriftsprache in der Prignitz w\u00e4hrend des 16. Jahrhunderts, 71 (2020), S. 71\u201380.<\/li>\n\n\n\n<li>Koschmieder, Felix: Der Finowkanal als Gro\u00dfbauprojekt der vorindustriellen Zeit. Sozial- und technikgeschichtliche Aspekte, 71 (2020), S. 81\u2013105.<\/li>\n\n\n\n<li>Faensen, Bertram: Pfeifenmacher in der brandenburgischen Mittelmark (II ). Die Tonpfeifenmanufaktur in Wei\u00dfenspring, 71 (2020), S. 107\u2013140.<\/li>\n\n\n\n<li>Yamazaki, Akira: Die Einf\u00fchrung der Fruchtwechselwirtschaft durch Friedrich August Ludwig von der Marwitz, 71 (2020), S. 141\u2013160.<\/li>\n\n\n\n<li>M\u00fcller-Pfeifruck, Sylvia: Rom \u2013 Brahetrolleborg \u2013 Siethen. Der europ\u00e4ische Kontext der Thorvaldsen-Reliefs in der Dorfkirche Siethen, 71 (2020), S. 161\u2013180.<\/li>\n\n\n\n<li>Fischer, Hubertus: Polenzwerder \u2013 Wohnplatz mit ungew\u00f6hnlicher Geschichte. Ein j\u00fcdisches Lehrgut in Brandenburg, seine Wandlungen und Praktikanten 1937 bis 1941\/42, 71 (2020), S. 181\u2013231.<\/li>\n\n\n\n<li>Buchbesprechungen, 71 (2020), S. 233\u2013306.<\/li>\n\n\n\n<li><a href=\"https:\/\/geschichte-brandenburg.de\/wordpress\/wp-content\/uploads\/2026\/01\/JBLG_71_Bibliographie.pdf\" data-type=\"attachment\" data-id=\"3107\">Neuerscheinungen aus den Jahren 2020\/2019\/2018 (Bibliographie \u201e71\u201c)<\/a>. Bearb. von Dorothee Ge\u00dfner unter Mitarbeit von Peter Bahl, 71 (2020), S. 307\u2013332.<\/li>\n\n\n\n<li>Berichte, 71 (2020), S. 333\u2013380.<\/li>\n\n\n\n<li>Bahl, Peter: T\u00e4tigkeitsbericht der Landesgeschichtlichen Vereinigung f\u00fcr die Mark Brandenburg e.V. f\u00fcr das Jahr 2019, 71 (2020), S. 333\u2013336.<\/li>\n\n\n\n<li>Bahl, Peter\/Berndt, Iris, Vo\u00dfbeck, Thomas: Die Graphiksammlung des Archivs der Landesgeschichtlichen Vereinigung f\u00fcr die Mark Brandenburg. Projektbericht zur Digitalisierung und Online-Erschlie\u00dfung, 71 (2020), S. 337\u2013349.<\/li>\n\n\n\n<li><a href=\"https:\/\/geschichte-brandenburg.de\/wordpress\/wp-content\/uploads\/2026\/01\/JBLG_71_Bahl_Krausch.pdf\" data-type=\"attachment\" data-id=\"3109\">Bahl, Peter: Nachruf auf das Ehrenmitglied Heinz-Dieter Krausch<\/a>, 71 (2020), S. 351\u2013356.<\/li>\n\n\n\n<li><a href=\"https:\/\/geschichte-brandenburg.de\/wordpress\/wp-content\/uploads\/2026\/01\/JBLG_71_Bahl_Ribbe.pdf\" data-type=\"attachment\" data-id=\"3108\">Bahl, Peter: Wolfgang Ribbe \u2013 neues Ehrenmitglied der Landesgeschichtlichen Vereinigung f\u00fcr die Mark Brandenburg<\/a>, 71 (2020), S. 357\u2013359.<\/li>\n\n\n\n<li>T\u00e4tigkeitsberichte landesgeschichtlicher Kommissionen und Institutionen f\u00fcr das Jahr 2019, S. 361\u2013380.<\/li>\n\n\n\n<li>Franke, Ellen: Historische Kommission zu Berlin e.V., 71 (2020), S. 361\u2013363.<\/li>\n\n\n\n<li>Neitmann, Klaus: Brandenburgische Historische Kommission e.V., 71 (2020), S. 364\u2013368.<\/li>\n\n\n\n<li>G\u00f6se, Frank: Forschungsstelle f\u00fcr Brandenburgische Landesgeschichte beim Brandenburgischen Landeshauptarchiv. Protokoll der 59. und 60. Zusammenkunft der Forschungsstelle f\u00fcr Brandenburgische Landesgeschichte, 26. April und 25. Oktober 2019, 71 (2020), S. 369\u2013376.<\/li>\n\n\n\n<li>Winkler, Kurt: Brandenburgische Gesellschaft f\u00fcr Kultur und Geschichte gGmbH (BKG) \/ Haus der Brandenburgisch-Preu\u00dfischen Geschichte, 71 (2020), S. 377\u2013380.<\/li>\n\n\n\n<li>Mitarbeiterverzeichnis, 71 (2020), S. 381\u2013382.<\/li>\n<\/ul>\n","protected":false},"excerpt":{"rendered":"","protected":false},"author":2,"featured_media":0,"parent":0,"menu_order":0,"comment_status":"closed","ping_status":"closed","template":"","meta":{"footnotes":""},"class_list":["post-1431","page","type-page","status-publish","hentry"],"_links":{"self":[{"href":"https:\/\/geschichte-brandenburg.de\/wordpress\/wp-json\/wp\/v2\/pages\/1431","targetHints":{"allow":["GET"]}}],"collection":[{"href":"https:\/\/geschichte-brandenburg.de\/wordpress\/wp-json\/wp\/v2\/pages"}],"about":[{"href":"https:\/\/geschichte-brandenburg.de\/wordpress\/wp-json\/wp\/v2\/types\/page"}],"author":[{"embeddable":true,"href":"https:\/\/geschichte-brandenburg.de\/wordpress\/wp-json\/wp\/v2\/users\/2"}],"replies":[{"embeddable":true,"href":"https:\/\/geschichte-brandenburg.de\/wordpress\/wp-json\/wp\/v2\/comments?post=1431"}],"version-history":[{"count":3,"href":"https:\/\/geschichte-brandenburg.de\/wordpress\/wp-json\/wp\/v2\/pages\/1431\/revisions"}],"predecessor-version":[{"id":3120,"href":"https:\/\/geschichte-brandenburg.de\/wordpress\/wp-json\/wp\/v2\/pages\/1431\/revisions\/3120"}],"wp:attachment":[{"href":"https:\/\/geschichte-brandenburg.de\/wordpress\/wp-json\/wp\/v2\/media?parent=1431"}],"curies":[{"name":"wp","href":"https:\/\/api.w.org\/{rel}","templated":true}]}}