{"id":1568,"date":"2021-11-08T20:00:19","date_gmt":"2021-11-08T19:00:19","guid":{"rendered":"https:\/\/geschichte-brandenburg.de\/wordpress\/?page_id=1568"},"modified":"2021-12-25T16:32:11","modified_gmt":"2021-12-25T15:32:11","slug":"mb_2021_3","status":"publish","type":"page","link":"https:\/\/geschichte-brandenburg.de\/wordpress\/mb_2021_3\/","title":{"rendered":"mb_2021_3"},"content":{"rendered":"\n<h1 class=\"wp-block-heading\">122. Jahrgang (2021), Heft 3<\/h1>\n\n\n\n<ul class=\"wp-block-list\"><li>Inhaltsverzeichnis, Anschriften der Mitarbeiter, Impressum, S. 74.<\/li><li>Henning, Eckart: Schloss Glienicke \u2013 ein Erinnerungsort, S. 75-86.<\/li><li>Fischer, Hubertus: Zwei m\u00e4rkische Exlibris: K\u00fcnstler, Besitzer, Besonderheiten, S. 87-96.<\/li><li>M\u00fcller, Bettina: \u201eSeerausch h\u00f6ret nimmer auf\u201c. Schriftsteller am Meer: Siegfried Jacobsohn (Sylt), Kurt Tucholsky (Vorpommern), Josef Wiener-Braunsberg, S. 97-105.<\/li><li>J\u00fcttemann, Andreas: Denkmalschutz f\u00fcr die ehemalige Abh\u00f6rstation auf dem Berliner Teufelsberg \u2013 und nun?, S. 106-111.<\/li><li>Kurzberichte, S. 112-114.<ul><li>Wochnik, Fritz: Eine Orgelerweiterung in Brandenburg an der Havel, S. 112\u2013114.<\/li><\/ul><\/li><li>Buchbesprechungen, S. 115-120.<\/li><li>Aus Bibliothek und Archiv. Laufende Neuzug\u00e4nge der Bibliothek (Auswahl), S. 121\u2013126.<\/li><li>Aus dem Leben der Vereinigung, S. 127-128.<ul><li>Veranstaltungen, S. 127.<\/li><li>Neuerscheinungen in der Schriftenreihe der Vereinigung, S. 127\u2013128.<\/li><li>Personalia, S. 129.<\/li><li>Escher, Felix: Christa Kl\u00fcnner ist 65 Jahre Mitglied der Landesgeschichtlichen Vereinigung, S. 129.<\/li><li>Neuaufnahmen, S. 130.<\/li><li>Todesf\u00e4lle, S. 130.<\/li><li>Mitgliedsjubil\u00e4en, S. 130.<\/li><li>Bahl, Peter: Johanna B\u00f6hme \u2020, S. 131.<\/li><li>Bahl, Peter: Gisela Griepentrog \u2020, S. 131.<\/li><li>Bahl, Peter: Margrit Schalter zum Gedenken, S. 132.<\/li><li>Bahl, Peter: Lotte Weber \u2020, S. 133.<\/li><\/ul><\/li><li>Organigramm und Adressen, S. 136.<\/li><\/ul>\n","protected":false},"excerpt":{"rendered":"<p>122. Jahrgang (2021), Heft 3 Inhaltsverzeichnis, Anschriften der Mitarbeiter, Impressum, S. 74. Henning, Eckart: Schloss Glienicke \u2013 ein Erinnerungsort, S. 75-86. Fischer, Hubertus: Zwei m\u00e4rkische Exlibris: K\u00fcnstler, Besitzer, Besonderheiten, S. [&hellip;]<\/p>\n","protected":false},"author":2,"featured_media":0,"parent":0,"menu_order":0,"comment_status":"closed","ping_status":"closed","template":"","meta":{"footnotes":""},"class_list":["post-1568","page","type-page","status-publish","hentry"],"_links":{"self":[{"href":"https:\/\/geschichte-brandenburg.de\/wordpress\/wp-json\/wp\/v2\/pages\/1568","targetHints":{"allow":["GET"]}}],"collection":[{"href":"https:\/\/geschichte-brandenburg.de\/wordpress\/wp-json\/wp\/v2\/pages"}],"about":[{"href":"https:\/\/geschichte-brandenburg.de\/wordpress\/wp-json\/wp\/v2\/types\/page"}],"author":[{"embeddable":true,"href":"https:\/\/geschichte-brandenburg.de\/wordpress\/wp-json\/wp\/v2\/users\/2"}],"replies":[{"embeddable":true,"href":"https:\/\/geschichte-brandenburg.de\/wordpress\/wp-json\/wp\/v2\/comments?post=1568"}],"version-history":[{"count":4,"href":"https:\/\/geschichte-brandenburg.de\/wordpress\/wp-json\/wp\/v2\/pages\/1568\/revisions"}],"predecessor-version":[{"id":1598,"href":"https:\/\/geschichte-brandenburg.de\/wordpress\/wp-json\/wp\/v2\/pages\/1568\/revisions\/1598"}],"wp:attachment":[{"href":"https:\/\/geschichte-brandenburg.de\/wordpress\/wp-json\/wp\/v2\/media?parent=1568"}],"curies":[{"name":"wp","href":"https:\/\/api.w.org\/{rel}","templated":true}]}}