{"id":1628,"date":"2021-12-26T15:39:50","date_gmt":"2021-12-26T14:39:50","guid":{"rendered":"https:\/\/geschichte-brandenburg.de\/wordpress\/?page_id=1628"},"modified":"2021-12-26T18:46:19","modified_gmt":"2021-12-26T17:46:19","slug":"40-band-1989","status":"publish","type":"page","link":"https:\/\/geschichte-brandenburg.de\/wordpress\/40-band-1989\/","title":{"rendered":"40. Band (1989)"},"content":{"rendered":"\n<ul class=\"wp-block-list\"><li>Vogel, Werner: Dank an den Schriftleiter des Jahrbuchs f\u00fcr brandenburgische Landesgeschichte 1979\u20131989, Dr. Eckart Henning, S. 5.<\/li><li>Henning, Eckart: Zehn Jahre Schriftleitung \u201eJahrbuch f\u00fcr brandenburgische Landesgeschichte\u201c (1979\u20131989). R\u00fcckblick und Abschied, S. 9\u201312.<\/li><li>Kroos, Renate: Hoch- und sp\u00e4tmittelalterliche Goldschmiedeplastik in der Mark Brandenburg. Quellen und \u00dcberlegungen, S. 13\u201326.<\/li><li>B\u00f6nisch, Fritz: Gro\u00df-L\u00fcbbenau im Mittelalter,  S. 27\u201335.<\/li><li>Gr\u00fcneberg, Arthur: \u00dcber die Arbeiten des niederl\u00e4ndischen Malers Adam Pijnacker f\u00fcr den kurf\u00fcrstlichen Hof, S. 36\u201341.<\/li><li>M\u00fcller-Heynen, Brigitte: Fl\u00fcchtlinge aus dem Dauphin\u00e9 in Stendal, S. 42\u201349.<\/li><li>Hefter, Rudolf: Die Vorfahren der Corona Schr\u00f6ter, S. 50\u201356.<\/li><li>Hildebrand, Reinhard: Pers\u00f6nlichkeiten des \u201egelehrten und k\u00fcnstlerischen Berlin\u201c in Bildniszeichnungen des Portr\u00e4tisten J. Kayser, S. 57\u201376.<\/li><li>Grunwald, Alfons: Das Zeitungswesen der Stadt Crossen an der Oder. Geschichte einer Heimatzeitung, zugleich ein Beitrag zur Zeitungsgeschichte der Mark Brandenburg, S. 77\u2013137.<\/li><li>Nehls, Harry: Glienicker Nachlese. I. Schinkels Hebemosaik im Gartensaal des Schlosses Klein-Glienicke. \u2013 II. Die Bronzekopie des sogenannten Betenden Knaben oder \u201eAdoranten\u201c vor dem Glienicker Casino. \u2013 III. Freybergs Gem\u00e4lde \u201eAusritt des Prinzen Carl von Preu\u00dfen zur Parforcejagd\u201c aus dem Jahre 1875. \u2013 IV. Die B\u00fcste der Zarin Alexandra Feodorowna in der Loggia Alexandra auf dem B\u00f6ttcherberg. \u2013 V. Die vergessenen \u201ePrellpf\u00e4hle\u201c (Poller) vom Jagdschlo\u00df Glienicke. \u2013 VI. Ein wiederentdecktes Portr\u00e4t des Berliner Bildhauers Alexander Gilli (1823\u20131880), S. 138\u2013161.<\/li><li>B\u00fccherschau, S. 162\u2013185.<\/li><li>Axthelm, Hans: Aus dem Leben der Vereinigung [T\u00e4tigkeitsbericht 1988\/89], S. 186\u2013191.<\/li><\/ul>\n","protected":false},"excerpt":{"rendered":"<p>Vogel, Werner: Dank an den Schriftleiter des Jahrbuchs f\u00fcr brandenburgische Landesgeschichte 1979\u20131989, Dr. Eckart Henning, S. 5. Henning, Eckart: Zehn Jahre Schriftleitung \u201eJahrbuch f\u00fcr brandenburgische Landesgeschichte\u201c (1979\u20131989). R\u00fcckblick und Abschied, [&hellip;]<\/p>\n","protected":false},"author":2,"featured_media":0,"parent":0,"menu_order":0,"comment_status":"closed","ping_status":"closed","template":"","meta":{"footnotes":""},"class_list":["post-1628","page","type-page","status-publish","hentry"],"_links":{"self":[{"href":"https:\/\/geschichte-brandenburg.de\/wordpress\/wp-json\/wp\/v2\/pages\/1628","targetHints":{"allow":["GET"]}}],"collection":[{"href":"https:\/\/geschichte-brandenburg.de\/wordpress\/wp-json\/wp\/v2\/pages"}],"about":[{"href":"https:\/\/geschichte-brandenburg.de\/wordpress\/wp-json\/wp\/v2\/types\/page"}],"author":[{"embeddable":true,"href":"https:\/\/geschichte-brandenburg.de\/wordpress\/wp-json\/wp\/v2\/users\/2"}],"replies":[{"embeddable":true,"href":"https:\/\/geschichte-brandenburg.de\/wordpress\/wp-json\/wp\/v2\/comments?post=1628"}],"version-history":[{"count":4,"href":"https:\/\/geschichte-brandenburg.de\/wordpress\/wp-json\/wp\/v2\/pages\/1628\/revisions"}],"predecessor-version":[{"id":1703,"href":"https:\/\/geschichte-brandenburg.de\/wordpress\/wp-json\/wp\/v2\/pages\/1628\/revisions\/1703"}],"wp:attachment":[{"href":"https:\/\/geschichte-brandenburg.de\/wordpress\/wp-json\/wp\/v2\/media?parent=1628"}],"curies":[{"name":"wp","href":"https:\/\/api.w.org\/{rel}","templated":true}]}}