{"id":1632,"date":"2021-12-26T15:43:36","date_gmt":"2021-12-26T14:43:36","guid":{"rendered":"https:\/\/geschichte-brandenburg.de\/wordpress\/?page_id=1632"},"modified":"2021-12-26T18:48:56","modified_gmt":"2021-12-26T17:48:56","slug":"38-band-1987","status":"publish","type":"page","link":"https:\/\/geschichte-brandenburg.de\/wordpress\/38-band-1987\/","title":{"rendered":"38. Band (1987)"},"content":{"rendered":"\n<ul class=\"wp-block-list\"><li>Fritze, Wolfgang H.: Die Spandauer Stadtrechtsurkunden von 1232 und 1240 und die Anf\u00e4nge Berlins, S. 7\u201335.<\/li><li>Wochnik, Fritz: Zur Pr\u00e4monstratenserkirche in Gramzow\/Uckermark, S. 36\u201342.<\/li><li>Hahn, Peter-Michael: Adel und Landesherrschaft in der Mark Brandenburg im sp\u00e4ten Mittelalter und der fr\u00fchen Neuzeit, S. 43\u201357.<\/li><li>Gr\u00fcneberg, Arthur: \u00dcber die angeblich niederl\u00e4ndische Besiedlung der Prignitz. Von den mittelalterlichen Anf\u00e4ngen bis ins 17. Jahrhundert, S. 58\u201378.<\/li><li>Schmidtke, Dietrich: Eine m\u00e4rkische Strauchritterballade aus dem 15. Jahrhundert, S. 79\u2013101.<\/li><li>Wendland, Folkwin: Garten und Park Rheinsberg, S. 102\u2013141.<\/li><li>Hengsbach, Arne: Die Fr\u00fchzeit der Berliner Fahrgastschiffahrt, S. 142\u2013162.<\/li><li>Krautschick, Stefan: Kommunalwahlen in Berlin-Tempelhof 1920\u20131933, S. 163\u2013201.<\/li><li>Henning, Eckart: Ein m\u00e4rkisches Herrenhaus im \u201edeutschen Oxford\u201c. Zur Baugeschichte des Kaiser-Wilhelm-Instituts f\u00fcr Zellphysiologie in Berlin-Dahlem und seines Vorbildes in Gro\u00df-Kreutz, S. 202\u2013232.<\/li><li>B\u00fccherschau, S. 233\u2013255.<\/li><li>Vogel, Werner: Aus dem Leben der Vereinigung [T\u00e4tigkeitsbericht 1986\/87], S. 256\u2013260.<\/li><\/ul>\n","protected":false},"excerpt":{"rendered":"<p>Fritze, Wolfgang H.: Die Spandauer Stadtrechtsurkunden von 1232 und 1240 und die Anf\u00e4nge Berlins, S. 7\u201335. Wochnik, Fritz: Zur Pr\u00e4monstratenserkirche in Gramzow\/Uckermark, S. 36\u201342. Hahn, Peter-Michael: Adel und Landesherrschaft in [&hellip;]<\/p>\n","protected":false},"author":2,"featured_media":0,"parent":0,"menu_order":0,"comment_status":"closed","ping_status":"closed","template":"","meta":{"footnotes":""},"class_list":["post-1632","page","type-page","status-publish","hentry"],"_links":{"self":[{"href":"https:\/\/geschichte-brandenburg.de\/wordpress\/wp-json\/wp\/v2\/pages\/1632","targetHints":{"allow":["GET"]}}],"collection":[{"href":"https:\/\/geschichte-brandenburg.de\/wordpress\/wp-json\/wp\/v2\/pages"}],"about":[{"href":"https:\/\/geschichte-brandenburg.de\/wordpress\/wp-json\/wp\/v2\/types\/page"}],"author":[{"embeddable":true,"href":"https:\/\/geschichte-brandenburg.de\/wordpress\/wp-json\/wp\/v2\/users\/2"}],"replies":[{"embeddable":true,"href":"https:\/\/geschichte-brandenburg.de\/wordpress\/wp-json\/wp\/v2\/comments?post=1632"}],"version-history":[{"count":4,"href":"https:\/\/geschichte-brandenburg.de\/wordpress\/wp-json\/wp\/v2\/pages\/1632\/revisions"}],"predecessor-version":[{"id":1707,"href":"https:\/\/geschichte-brandenburg.de\/wordpress\/wp-json\/wp\/v2\/pages\/1632\/revisions\/1707"}],"wp:attachment":[{"href":"https:\/\/geschichte-brandenburg.de\/wordpress\/wp-json\/wp\/v2\/media?parent=1632"}],"curies":[{"name":"wp","href":"https:\/\/api.w.org\/{rel}","templated":true}]}}