{"id":1641,"date":"2021-12-26T17:48:32","date_gmt":"2021-12-26T16:48:32","guid":{"rendered":"https:\/\/geschichte-brandenburg.de\/wordpress\/?page_id=1641"},"modified":"2021-12-26T18:50:10","modified_gmt":"2021-12-26T17:50:10","slug":"37-band-1986","status":"publish","type":"page","link":"https:\/\/geschichte-brandenburg.de\/wordpress\/37-band-1986\/","title":{"rendered":"37. Band (1986)"},"content":{"rendered":"\n<ul class=\"wp-block-list\"><li>Lehmann, Rudolf: Senftenberg. Burg und Feste, Stadt und Umland im Wandel der Zeiten. Eine historisch-topographische Studie, S. 1\u201340.<\/li><li>Fritze, Wolfgang H.: Zu Deutung und urspr\u00fcnglicher Beziehung des Landnamens \u201eBarnim\u201c, S. 41\u201350.<\/li><li>K\u00fcchler, Gerhard: \u201eHie gut Brandenburg allewege!\u201c Ein fast vergessenes kurm\u00e4rkisches Gru\u00df- und Losungswort, S. 51\u201359.<\/li><li>Birnstiel, Eckart\/Lep\u00eatre, Evelyne: Die Hugenotten aus dem Dauphin\u00e9 und ihre Niederlassungen in Brandenburg-Preu\u00dfen um 1700. Ein Forschungsbericht, S. 60\u201378.<\/li><li>P\u00f6tschke, Dieter: Georg Sellos Beitrag zur Erforschung der Geschichte Berlins und Brandenburgs und zur Rolandforschung, S. 79\u201397.<\/li><li>Hartmann, Stefan: Die Preu\u00dfische Seehandlung und die Klemziger G\u00fcter im Kreis Z\u00fcllichau-Schwiebus (1844\u20131852), S. 98\u2013120.<\/li><li>Reelfs, Hella: Herrenhaus, Park, Gutshof und Dorf \u2013 Beymes Steglitzer Rittergut, ein Muster preu\u00dfischer Landbaukunst um 1800, S. 121\u2013168.<\/li><li>Buder, Johannes: Der Reitergeneral von Seydlitz im Schaffen Theodor Fontanes, S. 169\u2013175.<\/li><li>Ro\u00df, Erhard: Carl Alexander von Uhden (1798\u20131878). Preu\u00dfischer Justizminister und letzter Pr\u00e4sident des K\u00f6niglichen Obertribunals zu Berlin, S. 176\u2013190.<\/li><li>B\u00fccherschau, S. 191\u2013217.<\/li><\/ul>\n","protected":false},"excerpt":{"rendered":"<p>Lehmann, Rudolf: Senftenberg. Burg und Feste, Stadt und Umland im Wandel der Zeiten. Eine historisch-topographische Studie, S. 1\u201340. Fritze, Wolfgang H.: Zu Deutung und urspr\u00fcnglicher Beziehung des Landnamens \u201eBarnim\u201c, S. [&hellip;]<\/p>\n","protected":false},"author":2,"featured_media":0,"parent":0,"menu_order":0,"comment_status":"closed","ping_status":"closed","template":"","meta":{"footnotes":""},"class_list":["post-1641","page","type-page","status-publish","hentry"],"_links":{"self":[{"href":"https:\/\/geschichte-brandenburg.de\/wordpress\/wp-json\/wp\/v2\/pages\/1641","targetHints":{"allow":["GET"]}}],"collection":[{"href":"https:\/\/geschichte-brandenburg.de\/wordpress\/wp-json\/wp\/v2\/pages"}],"about":[{"href":"https:\/\/geschichte-brandenburg.de\/wordpress\/wp-json\/wp\/v2\/types\/page"}],"author":[{"embeddable":true,"href":"https:\/\/geschichte-brandenburg.de\/wordpress\/wp-json\/wp\/v2\/users\/2"}],"replies":[{"embeddable":true,"href":"https:\/\/geschichte-brandenburg.de\/wordpress\/wp-json\/wp\/v2\/comments?post=1641"}],"version-history":[{"count":3,"href":"https:\/\/geschichte-brandenburg.de\/wordpress\/wp-json\/wp\/v2\/pages\/1641\/revisions"}],"predecessor-version":[{"id":1708,"href":"https:\/\/geschichte-brandenburg.de\/wordpress\/wp-json\/wp\/v2\/pages\/1641\/revisions\/1708"}],"wp:attachment":[{"href":"https:\/\/geschichte-brandenburg.de\/wordpress\/wp-json\/wp\/v2\/media?parent=1641"}],"curies":[{"name":"wp","href":"https:\/\/api.w.org\/{rel}","templated":true}]}}