{"id":1643,"date":"2021-12-26T17:48:52","date_gmt":"2021-12-26T16:48:52","guid":{"rendered":"https:\/\/geschichte-brandenburg.de\/wordpress\/?page_id=1643"},"modified":"2021-12-26T18:51:29","modified_gmt":"2021-12-26T17:51:29","slug":"36-band-1985","status":"publish","type":"page","link":"https:\/\/geschichte-brandenburg.de\/wordpress\/36-band-1985\/","title":{"rendered":"36. Band (1985)"},"content":{"rendered":"\n<ul class=\"wp-block-list\"><li>Fritze, Wolfgang H.: Die fr\u00fche Besiedlung des B\u00e4ketales und die Entstehungsgeschichte Berlins, S. 7\u201341.<\/li><li>Kniehase, Hans-Friedrich: Bauern und ihre H\u00f6fe in Zechin im Oderbruch seit Anfang des 18. Jahrhunderts, S. 42\u201371.<\/li><li>Eckert, Helmut: Akademiesitzung in Berlin und Redoute im Berliner Opernhaus 1746, S. 72\u201379.<\/li><li>Leuschner, Joachim: E. T. A. Hoffmann und Berlin. Aus dem Nachla\u00df hrsg. von Helga Leuschner, S. 80\u2013101.<\/li><li>G\u00fcnther, Kurt: Die Schulverh\u00e4ltnisse der Kolonie Lucksflei\u00df (1842\u20131847), S.102\u2013105.<\/li><li>Hengsbach, Arne: Vom zum K\u00f6nigsdamm. Zur Siedlungsgeschichte des n\u00f6rdlichen Charlottenburgs, S. 106\u2013131.<\/li><li>St\u00fcrzbecher, Manfred: Aus der Vorgeschichte der Zeitschrift \u201eDer \u00f6ffentliche Gesundheitsdienst\u201c. Ein Beitrag zum wissenschaftlichen Verlagswesen in Berlin, S. 132\u2013139.<\/li><li>Weichert, Friedrich: Neuere Arbeiten zur Berlin-Brandenburgischen Kirchengeschichte, S. 140\u2013145.<\/li><li>B\u00fccherschau, S. 147\u2013169.<\/li><li>Vogel, Werner: In memoriam Hans Zopf. 26. 8. 1895 \u2013 13. 3. 1985 [Nachruf], S. 170\u2013171.<\/li><li>Vogel, Werner: Aus dem Leben der Vereinigung [T\u00e4tigkeitsbericht 1984\/85], S. 172\u2013176.<\/li><\/ul>\n","protected":false},"excerpt":{"rendered":"<p>Fritze, Wolfgang H.: Die fr\u00fche Besiedlung des B\u00e4ketales und die Entstehungsgeschichte Berlins, S. 7\u201341. Kniehase, Hans-Friedrich: Bauern und ihre H\u00f6fe in Zechin im Oderbruch seit Anfang des 18. Jahrhunderts, S. [&hellip;]<\/p>\n","protected":false},"author":2,"featured_media":0,"parent":0,"menu_order":0,"comment_status":"closed","ping_status":"closed","template":"","meta":{"footnotes":""},"class_list":["post-1643","page","type-page","status-publish","hentry"],"_links":{"self":[{"href":"https:\/\/geschichte-brandenburg.de\/wordpress\/wp-json\/wp\/v2\/pages\/1643","targetHints":{"allow":["GET"]}}],"collection":[{"href":"https:\/\/geschichte-brandenburg.de\/wordpress\/wp-json\/wp\/v2\/pages"}],"about":[{"href":"https:\/\/geschichte-brandenburg.de\/wordpress\/wp-json\/wp\/v2\/types\/page"}],"author":[{"embeddable":true,"href":"https:\/\/geschichte-brandenburg.de\/wordpress\/wp-json\/wp\/v2\/users\/2"}],"replies":[{"embeddable":true,"href":"https:\/\/geschichte-brandenburg.de\/wordpress\/wp-json\/wp\/v2\/comments?post=1643"}],"version-history":[{"count":3,"href":"https:\/\/geschichte-brandenburg.de\/wordpress\/wp-json\/wp\/v2\/pages\/1643\/revisions"}],"predecessor-version":[{"id":1709,"href":"https:\/\/geschichte-brandenburg.de\/wordpress\/wp-json\/wp\/v2\/pages\/1643\/revisions\/1709"}],"wp:attachment":[{"href":"https:\/\/geschichte-brandenburg.de\/wordpress\/wp-json\/wp\/v2\/media?parent=1643"}],"curies":[{"name":"wp","href":"https:\/\/api.w.org\/{rel}","templated":true}]}}