{"id":1650,"date":"2021-12-26T17:58:09","date_gmt":"2021-12-26T16:58:09","guid":{"rendered":"https:\/\/geschichte-brandenburg.de\/wordpress\/?page_id=1650"},"modified":"2021-12-26T18:53:03","modified_gmt":"2021-12-26T17:53:03","slug":"35-band-1984","status":"publish","type":"page","link":"https:\/\/geschichte-brandenburg.de\/wordpress\/35-band-1984\/","title":{"rendered":"35. Band (1984)"},"content":{"rendered":"\n<ul class=\"wp-block-list\"><li>Pohl, Joachim: Der Niedergang Spandaus in nachreformatorischer Zeit. Zur Wirtschafts- und Sozialgeschichte einer m\u00e4rkischen Stadt im sp\u00e4ten 16. und fr\u00fchen 17. Jahrhundert, S. 7\u201352.<\/li><li>Beeskow, Hans-Joachim: Zur Vorgeschichte des Edikts von Potsdam 1685. Bemerkungen zur Kirchenpolitik des brandenburgischen Kurf\u00fcrsten Friedrich Wilhelm, S. 53\u201362.<\/li><li>Menne-Haritz, Angelika\/Niemann, Arnold: Paul Gerhardt und die lutherische Opposition in Berlin. Edition einiger Eintragungen im Protokollbuch des Rates der Stadt Berlin, S. 63\u201391.<\/li><li>Sprenger, Gerhard: Weltb\u00fcrger oder Patriot? Vor 250 Jahren wurde Friedrich Eberhard von Rochow geboren, S. 92\u2013116.<\/li><li>Hengsbach, Arne: Kalowswerder. Zur Entwicklung eines Charlottenburger Ortsteils, S. 117\u2013136.<\/li><li>Betz, Frederick\/Thunecke, J\u00f6rg: Fritz Mauthners Berliner Jahre 1876\u20131905. Erinnerungen des Buddha vom Bodensee, S. 137\u2013161.<\/li><li>K\u00fcchler, Gerhard: Der Anfang vom Ende der preu\u00dfischen Provinz Brandenburg und die T\u00e4tigkeit der Landesgeschichtlichen Vereinigung vor 50 Jahren, S. 162\u2013167.<\/li><li>B\u00fccherschau, S. 169\u2013183.<\/li><li>Kl\u00fcnner, Hans-Werner\/Vogel, Werner: Zwei neue Ehrenmitglieder: Charlotte Jolles. Werner Dromowicz, S. 184\u2013186.<\/li><li>Gockel, Michael: In memoriam Dr. Rudolf Lehmann [Nachruf], S. 187\u2013191.<\/li><\/ul>\n\n\n\n<p><\/p>\n","protected":false},"excerpt":{"rendered":"<p>Pohl, Joachim: Der Niedergang Spandaus in nachreformatorischer Zeit. Zur Wirtschafts- und Sozialgeschichte einer m\u00e4rkischen Stadt im sp\u00e4ten 16. und fr\u00fchen 17. Jahrhundert, S. 7\u201352. Beeskow, Hans-Joachim: Zur Vorgeschichte des Edikts [&hellip;]<\/p>\n","protected":false},"author":2,"featured_media":0,"parent":0,"menu_order":0,"comment_status":"closed","ping_status":"closed","template":"","meta":{"footnotes":""},"class_list":["post-1650","page","type-page","status-publish","hentry"],"_links":{"self":[{"href":"https:\/\/geschichte-brandenburg.de\/wordpress\/wp-json\/wp\/v2\/pages\/1650","targetHints":{"allow":["GET"]}}],"collection":[{"href":"https:\/\/geschichte-brandenburg.de\/wordpress\/wp-json\/wp\/v2\/pages"}],"about":[{"href":"https:\/\/geschichte-brandenburg.de\/wordpress\/wp-json\/wp\/v2\/types\/page"}],"author":[{"embeddable":true,"href":"https:\/\/geschichte-brandenburg.de\/wordpress\/wp-json\/wp\/v2\/users\/2"}],"replies":[{"embeddable":true,"href":"https:\/\/geschichte-brandenburg.de\/wordpress\/wp-json\/wp\/v2\/comments?post=1650"}],"version-history":[{"count":2,"href":"https:\/\/geschichte-brandenburg.de\/wordpress\/wp-json\/wp\/v2\/pages\/1650\/revisions"}],"predecessor-version":[{"id":1710,"href":"https:\/\/geschichte-brandenburg.de\/wordpress\/wp-json\/wp\/v2\/pages\/1650\/revisions\/1710"}],"wp:attachment":[{"href":"https:\/\/geschichte-brandenburg.de\/wordpress\/wp-json\/wp\/v2\/media?parent=1650"}],"curies":[{"name":"wp","href":"https:\/\/api.w.org\/{rel}","templated":true}]}}