{"id":1654,"date":"2021-12-26T18:01:37","date_gmt":"2021-12-26T17:01:37","guid":{"rendered":"https:\/\/geschichte-brandenburg.de\/wordpress\/?page_id=1654"},"modified":"2021-12-26T18:55:12","modified_gmt":"2021-12-26T17:55:12","slug":"33-band-1982","status":"publish","type":"page","link":"https:\/\/geschichte-brandenburg.de\/wordpress\/33-band-1982\/","title":{"rendered":"33. Band (1982)"},"content":{"rendered":"\n<ul class=\"wp-block-list\"><li>Vogel, Kurt: Spandau im Grundri\u00df. Eine Studie, S. 7\u201329.<\/li><li>Illig, Hubert: Kaiser Karl IV. und die Luckauer Nikolaikirche, S. 30\u201338.<\/li><li>Eckert, Helmut: Der Weinberg und das Potsdamer Stadtschlo\u00df (1746). Bericht eines Besuchers, S. 39\u201345.<\/li><li>G\u00fcnther, Kurt: Zur Gr\u00fcndung der Kolonie Lucksflei\u00df in der Zauche (1774\u20131785), S. 46\u201378.<\/li><li>Marker, Johann: Leben und Wirken von Ernst Eiselen in Berlin. Zu seinem 190. Geburtstag am 27. September 1982, S. 79\u201388.<\/li><li>Hengsbach, Arne: Die Papageienlinie und die \u201e487\u201c. Ein Beitrag zur Verkehrsgeschichte Berlins, S. 89\u201397.<\/li><li>Schwengler, Hans-Joachim: Zur Geschichte einer Weddinger Entbindungsanstalt. Vom W\u00f6chnerinnenheim der Heilsarmee zur Geburtshilflichen Abteilung der Kinderklinik des Rudolf-Virchow-Krankenhauses, S. 98\u2013117.<\/li><li>Nowak, Heidemarie: \u00dcber Leben und Nachla\u00df des preu\u00dfischen Kultusministers Carl Heinrich Becker (1876\u20131933), S. 118\u2013122.<\/li><li>Claus, Gerhard: Die letzten Kirchenpatrone in der Mark Brandenburg, S. 123\u2013151.<\/li><li>Lowenthal-Hensel, C\u00e9cile: \u201eKein ausgekl\u00fcgelt Buch\u201c \u2013 Das Berliner Preu\u00dfenjahr 1981 in seinem Widerspruch, S. 152\u2013161.<\/li><li>B\u00fccherschau, S. 162\u2013184.<\/li><li>K\u00fcchler, Gerhard\/Vogel, Werner: In memoriam Dr. Heinz Gebhardt \u2020 [Nachruf], S. 185\u2013188.<\/li><\/ul>\n\n\n\n<p><\/p>\n","protected":false},"excerpt":{"rendered":"<p>Vogel, Kurt: Spandau im Grundri\u00df. Eine Studie, S. 7\u201329. Illig, Hubert: Kaiser Karl IV. und die Luckauer Nikolaikirche, S. 30\u201338. Eckert, Helmut: Der Weinberg und das Potsdamer Stadtschlo\u00df (1746). Bericht [&hellip;]<\/p>\n","protected":false},"author":2,"featured_media":0,"parent":0,"menu_order":0,"comment_status":"closed","ping_status":"closed","template":"","meta":{"footnotes":""},"class_list":["post-1654","page","type-page","status-publish","hentry"],"_links":{"self":[{"href":"https:\/\/geschichte-brandenburg.de\/wordpress\/wp-json\/wp\/v2\/pages\/1654","targetHints":{"allow":["GET"]}}],"collection":[{"href":"https:\/\/geschichte-brandenburg.de\/wordpress\/wp-json\/wp\/v2\/pages"}],"about":[{"href":"https:\/\/geschichte-brandenburg.de\/wordpress\/wp-json\/wp\/v2\/types\/page"}],"author":[{"embeddable":true,"href":"https:\/\/geschichte-brandenburg.de\/wordpress\/wp-json\/wp\/v2\/users\/2"}],"replies":[{"embeddable":true,"href":"https:\/\/geschichte-brandenburg.de\/wordpress\/wp-json\/wp\/v2\/comments?post=1654"}],"version-history":[{"count":2,"href":"https:\/\/geschichte-brandenburg.de\/wordpress\/wp-json\/wp\/v2\/pages\/1654\/revisions"}],"predecessor-version":[{"id":1712,"href":"https:\/\/geschichte-brandenburg.de\/wordpress\/wp-json\/wp\/v2\/pages\/1654\/revisions\/1712"}],"wp:attachment":[{"href":"https:\/\/geschichte-brandenburg.de\/wordpress\/wp-json\/wp\/v2\/media?parent=1654"}],"curies":[{"name":"wp","href":"https:\/\/api.w.org\/{rel}","templated":true}]}}