{"id":1656,"date":"2021-12-26T18:02:50","date_gmt":"2021-12-26T17:02:50","guid":{"rendered":"https:\/\/geschichte-brandenburg.de\/wordpress\/?page_id=1656"},"modified":"2021-12-26T18:56:33","modified_gmt":"2021-12-26T17:56:33","slug":"32-band-1981","status":"publish","type":"page","link":"https:\/\/geschichte-brandenburg.de\/wordpress\/32-band-1981\/","title":{"rendered":"32. Band (1981)"},"content":{"rendered":"\n<ul class=\"wp-block-list\"><li>Vogel, Werner: Preu\u00dfen und Bayern. Zeugnisse aus sechs Jahrhunderten, S. 7\u201320.<\/li><li>Giese, Franz: Das sp\u00e4tmittelalterliche Quitzow-Wappen in der Dorfkirche von Premslin, S. 21\u201324.<\/li><li>Gr\u00fcneberg, Arthur: Burg Geldenitz und die Eldenburg. Ein Beitrag zur mittelalterlichen G\u00fctergeschichte der Familien v. Alsleben, v. Plessen und v. Quitzow, S. 25\u201349.<\/li><li>Eckert, Helmut: Zur Herkunft des Geheimen Kabinettsrates August Friedrich Eichel, S. 50\u201352.<\/li><li>Milde, Wolfgang: Lessings \u201eAmtsbriefe\u201c als Sekret\u00e4r des preu\u00dfischen Generals v. Tauentzien \u2013 ihre fr\u00fcheren und heutigen Aufbewahrungsorte, S. 53\u201370.<\/li><li>K\u00fcchler, Gerhard: Bildnisse der Berlin-Brandenburgischen Familien Eyssenhardt und Ebel. Leihgaben der Landesgeschichtlichen Vereinigung f\u00fcr die Mark Brandenburg an das Berlin-Museum, S. 71\u201385.<\/li><li>Bohm, G\u00fcnter: Nat\u00fcrliche Heilb\u00e4der in Berlin und in der Mark Brandenburg. Historischer \u00dcberblick, S. 86\u201397.<\/li><li>Seiler, Michael: Das Palmenhaus auf der Pfaueninsel (1831\u20131880). Zur 150. Wiederkehr seiner einstigen Fertigstellung, S. 98\u2013120.<\/li><li>Schultze-Motel, Wolfram: Anmerkungen zu \u201eTheodor Fontane und die Botanik\u201c, S. 121\u2013124.<\/li><li>Hengsbach, Arne: 75 Jahre Wernerwerk in Berlin-Siemensstadt, S. 125\u2013139.<\/li><li>B\u00fccherschau, S. 140\u2013160.<\/li><li>Vogel, Werner: Aus dem Leben der Vereinigung [T\u00e4tigkeitsbericht 1980\/81], S. 161\u2013164.<\/li><\/ul>\n\n\n\n<p><\/p>\n","protected":false},"excerpt":{"rendered":"<p>Vogel, Werner: Preu\u00dfen und Bayern. Zeugnisse aus sechs Jahrhunderten, S. 7\u201320. Giese, Franz: Das sp\u00e4tmittelalterliche Quitzow-Wappen in der Dorfkirche von Premslin, S. 21\u201324. Gr\u00fcneberg, Arthur: Burg Geldenitz und die Eldenburg. [&hellip;]<\/p>\n","protected":false},"author":2,"featured_media":0,"parent":0,"menu_order":0,"comment_status":"closed","ping_status":"closed","template":"","meta":{"footnotes":""},"class_list":["post-1656","page","type-page","status-publish","hentry"],"_links":{"self":[{"href":"https:\/\/geschichte-brandenburg.de\/wordpress\/wp-json\/wp\/v2\/pages\/1656","targetHints":{"allow":["GET"]}}],"collection":[{"href":"https:\/\/geschichte-brandenburg.de\/wordpress\/wp-json\/wp\/v2\/pages"}],"about":[{"href":"https:\/\/geschichte-brandenburg.de\/wordpress\/wp-json\/wp\/v2\/types\/page"}],"author":[{"embeddable":true,"href":"https:\/\/geschichte-brandenburg.de\/wordpress\/wp-json\/wp\/v2\/users\/2"}],"replies":[{"embeddable":true,"href":"https:\/\/geschichte-brandenburg.de\/wordpress\/wp-json\/wp\/v2\/comments?post=1656"}],"version-history":[{"count":2,"href":"https:\/\/geschichte-brandenburg.de\/wordpress\/wp-json\/wp\/v2\/pages\/1656\/revisions"}],"predecessor-version":[{"id":1714,"href":"https:\/\/geschichte-brandenburg.de\/wordpress\/wp-json\/wp\/v2\/pages\/1656\/revisions\/1714"}],"wp:attachment":[{"href":"https:\/\/geschichte-brandenburg.de\/wordpress\/wp-json\/wp\/v2\/media?parent=1656"}],"curies":[{"name":"wp","href":"https:\/\/api.w.org\/{rel}","templated":true}]}}