{"id":1668,"date":"2021-12-26T18:10:30","date_gmt":"2021-12-26T17:10:30","guid":{"rendered":"https:\/\/geschichte-brandenburg.de\/wordpress\/?page_id=1668"},"modified":"2021-12-26T19:04:58","modified_gmt":"2021-12-26T18:04:58","slug":"29-band-1978","status":"publish","type":"page","link":"https:\/\/geschichte-brandenburg.de\/wordpress\/29-band-1978\/","title":{"rendered":"29. Band (1978)"},"content":{"rendered":"\n<ul class=\"wp-block-list\"><li>K\u00fcchler, Gerhard: Johann Gottfried Wetzstein. K\u00f6niglich Preu\u00dfischer Konsul in Damaskus 1848\u20131862, Orientalist und Freund Alexander von Humboldts, S. 7\u201324.<\/li><li>Henning, Eckart\/Wegeleben, Christel: Archivare beim Geheimen Staatsarchiv in der Berliner Kloster- und Neuen Friedrichstra\u00dfe 1874\u20131924, S. 25\u201361.<\/li><li>Bretschneider, Anneliese: Ferdinand Wrede, ein Spandauer Kind, S. 62\u201376.<\/li><li>Uhlitz, Otto: Bausteine zu einer Geschichte der Ansiedlungen in der Spreeau zwischen Hangelsberg und Erkner. Zugleich ein Beitrag zur Bestimmung der Westgrenze des ehemaligen Landes Lebus und zur vierhundertsten Wiederkehr des Tages der ersten urkundlichen Erw\u00e4hnung Erkners am 28. Januar 1579, S. 77\u2013126.<\/li><li>Nadler, Ekhard: Prinzessin Amalia von Oranien-Nassau und ihre Beziehungen zu Brandenburg, S. 127\u2013132.<\/li><li>B\u00fccherschau, S. 133\u2013152.<\/li><li>Jahrbuch f\u00fcr brandenburgische Landesgeschichte. Inhalt der B\u00e4nde 1\u201329, 1950\u20131978, S. 153\u2013160.<\/li><\/ul>\n\n\n\n<p><\/p>\n","protected":false},"excerpt":{"rendered":"<p>K\u00fcchler, Gerhard: Johann Gottfried Wetzstein. K\u00f6niglich Preu\u00dfischer Konsul in Damaskus 1848\u20131862, Orientalist und Freund Alexander von Humboldts, S. 7\u201324. Henning, Eckart\/Wegeleben, Christel: Archivare beim Geheimen Staatsarchiv in der Berliner Kloster- [&hellip;]<\/p>\n","protected":false},"author":2,"featured_media":0,"parent":0,"menu_order":0,"comment_status":"closed","ping_status":"closed","template":"","meta":{"footnotes":""},"class_list":["post-1668","page","type-page","status-publish","hentry"],"_links":{"self":[{"href":"https:\/\/geschichte-brandenburg.de\/wordpress\/wp-json\/wp\/v2\/pages\/1668","targetHints":{"allow":["GET"]}}],"collection":[{"href":"https:\/\/geschichte-brandenburg.de\/wordpress\/wp-json\/wp\/v2\/pages"}],"about":[{"href":"https:\/\/geschichte-brandenburg.de\/wordpress\/wp-json\/wp\/v2\/types\/page"}],"author":[{"embeddable":true,"href":"https:\/\/geschichte-brandenburg.de\/wordpress\/wp-json\/wp\/v2\/users\/2"}],"replies":[{"embeddable":true,"href":"https:\/\/geschichte-brandenburg.de\/wordpress\/wp-json\/wp\/v2\/comments?post=1668"}],"version-history":[{"count":2,"href":"https:\/\/geschichte-brandenburg.de\/wordpress\/wp-json\/wp\/v2\/pages\/1668\/revisions"}],"predecessor-version":[{"id":1718,"href":"https:\/\/geschichte-brandenburg.de\/wordpress\/wp-json\/wp\/v2\/pages\/1668\/revisions\/1718"}],"wp:attachment":[{"href":"https:\/\/geschichte-brandenburg.de\/wordpress\/wp-json\/wp\/v2\/media?parent=1668"}],"curies":[{"name":"wp","href":"https:\/\/api.w.org\/{rel}","templated":true}]}}