{"id":1670,"date":"2021-12-26T18:11:35","date_gmt":"2021-12-26T17:11:35","guid":{"rendered":"https:\/\/geschichte-brandenburg.de\/wordpress\/?page_id=1670"},"modified":"2021-12-26T19:06:39","modified_gmt":"2021-12-26T18:06:39","slug":"28-band-1977","status":"publish","type":"page","link":"https:\/\/geschichte-brandenburg.de\/wordpress\/28-band-1977\/","title":{"rendered":"28. Band (1977)"},"content":{"rendered":"\n<ul class=\"wp-block-list\"><li>Barby, Reinhard: Feldberg. Ein Beispiel f\u00fcr die West-Ost-Wanderung von Ortsnamen. [Aus dem Nachla\u00df bearb. von Gerhard K\u00fcchler], S. 7\u201315.<\/li><li>Ebell, G\u00f6tz: Fontanes \u201eKloster Chorin\u201c-Aufsatz, S. 16\u201323.<\/li><li>Teicher, Konrad: Die Eisengewinnung in Brandenburg aus heimischen Lagerst\u00e4tten, S. 24\u201360.<\/li><li>Engel, Michael: Die C.A.F. Kahlbaum Chemische Fabrik in der Schlesischen Stra\u00dfe zwischen 1870 und 1890, S. 61\u201369.<\/li><li>Marker, Johann: Zur Geschichte der ehemaligen Preu\u00dfischen Hochschule f\u00fcr Leibes\u00fcbungen in Spandau, S. 70\u201379.<\/li><li>Sachs, Walter Gerhard: Eine Fu\u00dfreise von Berlin in den Kreis Cottbus im Jahre 1807, S. 80\u201389.<\/li><li>Giese, Franz: Gr\u00fcndung und Verlegung des Prignitzdorfes Premslin, S. 90\u2013103.<\/li><li>Vogel, Werner: Der Proze\u00df der Materialisten gegen die Nadler und die Begr\u00fcndung der Zehdenicker Materialistengilde, S. 104\u2013118.<\/li><li>Fricke, Hermann: Peter Fontane (1757\u20131826). Nach Mitteilungen seines Urenkels, des Verlagsbuchh\u00e4ndlers Friedrich Fontane, S. 119\u2013128.<\/li><li>Stephan, Bruno: Rund um Babelsberger Namensfragen, S. 129\u2013132.<\/li><li>B\u00fccherschau, S. 133\u2013143.<\/li><li>Vogel, Werner: Aus dem Leben der Vereinigung [T\u00e4tigkeitsbericht 1976\/77], S. 144\u2013149.<\/li><li>K\u00fcchler, Gerhard\/Vogel, Werner: Drei neue Ehrenmitglieder: Fritz Graf. Hans Zopf. Bruno Stephan, S. 149\u2013155.<\/li><li>Sperlich, Martin\/Kl\u00fcnner, Hans-Werner: Kurt Pomplun. * 29. 7. 1910, \u2020 5. 8. 1977 [Nachruf], S. 156\u2013160.<\/li><\/ul>\n\n\n\n<p><\/p>\n","protected":false},"excerpt":{"rendered":"<p>Barby, Reinhard: Feldberg. Ein Beispiel f\u00fcr die West-Ost-Wanderung von Ortsnamen. [Aus dem Nachla\u00df bearb. von Gerhard K\u00fcchler], S. 7\u201315. Ebell, G\u00f6tz: Fontanes \u201eKloster Chorin\u201c-Aufsatz, S. 16\u201323. Teicher, Konrad: Die Eisengewinnung [&hellip;]<\/p>\n","protected":false},"author":2,"featured_media":0,"parent":0,"menu_order":0,"comment_status":"closed","ping_status":"closed","template":"","meta":{"footnotes":""},"class_list":["post-1670","page","type-page","status-publish","hentry"],"_links":{"self":[{"href":"https:\/\/geschichte-brandenburg.de\/wordpress\/wp-json\/wp\/v2\/pages\/1670","targetHints":{"allow":["GET"]}}],"collection":[{"href":"https:\/\/geschichte-brandenburg.de\/wordpress\/wp-json\/wp\/v2\/pages"}],"about":[{"href":"https:\/\/geschichte-brandenburg.de\/wordpress\/wp-json\/wp\/v2\/types\/page"}],"author":[{"embeddable":true,"href":"https:\/\/geschichte-brandenburg.de\/wordpress\/wp-json\/wp\/v2\/users\/2"}],"replies":[{"embeddable":true,"href":"https:\/\/geschichte-brandenburg.de\/wordpress\/wp-json\/wp\/v2\/comments?post=1670"}],"version-history":[{"count":2,"href":"https:\/\/geschichte-brandenburg.de\/wordpress\/wp-json\/wp\/v2\/pages\/1670\/revisions"}],"predecessor-version":[{"id":1720,"href":"https:\/\/geschichte-brandenburg.de\/wordpress\/wp-json\/wp\/v2\/pages\/1670\/revisions\/1720"}],"wp:attachment":[{"href":"https:\/\/geschichte-brandenburg.de\/wordpress\/wp-json\/wp\/v2\/media?parent=1670"}],"curies":[{"name":"wp","href":"https:\/\/api.w.org\/{rel}","templated":true}]}}