{"id":1674,"date":"2021-12-26T18:13:59","date_gmt":"2021-12-26T17:13:59","guid":{"rendered":"https:\/\/geschichte-brandenburg.de\/wordpress\/?page_id=1674"},"modified":"2021-12-26T19:10:13","modified_gmt":"2021-12-26T18:10:13","slug":"26-band-1975","status":"publish","type":"page","link":"https:\/\/geschichte-brandenburg.de\/wordpress\/26-band-1975\/","title":{"rendered":"26. Band (1975)"},"content":{"rendered":"\n<p><strong>Festgabe f\u00fcr Gerhard K\u00fcchler zum 70. Geburtstag<\/strong><\/p>\n\n\n\n<ul class=\"wp-block-list\"><li>Vogel, Werner: Gerhard K\u00fcchler zum 70. Geburtstag. Eine W\u00fcrdigung, S. 6\u20139.<\/li><li>Uhlitz, Otto: Die Gr\u00fcndung des m\u00e4rkischen Spinnerdorfes Neu Zittau. Ein Beispiel f\u00fcr die Probleme und die Problematik der friderizianischen Siedlungsmethoden, S. 10\u201354.<\/li><li>Escher, Felix: Karten aus Berliner Vermessungs\u00e4mtern als Quelle zur fr\u00fchen Siedlungsgeschichte des Berliner Raumes, S. 55\u201366.<\/li><li>Schultze, Johannes: Legenden um brandenburgische St\u00e4dte [Rheinsberg und J\u00fcterbog], S. 67\u201371.<\/li><li>Marker, Johann: Die heilige Gertrud und Berlin. Einst und heute, S. 72\u201388.<\/li><li>Mleczkowski, Wolfgang: Zum politischen und sozialen Wandel st\u00e4dtischer F\u00fchrungsschichten in Brandenburg im 15. und 16. Jahrhundert, S. 89\u2013118.<\/li><li>Trumpa, Kurt: Ein Berliner aus dem \u201eWilden Westen\u201c. Zum 150. Geburtstage von Balduin M\u00f6llhausen (1825\u20131905), S. 119\u2013123.<\/li><li>Harttung, Sophie: Erinnerungen an eine Frankfurter Familie aus dem 19. Jahrhundert [Lienau], S. 125\u2013143.<\/li><li>B\u00fccherschau, S. 144\u2013149.<\/li><\/ul>\n","protected":false},"excerpt":{"rendered":"<p>Festgabe f\u00fcr Gerhard K\u00fcchler zum 70. Geburtstag Vogel, Werner: Gerhard K\u00fcchler zum 70. Geburtstag. Eine W\u00fcrdigung, S. 6\u20139. Uhlitz, Otto: Die Gr\u00fcndung des m\u00e4rkischen Spinnerdorfes Neu Zittau. Ein Beispiel f\u00fcr [&hellip;]<\/p>\n","protected":false},"author":2,"featured_media":0,"parent":0,"menu_order":0,"comment_status":"closed","ping_status":"closed","template":"","meta":{"footnotes":""},"class_list":["post-1674","page","type-page","status-publish","hentry"],"_links":{"self":[{"href":"https:\/\/geschichte-brandenburg.de\/wordpress\/wp-json\/wp\/v2\/pages\/1674","targetHints":{"allow":["GET"]}}],"collection":[{"href":"https:\/\/geschichte-brandenburg.de\/wordpress\/wp-json\/wp\/v2\/pages"}],"about":[{"href":"https:\/\/geschichte-brandenburg.de\/wordpress\/wp-json\/wp\/v2\/types\/page"}],"author":[{"embeddable":true,"href":"https:\/\/geschichte-brandenburg.de\/wordpress\/wp-json\/wp\/v2\/users\/2"}],"replies":[{"embeddable":true,"href":"https:\/\/geschichte-brandenburg.de\/wordpress\/wp-json\/wp\/v2\/comments?post=1674"}],"version-history":[{"count":2,"href":"https:\/\/geschichte-brandenburg.de\/wordpress\/wp-json\/wp\/v2\/pages\/1674\/revisions"}],"predecessor-version":[{"id":1723,"href":"https:\/\/geschichte-brandenburg.de\/wordpress\/wp-json\/wp\/v2\/pages\/1674\/revisions\/1723"}],"wp:attachment":[{"href":"https:\/\/geschichte-brandenburg.de\/wordpress\/wp-json\/wp\/v2\/media?parent=1674"}],"curies":[{"name":"wp","href":"https:\/\/api.w.org\/{rel}","templated":true}]}}