{"id":1680,"date":"2021-12-26T18:19:54","date_gmt":"2021-12-26T17:19:54","guid":{"rendered":"https:\/\/geschichte-brandenburg.de\/wordpress\/?page_id=1680"},"modified":"2021-12-26T19:14:21","modified_gmt":"2021-12-26T18:14:21","slug":"23-band-1972","status":"publish","type":"page","link":"https:\/\/geschichte-brandenburg.de\/wordpress\/23-band-1972\/","title":{"rendered":"23. Band (1972)"},"content":{"rendered":"\n<ul class=\"wp-block-list\"><li>Stein, G\u00fcnter: Zur baugeschichtlichen Bedeutung der j\u00fcdischen Grabsteine auf der Spandauer Zitadelle, S. 7\u201313.<\/li><li>Rapp, Eugen Ludwig: Die mittelalterlichen hebr\u00e4ischen Epitaphien aus der Zitadelle von Spandau 1244\u20131347, S. 14\u201336.<\/li><li>Schultze, Johannes: Christian F. C. Herzliebs letzter Wunsch [Z\u00fcllichau, 1793], S. 37\u201339.<\/li><li>Holz, Paul: \u201eIm Dorfes Lanz bei Lenzen \u2026\u201c [Friedrich Ludwig Jahns Geburtsort], S. 40\u201344.<\/li><li>Bissing, W. M. Frhr. v.: Die preu\u00dfische Seehandlung und der Wiederaufbau Ost- und Westpreu\u00dfens unter Theodor von Sch\u00f6n 1822\u20131833, S. 45\u201360.<\/li><li>B\u00f6nisch, Fritz: Gahlen (Kreis Calau). Ma\u00dfbetrachtungen an einer Niederlausitzer Dorfkirche, S. 61\u201371.<\/li><li>Kettner, Ursula: Untersuchungen und Erw\u00e4gungen zur Fr\u00fchgeschichte der Georgenkirche in Luckau, S. 72\u201394.<\/li><li>Hengsbach, Arne\/Vogel, Kurt: Die Spandauer Flurnamen, S. 95\u2013118.<\/li><li>Nadler, Ekhard: Die Familie Krippenstapel. Ein Beitrag zu Fontanes \u201eStechlin\u201c, S. 119\u2013122.<\/li><li>Fricke, Hermann: Albert T\u00fcrcke. Ein Gedenken an den \u201eOpitz\u201c des Tunnels \u00fcber der Spree (Mit einem unbekannten Liederzyklus), S. 123\u2013134.<\/li><li>Wagner, Annalise: Das Schicksal der Meusebachschen Bibliothek, S. 135\u2013145.<\/li><li>Stephan, Bruno: Die Damen des Hauses Schwedt, S. 146\u2013153.<\/li><li>B\u00fccherschau, S. 154\u2013181.<\/li><li>K\u00fcchler, Gerhard: Aus dem Leben der Vereinigung [T\u00e4tigkeitsbericht 1971\/72], S. 182\u2013184.<\/li><\/ul>\n\n\n\n<p><\/p>\n","protected":false},"excerpt":{"rendered":"<p>Stein, G\u00fcnter: Zur baugeschichtlichen Bedeutung der j\u00fcdischen Grabsteine auf der Spandauer Zitadelle, S. 7\u201313. Rapp, Eugen Ludwig: Die mittelalterlichen hebr\u00e4ischen Epitaphien aus der Zitadelle von Spandau 1244\u20131347, S. 14\u201336. Schultze, [&hellip;]<\/p>\n","protected":false},"author":2,"featured_media":0,"parent":0,"menu_order":0,"comment_status":"closed","ping_status":"closed","template":"","meta":{"footnotes":""},"class_list":["post-1680","page","type-page","status-publish","hentry"],"_links":{"self":[{"href":"https:\/\/geschichte-brandenburg.de\/wordpress\/wp-json\/wp\/v2\/pages\/1680","targetHints":{"allow":["GET"]}}],"collection":[{"href":"https:\/\/geschichte-brandenburg.de\/wordpress\/wp-json\/wp\/v2\/pages"}],"about":[{"href":"https:\/\/geschichte-brandenburg.de\/wordpress\/wp-json\/wp\/v2\/types\/page"}],"author":[{"embeddable":true,"href":"https:\/\/geschichte-brandenburg.de\/wordpress\/wp-json\/wp\/v2\/users\/2"}],"replies":[{"embeddable":true,"href":"https:\/\/geschichte-brandenburg.de\/wordpress\/wp-json\/wp\/v2\/comments?post=1680"}],"version-history":[{"count":2,"href":"https:\/\/geschichte-brandenburg.de\/wordpress\/wp-json\/wp\/v2\/pages\/1680\/revisions"}],"predecessor-version":[{"id":1728,"href":"https:\/\/geschichte-brandenburg.de\/wordpress\/wp-json\/wp\/v2\/pages\/1680\/revisions\/1728"}],"wp:attachment":[{"href":"https:\/\/geschichte-brandenburg.de\/wordpress\/wp-json\/wp\/v2\/media?parent=1680"}],"curies":[{"name":"wp","href":"https:\/\/api.w.org\/{rel}","templated":true}]}}