{"id":1797,"date":"2022-04-29T10:00:41","date_gmt":"2022-04-29T08:00:41","guid":{"rendered":"https:\/\/geschichte-brandenburg.de\/wordpress\/?page_id=1797"},"modified":"2026-01-12T12:03:24","modified_gmt":"2026-01-12T11:03:24","slug":"72-band-2021","status":"publish","type":"page","link":"https:\/\/geschichte-brandenburg.de\/wordpress\/72-band-2021\/","title":{"rendered":"72. Band (2021)"},"content":{"rendered":"\n<p><\/p>\n\n\n\n<ul class=\"wp-block-list\">\n<li><span style=\"color: initial;\">Kirsch, Eberhard: \u201eVielfach tragen bei uns in der Wendei die Kinder Schrecksteine<\/span> um den Hals.\u201c Ein Beitrag zu den Amuletten aus arch\u00e4ologisch-volkskundlicher Sicht, S. 9\u201318.<\/li>\n\n\n\n<li>Schuchard, Christiane: Der Kaland der Neustadt Brandenburg und sein Rechnungsbuch (1517\u20131540),  S. 19\u201334.<\/li>\n\n\n\n<li>Kitschke, Andreas: Die Kapelle Andreas Schl\u00fcters im Berliner Schloss und ihre Orgel, S. 35\u201367.<\/li>\n\n\n\n<li>Faensen, Bertram: Pfeifenmacher in der brandenburgischen Mittelmark (III). St\u00e4dtische Manufakturen und Familienbetriebe im 18. und 19. Jahrhundert, S. 69\u2013105.<\/li>\n\n\n\n<li>Fischer, Hubertus: \u201eWas sollen mir da noch die Itzenplitze!\u201c. Ein Briefwechsel mit neuen Einblicken in Fontanes Kreuzzeitungsjahrzehnt und seine \u201eWanderungen durch die Mark Brandenburg\u201c , S. 107\u2013147.<\/li>\n\n\n\n<li>Nagel, G\u00fcnter: Ein Wissenschaftsleben f\u00fcr das Milit\u00e4r. Der Berliner Chemiker Prof. Dr. Otto Poppenberg, S. 149\u2013187.<\/li>\n\n\n\n<li>Stude, Sebastian: 1961. Geheimpolizei und Mauerbau im Bezirk Potsdam, S. 189\u2013208.<\/li>\n\n\n\n<li>Jansen, Wolfgang: Das Staatliche Dorftheater Prenzlau. Vom \u201eBitterfelder Weg\u201c auf dem Lande, S. 209\u2013241.<\/li>\n\n\n\n<li>Buchbesprechungen, S. 243\u2013305.<\/li>\n\n\n\n<li><a href=\"https:\/\/geschichte-brandenburg.de\/wordpress\/wp-content\/uploads\/2026\/01\/JBLG_72_Gessner.pdf\" data-type=\"attachment\" data-id=\"3095\">Neuerscheinungen aus den Jahren 2021\/2020\/2019 (Bibliographie \u201e72\u201c)<\/a>. Bearb. von Dorothee Ge\u00dfner unter Mitarbeit von Peter Bahl, S. 307\u2013330.<\/li>\n\n\n\n<li>Berichte, S. 331\u2013363.<\/li>\n\n\n\n<li><a href=\"https:\/\/geschichte-brandenburg.de\/wordpress\/wp-content\/uploads\/2026\/01\/JBLG_72_Bericht_Bahl.pdf\" data-type=\"attachment\" data-id=\"3106\">Bahl, Peter: T\u00e4tigkeitsbericht der Landesgeschichtlichen Vereinigung f\u00fcr die Mark Brandenburg e.V. f\u00fcr das Jahr 2020<\/a>, S. 331\u2013334.<\/li>\n\n\n\n<li><a href=\"https:\/\/geschichte-brandenburg.de\/wordpress\/wp-content\/uploads\/2026\/01\/JBLG_72_Bahl_Schich.pdf\" data-type=\"attachment\" data-id=\"3105\">Bahl, Peter: Nachruf auf Winfried Schich<\/a>, S. 335\u2013340.<\/li>\n\n\n\n<li><a href=\"https:\/\/geschichte-brandenburg.de\/wordpress\/wp-content\/uploads\/2026\/01\/JBLG_72_Bahl_Ribbe.pdf\" data-type=\"attachment\" data-id=\"3104\">Bahl, Peter: Wolfgang Ribbe zum Gedenken<\/a>, S. 341\u2013343.<\/li>\n\n\n\n<li>Fischer, Hubertus: Erinnerung an Gunter de Bruyn, S. 344\u2013347.<\/li>\n\n\n\n<li>T\u00e4tigkeitsberichte Landesgeschichtlicher Kommissionen und Institutionen f\u00fcr das Jahr 2019, S. 348\u2013363.<\/li>\n\n\n\n<li>Franke, Ellen: Historische Kommission zu Berlin e.V., S. 348\u2013350.<\/li>\n\n\n\n<li>Neitmann, Klaus: Brandenburgische Historische Kommission e.V., S. 351\u2013356.<\/li>\n\n\n\n<li>G\u00f6se, Frank: Forschungsstelle f\u00fcr Brandenburgische Landesgeschichte beim Brandenburgischen Landeshauptarchiv. Protokoll der 61. Zusammenkunft der Forschungsstelle f\u00fcr Brandenburgische Landesgeschichte, 30. Oktober 2020, S. 357\u2013361.<\/li>\n\n\n\n<li>Winkler, Kurt: Brandenburgische Gesellschaft f\u00fcr Kultur und Geschichte gGmbH (BKG) \/ Haus der Brandenburgisch-Preu\u00dfischen Geschichte, S. 362\u2013363.<\/li>\n\n\n\n<li>Mitarbeiterverzeichnis, S. 364.<\/li>\n<\/ul>\n","protected":false},"excerpt":{"rendered":"","protected":false},"author":2,"featured_media":0,"parent":0,"menu_order":0,"comment_status":"closed","ping_status":"closed","template":"","meta":{"footnotes":""},"class_list":["post-1797","page","type-page","status-publish","hentry"],"_links":{"self":[{"href":"https:\/\/geschichte-brandenburg.de\/wordpress\/wp-json\/wp\/v2\/pages\/1797","targetHints":{"allow":["GET"]}}],"collection":[{"href":"https:\/\/geschichte-brandenburg.de\/wordpress\/wp-json\/wp\/v2\/pages"}],"about":[{"href":"https:\/\/geschichte-brandenburg.de\/wordpress\/wp-json\/wp\/v2\/types\/page"}],"author":[{"embeddable":true,"href":"https:\/\/geschichte-brandenburg.de\/wordpress\/wp-json\/wp\/v2\/users\/2"}],"replies":[{"embeddable":true,"href":"https:\/\/geschichte-brandenburg.de\/wordpress\/wp-json\/wp\/v2\/comments?post=1797"}],"version-history":[{"count":4,"href":"https:\/\/geschichte-brandenburg.de\/wordpress\/wp-json\/wp\/v2\/pages\/1797\/revisions"}],"predecessor-version":[{"id":3119,"href":"https:\/\/geschichte-brandenburg.de\/wordpress\/wp-json\/wp\/v2\/pages\/1797\/revisions\/3119"}],"wp:attachment":[{"href":"https:\/\/geschichte-brandenburg.de\/wordpress\/wp-json\/wp\/v2\/media?parent=1797"}],"curies":[{"name":"wp","href":"https:\/\/api.w.org\/{rel}","templated":true}]}}