{"id":207,"date":"2020-09-25T12:07:35","date_gmt":"2020-09-25T10:07:35","guid":{"rendered":"http:\/\/geschichte-brandenburg.de\/wordpress\/?page_id=207"},"modified":"2026-01-01T15:57:09","modified_gmt":"2026-01-01T14:57:09","slug":"mitteilungsblatt","status":"publish","type":"page","link":"https:\/\/geschichte-brandenburg.de\/wordpress\/mitteilungsblatt\/","title":{"rendered":"Mitteilungsblatt"},"content":{"rendered":"\n<p>J\u00e4hrlich dreimal erscheint seit 1949 das Mitteilungsblatt der Vereinigung als Fortsetzung der fr\u00fcheren Vereinszeitschriften (ab 1892).<br>Auf \u00fcblicherweise 64 Seiten werden kleinere Beitr\u00e4ge sowie Buchbesprechungen ver\u00f6ffentlicht, \u00fcber Bibliothekszug\u00e4nge informiert (Zeitschriftenschau) und Vereinsnotizen bekannt gegeben (Veranstaltungen, Neuaufnahmen, Mitgliedsjubil\u00e4en, Todesf\u00e4lle, Nachrufe, Ehrungen u.a.).<br>ISSN: 1867-5085.<br>Der Bezug ist f\u00fcr Mitglieder im Mitgliedsbeitrag enthalten.<\/p>\n\n\n\n<p><strong>Herausgeber<\/strong><br>Landesgeschichtliche Vereinigung f\u00fcr die Mark Brandenburg e.V., Berlin.<\/p>\n\n\n\n<p><strong>Redaktionskollegium<\/strong><br>Dr. Peter Bahl (v.i.S.d.P.)<br>Dr. Iris Berndt<br>Prof. Dr. Frank G\u00f6se<br>Gerhard Weiduschat<\/p>\n\n\n\n<p><strong>Redaktionsschluss<br><\/strong>Heft 1: 1. November des Vorjahres.<br>Heft 2: 15. M\u00e4rz.<br>Heft 3: 15. Juli.<\/p>\n\n\n\n<p><strong>Aktuelles<\/strong><br>Heft 1\/2025: ist im Juni 2025 erschienen.<br>Heft 2\/2025: ist im Oktober 2025 erschienen.<br>Heft 1\/2025: befindet sich in Vorbereitung.<\/p>\n\n\n\n<p><\/p>\n\n\n\n<p><strong>Kontakt<\/strong> (Schriftleitung)<br>Landesgeschichtliche Vereinigung f\u00fcr die Mark Brandenburg e.V.<br>Breite Str. 30&#8211;36<br>10178 Berlin<br>email: mitteilungsblatt[at]geschichte-brandenburg.de<\/p>\n\n\n\n<p><strong>Inhaltsverzeichnisse<\/strong><br>f\u00fcr jedes einzelne Heft werden hier nach und nach eingestellt.<\/p>\n\n\n\n<p><a rel=\"noreferrer noopener\" href=\"http:\/\/geschichte-brandenburg.de\/wordpress\/mb_121-130-jahrgang\/\" target=\"_blank\">Mitteilungsblatt, Jahrgang 121 (2020) bis 124 (2023)<\/a><\/p>\n\n\n\n<p><a rel=\"noreferrer noopener\" href=\"http:\/\/geschichte-brandenburg.de\/wordpress\/mb_111-120-jahrgang\/\" target=\"_blank\">Mitteilungsblatt, Jahrgang 111 (2010) bis 120 (2019)<\/a><\/p>\n\n\n\n<p><\/p>\n\n\n\n<!--nextpage-->\n\n\n\n<p><\/p>\n","protected":false},"excerpt":{"rendered":"<p>J\u00e4hrlich dreimal erscheint seit 1949 das Mitteilungsblatt der Vereinigung als Fortsetzung der fr\u00fcheren Vereinszeitschriften (ab 1892).Auf \u00fcblicherweise 64 Seiten werden kleinere Beitr\u00e4ge sowie Buchbesprechungen ver\u00f6ffentlicht, \u00fcber Bibliothekszug\u00e4nge informiert (Zeitschriftenschau) und [&hellip;]<\/p>\n","protected":false},"author":2,"featured_media":0,"parent":0,"menu_order":0,"comment_status":"closed","ping_status":"closed","template":"","meta":{"footnotes":""},"class_list":["post-207","page","type-page","status-publish","hentry"],"_links":{"self":[{"href":"https:\/\/geschichte-brandenburg.de\/wordpress\/wp-json\/wp\/v2\/pages\/207","targetHints":{"allow":["GET"]}}],"collection":[{"href":"https:\/\/geschichte-brandenburg.de\/wordpress\/wp-json\/wp\/v2\/pages"}],"about":[{"href":"https:\/\/geschichte-brandenburg.de\/wordpress\/wp-json\/wp\/v2\/types\/page"}],"author":[{"embeddable":true,"href":"https:\/\/geschichte-brandenburg.de\/wordpress\/wp-json\/wp\/v2\/users\/2"}],"replies":[{"embeddable":true,"href":"https:\/\/geschichte-brandenburg.de\/wordpress\/wp-json\/wp\/v2\/comments?post=207"}],"version-history":[{"count":40,"href":"https:\/\/geschichte-brandenburg.de\/wordpress\/wp-json\/wp\/v2\/pages\/207\/revisions"}],"predecessor-version":[{"id":3091,"href":"https:\/\/geschichte-brandenburg.de\/wordpress\/wp-json\/wp\/v2\/pages\/207\/revisions\/3091"}],"wp:attachment":[{"href":"https:\/\/geschichte-brandenburg.de\/wordpress\/wp-json\/wp\/v2\/media?parent=207"}],"curies":[{"name":"wp","href":"https:\/\/api.w.org\/{rel}","templated":true}]}}