{"id":2755,"date":"2024-11-26T12:00:40","date_gmt":"2024-11-26T11:00:40","guid":{"rendered":"https:\/\/geschichte-brandenburg.de\/wordpress\/?page_id=2755"},"modified":"2024-12-20T18:21:26","modified_gmt":"2024-12-20T17:21:26","slug":"schriften_nf_15","status":"publish","type":"page","link":"https:\/\/geschichte-brandenburg.de\/wordpress\/schriften_nf_15\/","title":{"rendered":"Schriften_NF_15"},"content":{"rendered":"\n<h2 class=\"wp-block-heading\"><a href=\"https:\/\/www.lukasverlag.com\/schriftenreihen\/landesgesch-vereinigung-mark-brandenburg\/titel\/infrastruktur-und-daseinsvorsorge-in-der-spaetmittelalterlichen-und-fruehneuzeitlichen-mark-brandenburg.html\" target=\"_blank\" rel=\"noreferrer noopener\">Infrastruktur und Daseinsvorsorge in der sp\u00e4tmittelalterlichen und fr\u00fchneuzeitlichen Mark Brandenburg<\/a><\/h2>\n\n\n\n<p>Herausgegeben von Frank G\u00f6se und Heinrich Kaak.<br><\/p>\n\n\n\n<p>Berlin: Lukas Verlag, 2024. \u2013 218 Seiten, 13 Abb.<br>(Schriften der Landesgeschichtlichen Vereinigung f\u00fcr die Mark Brandenburg, N.F., Bd. 15).<br>ISBN 978-3-86732-453-3<br>\u20ac 30,\u2013-<\/p>\n\n\n\n<p><strong>Bestellungen bitte nicht an die Vereinigung, sondern \u00fcber den Buchhandel oder direkt an:<\/strong><br><\/p>\n\n\n\n<p>Lukas Verlag f\u00fcr Kunst- und Geistesgeschichte<br>Kollwitzstr. 57<br>10405 Berlin<br>Tel. (030) 44 04 92 90<br>Fax (030) 442 81 77<br>email: lukas.verlag@t-online.de<\/p>\n\n\n\n<p><\/p>\n","protected":false},"excerpt":{"rendered":"<p>Infrastruktur und Daseinsvorsorge in der sp\u00e4tmittelalterlichen und fr\u00fchneuzeitlichen Mark Brandenburg Herausgegeben von Frank G\u00f6se und Heinrich Kaak. Berlin: Lukas Verlag, 2024. \u2013 218 Seiten, 13 Abb.(Schriften der Landesgeschichtlichen Vereinigung f\u00fcr [&hellip;]<\/p>\n","protected":false},"author":2,"featured_media":0,"parent":0,"menu_order":0,"comment_status":"closed","ping_status":"closed","template":"","meta":{"footnotes":""},"class_list":["post-2755","page","type-page","status-publish","hentry"],"_links":{"self":[{"href":"https:\/\/geschichte-brandenburg.de\/wordpress\/wp-json\/wp\/v2\/pages\/2755","targetHints":{"allow":["GET"]}}],"collection":[{"href":"https:\/\/geschichte-brandenburg.de\/wordpress\/wp-json\/wp\/v2\/pages"}],"about":[{"href":"https:\/\/geschichte-brandenburg.de\/wordpress\/wp-json\/wp\/v2\/types\/page"}],"author":[{"embeddable":true,"href":"https:\/\/geschichte-brandenburg.de\/wordpress\/wp-json\/wp\/v2\/users\/2"}],"replies":[{"embeddable":true,"href":"https:\/\/geschichte-brandenburg.de\/wordpress\/wp-json\/wp\/v2\/comments?post=2755"}],"version-history":[{"count":2,"href":"https:\/\/geschichte-brandenburg.de\/wordpress\/wp-json\/wp\/v2\/pages\/2755\/revisions"}],"predecessor-version":[{"id":2757,"href":"https:\/\/geschichte-brandenburg.de\/wordpress\/wp-json\/wp\/v2\/pages\/2755\/revisions\/2757"}],"wp:attachment":[{"href":"https:\/\/geschichte-brandenburg.de\/wordpress\/wp-json\/wp\/v2\/media?parent=2755"}],"curies":[{"name":"wp","href":"https:\/\/api.w.org\/{rel}","templated":true}]}}