{"id":278,"date":"2020-09-25T21:14:19","date_gmt":"2020-09-25T19:14:19","guid":{"rendered":"http:\/\/geschichte-brandenburg.de\/wordpress\/?page_id=278"},"modified":"2021-11-07T15:18:56","modified_gmt":"2021-11-07T14:18:56","slug":"ueber-uns","status":"publish","type":"page","link":"https:\/\/geschichte-brandenburg.de\/wordpress\/ueber-uns\/","title":{"rendered":"\u00dcber uns"},"content":{"rendered":"\n<p>In der &#8222;Landesgeschichtlichen Vereinigung f\u00fcr die Mark Brandenburg e.V.&#8220; finden sich seit ihrer Gr\u00fcndung im Jahre 1884 an brandenburgischer Geschichte Interessierte zusammen. Theodor Fontanes &#8222;Wanderungen durch die Mark Brandenburg&#8220; (Band 1 bis 4 erschienen 1862&#8211;1882) hatten den Gr\u00fcndern als Ansto\u00df und Vorbild gedient. 1895 wurde der Dichter das bis heute bekannteste Ehrenmitglied der Vereinigung.<\/p>\n\n\n\n<p>Die Erkundung Brandenburgs durch Wanderungen, Studienfahrten, F\u00fchrungen und Besichtigungen nimmt noch heute einen wichtigen Platz im Vereinsleben ein.<\/p>\n\n\n\n<p>Es ruht auf drei S\u00e4ulen:<\/p>\n\n\n\n<ul class=\"wp-block-list\"><li>Neben den Veranstaltungen mit dem umfangreichen Exkursionsprogramm stehen die<\/li><li>Ver\u00f6ffentlichungen, mit denen auch die wissenschaftliche Forschung gef\u00f6rdert und deren Ergebnisse verbreitet werden.<\/li><li>Als dritten Bereich unterh\u00e4lt die Vereinigung umfangreiche Sammlungen (Bibliothek und Archiv), die Fachleuten ebenso wie n\u00e4her interessierten Besuchern historischer St\u00e4tten zahlreiche Informationsquellen bieten.<\/li><\/ul>\n\n\n\n<p>Traditionell versteht sich die Vereinigung als Mittlerin zwischen interessierten Laien und Wissenschaftlern. Sie zu beiderseitigem Nutzen zusammenzuf\u00fchren und gegenseitige Kontakte zu erm\u00f6glichen ist eines ihrer Anliegen. Allen Interessierten die Besch\u00e4ftigung mit der brandenburgischen Landesgeschichte zu erleichtern, sie zu beraten und zu unterst\u00fctzen und die Verbreitung von Kenntnissen zu f\u00f6rdern ist ihr satzungsgem\u00e4\u00dfer Zweck (Satzung).<\/p>\n\n\n\n<p>Der 1884 von den Gr\u00fcndern gew\u00e4hlte Name der Vereinigung beschr\u00e4nkt das Interessengebiet nur scheinbar auf die &#8222;Mark&#8220; im engeren Sinne. Er ist vielmehr als territorialgeschichtlicher Ausgangspunkt f\u00fcr die sp\u00e4ter gewachsene Kernregion zu verstehen und wird auch wegen seiner breiten, \u00fcberregionalen Bekanntheit beibehalten. Historisch nicht zur &#8222;Mark&#8220; Brandenburg z\u00e4hlende Gebiete, die jedoch zur Provinz Brandenburg geh\u00f6rten oder Teil des heutigen Landes Brandenburg geworden sind, werden also in allen Aktivit\u00e4ten der Vereinigung gleichberechtigt mit &#8222;m\u00e4rkischen&#8220; betrachtet. Dies gilt nicht nur f\u00fcr die Niederlausitz, die bis 1815 zum gr\u00f6\u00dferen Teil eine eigene Geschichte aufzuweisen hat, sondern auch f\u00fcr weitere Gebiete an den R\u00e4ndern des heutigen Landes Brandenburg.<\/p>\n\n\n\n<p>Durch die Berliner Mauer war das Vereinsleben jahrzehntelang auf West-Berlin beschr\u00e4nkt bzw. behindert. \u00dcber die Jahre der Trennung hinweg sind aber die pers\u00f6nlichen Kontakte unter den Mitgliedern und Freunden aufrechterhalten worden, nicht zuletzt \u00fcber den im Ostteil Berlins wirkenden Nikolaikreis. Seit dem Fall der Mauer und der Wiedervereinigung kann die Landesgeschichtliche Vereinigung sich wieder ungehindert ihren Zielen zuwenden. Die \u00fcber 600 Mitglieder wohnen heute nicht nur in Berlin und Brandenburg, sondern auch in anderen Teilen Deutschlands und im Ausland.<\/p>\n","protected":false},"excerpt":{"rendered":"<p>In der &#8222;Landesgeschichtlichen Vereinigung f\u00fcr die Mark Brandenburg e.V.&#8220; finden sich seit ihrer Gr\u00fcndung im Jahre 1884 an brandenburgischer Geschichte Interessierte zusammen. Theodor Fontanes &#8222;Wanderungen durch die Mark Brandenburg&#8220; (Band [&hellip;]<\/p>\n","protected":false},"author":2,"featured_media":0,"parent":0,"menu_order":0,"comment_status":"closed","ping_status":"closed","template":"","meta":{"footnotes":""},"class_list":["post-278","page","type-page","status-publish","hentry"],"_links":{"self":[{"href":"https:\/\/geschichte-brandenburg.de\/wordpress\/wp-json\/wp\/v2\/pages\/278","targetHints":{"allow":["GET"]}}],"collection":[{"href":"https:\/\/geschichte-brandenburg.de\/wordpress\/wp-json\/wp\/v2\/pages"}],"about":[{"href":"https:\/\/geschichte-brandenburg.de\/wordpress\/wp-json\/wp\/v2\/types\/page"}],"author":[{"embeddable":true,"href":"https:\/\/geschichte-brandenburg.de\/wordpress\/wp-json\/wp\/v2\/users\/2"}],"replies":[{"embeddable":true,"href":"https:\/\/geschichte-brandenburg.de\/wordpress\/wp-json\/wp\/v2\/comments?post=278"}],"version-history":[{"count":5,"href":"https:\/\/geschichte-brandenburg.de\/wordpress\/wp-json\/wp\/v2\/pages\/278\/revisions"}],"predecessor-version":[{"id":1519,"href":"https:\/\/geschichte-brandenburg.de\/wordpress\/wp-json\/wp\/v2\/pages\/278\/revisions\/1519"}],"wp:attachment":[{"href":"https:\/\/geschichte-brandenburg.de\/wordpress\/wp-json\/wp\/v2\/media?parent=278"}],"curies":[{"name":"wp","href":"https:\/\/api.w.org\/{rel}","templated":true}]}}