{"id":286,"date":"2020-09-25T21:55:59","date_gmt":"2020-09-25T19:55:59","guid":{"rendered":"http:\/\/geschichte-brandenburg.de\/wordpress\/?page_id=286"},"modified":"2024-02-05T13:30:13","modified_gmt":"2024-02-05T12:30:13","slug":"impressum","status":"publish","type":"page","link":"https:\/\/geschichte-brandenburg.de\/wordpress\/impressum\/","title":{"rendered":"Impressum"},"content":{"rendered":"\n<p><strong>Anbieter<\/strong><br>Anbieter dieser Internetpr\u00e4senz ist im Rechtssinne die Landesgeschichtliche Vereinigung f\u00fcr die Mark Brandenburg. Sie ist ein eingetragener Verein und wird gesetzlich vertreten durch zwei Mitglieder des gesch\u00e4ftsf\u00fchrenden Vorstandes. Ansprechpartner ist der Vorsitzende: Dr. Peter Bahl, Gurlittstr. 5, 12169 Berlin, Tel. (030) 753 99 98, email: bahl_peter[at]yahoo.de<br>Redaktionsverantwortlich ist der Vereinsvorsitzende.<br>Vereinsregister-Eintrag: Amtsgericht Charlottenburg, Registernummer VR 295 B.<br>Steuernummer: 27\/640\/55170 \u2013 Finanzamt f\u00fcr K\u00f6rperschaften I Berlin.<br>Gl\u00e4ubiger-Identifikationsnummer: DE41ZZZ00001225699.<\/p>\n\n\n\n<p><br><strong>Rechtliche Hinweise zur Haftung \/ Disclamer<\/strong><br>Die Landesgeschichtliche Vereinigung f\u00fcr die Mark Brandenburg ist um Richtigkeit und Aktualit\u00e4t der auf dieser Internetpr\u00e4senz bereitgestellten Informationen bem\u00fcht. Trotzdem k\u00f6nnen Fehler und Unklarheiten nicht vollst\u00e4ndig ausgeschlossen werden. Sie \u00fcbernimmt daher keinerlei Gew\u00e4hr f\u00fcr die Aktualit\u00e4t, Korrektheit, Vollst\u00e4ndigkeit oder Qualit\u00e4t der bereitgestellt Informationen.<br>F\u00fcr Sch\u00e4den materieller oder immaterieller Art, die durch die Nutzung oder Nichtnutzung der dargebotenen Informationen bzw. durch die Nutzung fehlerhafter und unvollst\u00e4ndiger Informationen unmittelbar oder mittelbar verursacht werden, haftet sie nicht, sofern ihr nicht nachweislich vors\u00e4tzliches oder grob fahrl\u00e4ssiges Verschulden zur Last f\u00e4llt.<br>Alle Angebote sind freibleibend und unverbindlich. Die Landesgeschichtliche Vereinigung beh\u00e4lt es sich ausdr\u00fccklich vor, Teile des Internetangebotes oder das gesamte Angebot ohne gesonderte Ank\u00fcndigung zu ver\u00e4ndern, zu erg\u00e4nzen, zu l\u00f6schen oder die Ver\u00f6ffentlichung zeitweise oder endg\u00fcltig einzustellen. &#8222;Fremde Inhalte&#8220; sind in geeigneter Weise gekennzeichnet.<br>Die Landesgeschichtliche Vereinigung f\u00fcr die Mark Brandenburg hat auf &#8222;fremde Inhalte&#8220; keinerlei Einfluss und macht sich diese Inhalte auch nicht zu Eigen. Die Landesgeschichtliche Vereinigung f\u00fcr die Mark Brandenburg hat keine positive Kenntnis \u00fcber rechtswidrige oder anst\u00f6\u00dfige Inhalte auf den verkn\u00fcpften Seiten fremder Anbieter. Sollten auf den verkn\u00fcpften Seiten fremder Anbieter dennoch rechtswidrige oder anst\u00f6\u00dfige Inhalte enthalten sein, so distanziert sich die Landesgeschichtliche Vereinigung f\u00fcr die Mark Brandenburg von diesen Inhalten ausdr\u00fccklich.<br>Die Landesgeschichtliche Vereinigung f\u00fcr die Mark Brandenburg ist bestrebt, in allen Publikationen die Urheberrechte der verwendeten Grafiken, Tondokumente, Videosequenzen und Texte zu beachten, von ihr selbst erstellte Grafiken, Tondokumente, Videosequenzen und Texte zu nutzen oder auf lizenzfreie Grafiken, Tondokumente, Videosequenzen und Texte zur\u00fcckzugreifen.<br>Alle innerhalb des Internetangebotes genannten und ggf. durch Dritte gesch\u00fctzten Marken- und Warenzeichen unterliegen uneingeschr\u00e4nkt den Bestimmungen des jeweils g\u00fcltigen Kennzeichenrechts und den Besitzrechten der jeweiligen eingetragenen Eigent\u00fcmer. Allein aufgrund der blo\u00dfen Nennung ist nicht der Schluss zu ziehen, dass Markenzeichen nicht durch Rechte Dritter gesch\u00fctzt sind.<br>Das Copyright f\u00fcr ver\u00f6ffentlichte, von der Landesgeschichtliche Vereinigung f\u00fcr die Mark Brandenburg selbst erstellte Objekte bleibt allein bei der Landesgeschichtliche Vereinigung f\u00fcr die Mark Brandenburg. Eine Vervielf\u00e4ltigung oder Verwendung solcher Grafiken, Tondokumente, Videosequenzen und Texte in anderen elektronischen oder gedruckten Publikationen ist ohne ausdr\u00fcckliche Zustimmung nicht gestattet.<\/p>\n\n\n\n<p><strong>Rechtswirksamkeit dieses Haftungsausschlusses<\/strong><br>Dieser Haftungsausschluss ist als Teil des Internetangebotes zu betrachten, von dem aus auf diese Seite verwiesen wurde. Sofern Teile oder einzelne Formulierungen dieses Textes der geltenden Rechtslage nicht, nicht mehr oder nicht vollst\u00e4ndig entsprechen sollten, bleiben die \u00fcbrigen Teile des Dokumentes in ihrem Inhalt und ihrer G\u00fcltigkeit davon unber\u00fchrt.<\/p>\n\n\n\n<p><strong>Rechtliche Hinweise zum Urheberrecht<\/strong><br>Das Layout der Homepage, die verwendeten Grafiken sowie die sonstigen Inhalte sind urheberrechtlich gesch\u00fctzt.<\/p>\n","protected":false},"excerpt":{"rendered":"<p>AnbieterAnbieter dieser Internetpr\u00e4senz ist im Rechtssinne die Landesgeschichtliche Vereinigung f\u00fcr die Mark Brandenburg. Sie ist ein eingetragener Verein und wird gesetzlich vertreten durch zwei Mitglieder des gesch\u00e4ftsf\u00fchrenden Vorstandes. Ansprechpartner ist [&hellip;]<\/p>\n","protected":false},"author":2,"featured_media":0,"parent":0,"menu_order":0,"comment_status":"closed","ping_status":"closed","template":"","meta":{"footnotes":""},"class_list":["post-286","page","type-page","status-publish","hentry"],"_links":{"self":[{"href":"https:\/\/geschichte-brandenburg.de\/wordpress\/wp-json\/wp\/v2\/pages\/286","targetHints":{"allow":["GET"]}}],"collection":[{"href":"https:\/\/geschichte-brandenburg.de\/wordpress\/wp-json\/wp\/v2\/pages"}],"about":[{"href":"https:\/\/geschichte-brandenburg.de\/wordpress\/wp-json\/wp\/v2\/types\/page"}],"author":[{"embeddable":true,"href":"https:\/\/geschichte-brandenburg.de\/wordpress\/wp-json\/wp\/v2\/users\/2"}],"replies":[{"embeddable":true,"href":"https:\/\/geschichte-brandenburg.de\/wordpress\/wp-json\/wp\/v2\/comments?post=286"}],"version-history":[{"count":5,"href":"https:\/\/geschichte-brandenburg.de\/wordpress\/wp-json\/wp\/v2\/pages\/286\/revisions"}],"predecessor-version":[{"id":2460,"href":"https:\/\/geschichte-brandenburg.de\/wordpress\/wp-json\/wp\/v2\/pages\/286\/revisions\/2460"}],"wp:attachment":[{"href":"https:\/\/geschichte-brandenburg.de\/wordpress\/wp-json\/wp\/v2\/media?parent=286"}],"curies":[{"name":"wp","href":"https:\/\/api.w.org\/{rel}","templated":true}]}}