{"id":360,"date":"2020-09-29T16:49:56","date_gmt":"2020-09-29T14:49:56","guid":{"rendered":"http:\/\/geschichte-brandenburg.de\/wordpress\/?page_id=360"},"modified":"2024-08-27T16:39:53","modified_gmt":"2024-08-27T14:39:53","slug":"bibliothek","status":"publish","type":"page","link":"https:\/\/geschichte-brandenburg.de\/wordpress\/bibliothek\/","title":{"rendered":"Bibliothek"},"content":{"rendered":"\n<p>Die Bibliothek der Landesgeschichtlichen Vereinigung ist eine wissenschaftliche Spezialbibliothek zur brandenburgischen Landesgeschichte (einschlie\u00dflich Berlin, Altmark, Neumark, Niederlausitz, in Auswahl auch Nachbargebiete). Sie besitzt einen seit 1884 kontinuierlich gewachsenen Bestand ohne Kriegssch\u00e4den von rund 80.000 <em>Monographien<\/em>. Der umfangreiche <em>Zeitschriftenbestand <\/em>(rund 1.500 Titel) wird vor allem durch den Schriftentausch der Vereinigung laufend erweitert. Besonderheiten sind Kleinschrifttum zu einzelnen Orten, Heimat-\/Kreiskalender, Wochenendbeilagen aus Tageszeitungen der Vorkriegszeit, Rara, eine Fontane-Sammlung, ein reicher Biographienbestand sowie berlin-brandenburgische Belletristik. Ungedruckte Medien, Ephemera und Landkarten werden im Archiv gesammelt (siehe dort).<br><em>Handbibliothek <\/em>(Lesesaalbestand): rd. 2.000 B\u00e4nde Nachschlagewerke, Quelleneditionen, ausgew\u00e4hlte Zeitschriftenreihen: Brandenburg mit Berlin und in Auswahl auch alle Nachbargebiete.<\/p>\n\n\n\n<p><strong>Bibliothekskatalog<\/strong><br><strong><a rel=\"noreferrer noopener\" href=\"https:\/\/lgv.vufind.net\/lgv\" target=\"_blank\">Link zum Katalog<\/a><\/strong><br>(Monographien und Aufs\u00e4tze, mit Verschlagwortung)<br>Der Katalog (ohne Verschlagwortung) ist dar\u00fcber hinaus \u00fcber folgende Verbundkataloge recherchierbar:<br><a rel=\"noreferrer noopener\" href=\"http:\/\/kobv.de\/\" target=\"_blank\">KOBV (Kooperativer Bibliotheksverbund Berlin-Brandenburg)<\/a><br><a rel=\"noreferrer noopener\" href=\"https:\/\/kvk.bibliothek.kit.edu\/?digitalOnly=0&amp;embedFulltitle=0&amp;newTab=0\" target=\"_blank\">KVK (Karlsruher Virtueller Katalog)<\/a><br><a rel=\"noreferrer noopener\" href=\"http:\/\/www.martin-opitz-bibliothek.de\/de\" target=\"_blank\">VOE (Verbundkatalog \u00f6stliches Europa der Martin-Opitz-Bibliothek Herne)<\/a><br>Ein Teil des Altbestandes ist im elektronischen Katalog noch nicht nachgewiesen. Fragen Sie also im Zweifelsfall gern per email an!<br><br><strong>Zeitschriften-Katalog<\/strong><br>Bestandsangaben nur in: <a rel=\"noreferrer noopener\" href=\"http:\/\/zeitschriftendatenbank.de\/startseite\/\" target=\"_blank\">ZDB (Zeitschriften-Datenbank)<\/a><br>Zeitschriftenaufs\u00e4tze jedoch im Bibliothekskatalog (siehe oben).<\/p>\n\n\n\n<p><strong>Benutzung<\/strong><br>\u00d6ffnungszeit: Donnerstag, 15.00 bis 20.00 Uhr. <br>Eine Anmeldung f\u00fcr reine Bibliotheksbenutzung (ohne Archiv) ist nicht erforderlich, aber sinnvoll.<br>Der Lesesaal befindet sich im Geb\u00e4udekomplex der Berliner Stadtbibliothek (<a rel=\"noreferrer noopener\" href=\"https:\/\/www.zlb.de\/\" target=\"_blank\">Stiftung Zentral- und Landesbibliothek Berlin\/ZLB<\/a>) in Berlin-Mitte, Breite Stra\u00dfe 30\u201336; der Zugang erfolgt jedoch nur vom Schlossplatz 6&#8211;7 aus \u00fcber die dortige Hofeinfahrt des \u201eNeuen Marstalls\u201c (Musikhochschule Hanns Eisler) gegen\u00fcber dem Berliner Schloss\/Humboldtforum (siehe Kontaktseite unten: <a rel=\"noreferrer noopener\" href=\"http:\/\/geschichte-brandenburg.de\/wordpress\/kontakt\/\" target=\"_blank\">Stadtplanausschnitt<\/a>). Im 1. Innenhof finden Sie hier hinten links den Diensteingang der Berliner Stadtbibliothek, dort bitte bei der Pforte melden.<br>Es handelt sich um eine <em>Pr\u00e4senzbibliothek<\/em>,&nbsp;beschr\u00e4nkte Ausleihe au\u00dfer Haus erfolgt nur an Vereinsmitglieder sowie an Mitarbeiter\/innen der ZLB. Die Benutzung im Lesesaal ist geb\u00fchrenfrei.<br>Die M\u00f6glichkeit zur Herstellung von Fotokopien und Digitalisaten ist au\u00dfer bei besonders schutzw\u00fcrdigen Werken gegeben. In der Regel kann aus gedruckten Werken unter Beachtung der Urheberrechte auch selbst fotografiert werden (Handy, Fotoapparat). Einige Werke sind auch digital vorhanden (nur lokale Benutzung).<br><a rel=\"noreferrer noopener\" href=\"http:\/\/geschichte-brandenburg.de\/wordpress\/benutzerordnung\/\" target=\"_blank\">Benutzungsordnung<\/a><\/p>\n\n\n\n<p><strong>Bibliographie<\/strong><br>Die Bibliothek berichtet \u00fcber Neuerwerbungen und \u00fcber den eigenen Bestand hinaus auch \u00fcber Neuerscheinungen. Eine Auswahl-Zeitschriftenschau (Aufs\u00e4tze) erscheint im <a href=\"http:\/\/geschichte-brandenburg.de\/wordpress\/mitteilungsblatt\/\" target=\"_blank\" rel=\"noreferrer noopener\">Mitteilungsblatt der Vereinigung<\/a>, eine j\u00e4hrliche Bibliographie der Neuerscheinungen (B\u00fccher und Zeitschriften) im von der Vereinigung herausgegebenen <em>Jahrbuch f\u00fcr brandenburgische Landesgeschichte<\/em>. Hinweise und Frei- oder Tauschexemplare werden hierf\u00fcr gern entgegengenommen.<br>Ansprechpartner:<br><em>Bibliographie der N<em>euerscheinung<\/em><\/em>en <em>im Jahrbuch: <\/em><br>Dr. Matthias Helle, c\/o Bibliothek<br>email: bibliothek[at]geschichte-brandenburg.de<br><em>Zeitschriftenschau im Mitteilungsblatt<\/em>:<br>Dr. Peter Bahl, c\/o Bibliothek<br>email: bibliothek[at]geschichte-brandenburg.de<\/p>\n\n\n\n<p><strong>Mitarbeit<\/strong><br>Die ehrenamtlich betreute Bibliothek bietet vielf\u00e4ltige Arbeitsbereiche. Sprechen Sie uns gern an, wenn Sie nach einer sinnvollen gemeinn\u00fctzigen Freizeitbesch\u00e4ftigung suchen und sich f\u00fcr eine Mitwirkung in unserem Team interessieren! Vorkenntnisse sind nicht zwingend.<\/p>\n\n\n\n<p><strong>Kontakt<\/strong><br>Landesgeschichtliche Vereinigung f\u00fcr die Mark Brandenburg e.V.<br>\u2013 Bibliothek \u2013<br>c\/o Zentral- und Landesbibliothek Berlin<br>Breite Stra\u00dfe 30\u201336<br>10178 Berlin-Mitte<br>Tel. (030) 90226-301 (nur donnerstags)<br>email: bibliothek[at]geschichte-brandenburg.de<br><em>Besuchereingang: Hofeingang von Schlossplatz 6\u20137 aus.<\/em><\/p>\n","protected":false},"excerpt":{"rendered":"<p>Die Bibliothek der Landesgeschichtlichen Vereinigung ist eine wissenschaftliche Spezialbibliothek zur brandenburgischen Landesgeschichte (einschlie\u00dflich Berlin, Altmark, Neumark, Niederlausitz, in Auswahl auch Nachbargebiete). Sie besitzt einen seit 1884 kontinuierlich gewachsenen Bestand ohne [&hellip;]<\/p>\n","protected":false},"author":2,"featured_media":0,"parent":0,"menu_order":0,"comment_status":"closed","ping_status":"closed","template":"","meta":{"footnotes":""},"class_list":["post-360","page","type-page","status-publish","hentry"],"_links":{"self":[{"href":"https:\/\/geschichte-brandenburg.de\/wordpress\/wp-json\/wp\/v2\/pages\/360","targetHints":{"allow":["GET"]}}],"collection":[{"href":"https:\/\/geschichte-brandenburg.de\/wordpress\/wp-json\/wp\/v2\/pages"}],"about":[{"href":"https:\/\/geschichte-brandenburg.de\/wordpress\/wp-json\/wp\/v2\/types\/page"}],"author":[{"embeddable":true,"href":"https:\/\/geschichte-brandenburg.de\/wordpress\/wp-json\/wp\/v2\/users\/2"}],"replies":[{"embeddable":true,"href":"https:\/\/geschichte-brandenburg.de\/wordpress\/wp-json\/wp\/v2\/comments?post=360"}],"version-history":[{"count":40,"href":"https:\/\/geschichte-brandenburg.de\/wordpress\/wp-json\/wp\/v2\/pages\/360\/revisions"}],"predecessor-version":[{"id":2668,"href":"https:\/\/geschichte-brandenburg.de\/wordpress\/wp-json\/wp\/v2\/pages\/360\/revisions\/2668"}],"wp:attachment":[{"href":"https:\/\/geschichte-brandenburg.de\/wordpress\/wp-json\/wp\/v2\/media?parent=360"}],"curies":[{"name":"wp","href":"https:\/\/api.w.org\/{rel}","templated":true}]}}