{"id":38,"date":"2020-09-24T14:47:26","date_gmt":"2020-09-24T12:47:26","guid":{"rendered":"http:\/\/geschichte-brandenburg.de\/wordpress\/?page_id=38"},"modified":"2025-02-13T10:49:32","modified_gmt":"2025-02-13T09:49:32","slug":"archiv","status":"publish","type":"page","link":"https:\/\/geschichte-brandenburg.de\/wordpress\/archiv\/","title":{"rendered":"Archiv"},"content":{"rendered":"\n<p>Das Archiv dient neben der Sicherung des eigenen Schriftgutes, das aus der T\u00e4tigkeit der Landesgeschichtlichen Vereinigung erw\u00e4chst, vor allem der Bewahrung und Erschlie\u00dfung von Nachl\u00e4ssen einzelner Forscherinnen und Forscher und pflegt zudem umfangreiche eigene archivalische Sammlungen, die durch Kauf und Geschenk laufend erweitert werden. Inhaltlich geh\u00f6ren alle aktuellen und ehemaligen Teile Brandenburgs und Berlins zum Sammelgebiet.<\/p>\n\n\n\n<ul class=\"wp-block-list\">\n<li><strong>Vereinsakten<\/strong> (eigenes Schriftgut seit der Vereinsgr\u00fcndung 1884): Protokolle, Berichte, Sachakten, Autorenkorrespondenz u.a.<\/li>\n\n\n\n<li><a rel=\"noreferrer noopener\" href=\"http:\/\/geschichte-brandenburg.de\/wordpress\/wp-content\/uploads\/2020\/10\/Nachlaesse.Liste_.20201006.pdf\" target=\"_blank\"><strong>Nachl\u00e4sse<\/strong><\/a> [PDF, 137 KB] : Derzeit befinden sich 138 schriftliche Nachl\u00e4sse von Historiker\/innen, Kunsthistoriker\/innen, Landeskundlern und Heimatforschern im Archiv.<\/li>\n\n\n\n<li><strong>Sammlungen<\/strong>: Vorhanden sind und laufend weitergef\u00fchrt werden vor allem folgende Archivaliensammlungen:<br><em>Bildersammlung<\/em>: Ansichten, Portr\u00e4ts u.a.: rd. 80.000 Bilder (Fotografien, Ansichtspostkarten, Graphik, Diapositive, Fotoalben, Mappenwerke, Grabst\u00e4ttenbildkarteien, Fotografen-Nachl\u00e4sse).<br><em>Landkarten<\/em>: ca. 5.000 topographische und thematische Karten und Pl\u00e4ne (Einzelbl\u00e4tter, Kartenwerke, Atlanten).<br><em>Zeitungsausschnitte<\/em>: ca. 100.000 Blatt, sowohl historische Sammlung (20. Jh., vor und nach 1945) als auch laufende aktuelle Dokumentation zu Personen, brandenburgischen Orten, Berliner Bezirken und Ortsteilen.<br><em>Kleinschrifttum, Einzeldokumente, Manuskripte<\/em>. <\/li>\n<\/ul>\n\n\n\n<p><strong>Best\u00e4nde\u00fcbersicht<\/strong><br>Den besten Gesamt\u00fcberblick \u00fcber die Best\u00e4nde und ihre inhaltlichen Schwerpunkte bietet vorl\u00e4ufig die gedruckte Best\u00e4nde\u00fcbersicht:<br><a rel=\"noreferrer noopener\" href=\"http:\/\/geschichte-brandenburg.de\/wordpress\/schriften_nf_3\/\" target=\"_blank\">Das Archiv der Landesgeschichtlichen Vereinigung f\u00fcr die Mark Brandenburg und seine Best\u00e4nde<\/a>. Bearb. von Peter Bahl. Frankfurt am Main 2009 (Quellen, Findb\u00fccher und Inventare des Brandenburgischen Landeshauptarchivs, Bd. 24; zugleich: Schriften der Landesgeschichtlichen Vereinigung f\u00fcr die Mark Brandenburg, N.F., Bd. 3).<\/p>\n\n\n\n<p><strong>Findmittel<\/strong><br>Der Verzeichnungsstand ist unterschiedlich, teilweise bestehen, insbesondere f\u00fcr Vereinsakten (Best\u00e4ndegruppe A) und Nachl\u00e4sse (Best\u00e4ndegruppe B), analoge Findb\u00fccher oder lokal einsehbare elektronische Findmittel. Eine lokale Archivdatenbank befindet sich im Aufbau.<br>Die sehr umfangreichen (und durch Geschenke und K\u00e4ufe laufend wachsenden) archivalischen Sammlungen (Best\u00e4ndegruppe C) werden seit 2020 vorwiegend auf <a href=\"https:\/\/berlin.museum-digital.de\/\" target=\"_blank\" rel=\"noreferrer noopener\">museum-digital:berlin<\/a> verzeichnet, teilweise ausf\u00fchrlich beschrieben sowie verschlagwortet und k\u00f6nnen dort zugleich als Digitalisate benutzt werden. Begonnen wurde 2020 mit der <em>Graphiksammlung <\/em>(Handzeichnungen und Druckgraphik), die mit einer F\u00f6rderung des Landes Berlin (digiS) im Rahmen des F\u00f6rderprogramms zur Digitalisierung von Objekten des kulturellen Erbes Berlins weitgehend vollst\u00e4ndig bearbeitet werden konnte. Seit 2023 wird diese Form der Online-Publikation zun\u00e4chst mit Eigenmitteln und eigenen Kr\u00e4ften der Landesgeschichtlichen Vereinigung fortgesetzt. Sie betrifft einen vorl\u00e4ufig noch kleinen, aber stetig wachsenden Teil folgender Bereiche:<br>&#8212; Ansichtskarten,<br>&#8212; Dokumente: Urkunden, Aktensplitter, Briefe u.a.,<br>&#8212; Druckgraphik: Ansichten, Portr\u00e4ts, Sachen und Ereignisse, Mappenwerke,<br>&#8212; Druckschriften: Veranstaltungsprogramme, Firmenschriften, Flugbl\u00e4tter u.a.,<br>&#8212; Fotografien: Ansichten, Portr\u00e4ts, Gruppenbilder, Sachen und Ereignisse,<br>&#8212; Handzeichnungen und Gem\u00e4lde: Ansichten, Portr\u00e4ts, Sachen und Ereignisse, Sammelwerke (u.a. Skizzenb\u00fccher), Nachl\u00e4sse,<br>&#8212; Kleindrucksachen (Ephemera): Bierdeckel, Eintrittskarten, Formularvordrucke, Fahrkarten, Gesch\u00e4ftskarten, Herstelleretiketten, Lesezeichen, Reklamemarken, Visitenkarten, Warenetiketten.<br>&#8212; Landkarten und Pl\u00e4ne,<br>&#8212; Zeitungen.<\/p>\n\n\n\n<p><strong>Benutzung<\/strong><br>Die Benutzung bereits verzeichneter und keinen Schutzfristen mehr unterliegender Best\u00e4nde ist unter Beachtung der jeweiligen Pers\u00f6nlichkeitsrechte grunds\u00e4tzlich f\u00fcr jedermann m\u00f6glich und geb\u00fchrenfrei. Digitalisate nur auf Anfrage. F\u00fcr die Benutzung des Archivs ist eine Anmeldung erforderlich. Siehe jedoch auch die Angaben zu bereits online frei zug\u00e4nglichen Archivalien oben im Abschnitt zu Findmitteln.<\/p>\n\n\n\n<p><strong>Mitarbeit<\/strong><br>Das ehrenamtlich betreute Archiv bietet vielf\u00e4ltige Arbeitsbereiche. Sprechen Sie uns gern an, wenn Sie nach einer sinnvollen gemeinn\u00fctzigen Freizeitbesch\u00e4ftigung suchen und sich f\u00fcr eine Mitwirkung in unserem Team interessieren. Vorkenntnisse sind nicht zwingend.<\/p>\n\n\n\n<p><strong>Kontakt<\/strong><br>Dr. Peter Bahl<br>Landesgeschichtliche Vereinigung f\u00fcr die Mark Brandenburg e. V.<br>\u2013 Archiv \u2013<br>c\/o Zentral- und Landesbibliothek Berlin<br>Breite Stra\u00dfe 30\u201336<br>10178 Berlin-Mitte<br>email: archiv[at]geschichte-brandenburg.de<\/p>\n","protected":false},"excerpt":{"rendered":"<p>Das Archiv dient neben der Sicherung des eigenen Schriftgutes, das aus der T\u00e4tigkeit der Landesgeschichtlichen Vereinigung erw\u00e4chst, vor allem der Bewahrung und Erschlie\u00dfung von Nachl\u00e4ssen einzelner Forscherinnen und Forscher und [&hellip;]<\/p>\n","protected":false},"author":2,"featured_media":0,"parent":0,"menu_order":0,"comment_status":"closed","ping_status":"closed","template":"","meta":{"footnotes":""},"class_list":["post-38","page","type-page","status-publish","hentry"],"_links":{"self":[{"href":"https:\/\/geschichte-brandenburg.de\/wordpress\/wp-json\/wp\/v2\/pages\/38","targetHints":{"allow":["GET"]}}],"collection":[{"href":"https:\/\/geschichte-brandenburg.de\/wordpress\/wp-json\/wp\/v2\/pages"}],"about":[{"href":"https:\/\/geschichte-brandenburg.de\/wordpress\/wp-json\/wp\/v2\/types\/page"}],"author":[{"embeddable":true,"href":"https:\/\/geschichte-brandenburg.de\/wordpress\/wp-json\/wp\/v2\/users\/2"}],"replies":[{"embeddable":true,"href":"https:\/\/geschichte-brandenburg.de\/wordpress\/wp-json\/wp\/v2\/comments?post=38"}],"version-history":[{"count":38,"href":"https:\/\/geschichte-brandenburg.de\/wordpress\/wp-json\/wp\/v2\/pages\/38\/revisions"}],"predecessor-version":[{"id":2915,"href":"https:\/\/geschichte-brandenburg.de\/wordpress\/wp-json\/wp\/v2\/pages\/38\/revisions\/2915"}],"wp:attachment":[{"href":"https:\/\/geschichte-brandenburg.de\/wordpress\/wp-json\/wp\/v2\/media?parent=38"}],"curies":[{"name":"wp","href":"https:\/\/api.w.org\/{rel}","templated":true}]}}