{"id":40,"date":"2020-09-24T14:47:26","date_gmt":"2020-09-24T12:47:26","guid":{"rendered":"http:\/\/geschichte-brandenburg.de\/wordpress\/?page_id=40"},"modified":"2023-09-22T11:37:02","modified_gmt":"2023-09-22T09:37:02","slug":"forschungscolloqium","status":"publish","type":"page","link":"https:\/\/geschichte-brandenburg.de\/wordpress\/forschungscolloqium\/","title":{"rendered":"Winfried-Schich-Colloquium f\u00fcr landesgeschichtliche Forschung"},"content":{"rendered":"\n<h2 class=\"wp-block-heading\">Geschichte &#8212; Arch\u00e4ologie &#8212; Kunstgeschichte<\/h2>\n\n\n\n<p>Zu den satzungsgem\u00e4\u00dfen Zielen der Landesgeschichtlichen Vereinigung z\u00e4hlt es unter anderem, die wissenschaftliche Forschungsarbeit zur brandenburgischen Landesgeschichte zu f\u00f6rdern und den Studierenden der brandenburgischen Landesgeschichte f\u00f6rderlich zu sein.<\/p>\n\n\n\n<p>Hierzu wird seit 2008 im Lesesaal der Vereinsbibliothek ein f\u00fcr alle aktiven Forscherinnen und Forscher gedachtes interdisziplin\u00e4res Forschungscolloquium veranstaltet. Es handelt sich dabei um die Fortf\u00fchrung des bis dahin an der Humboldt-Universit\u00e4t zu Berlin durchgef\u00fchrten ehemaligen Doktorandencolloquiums unseres Ehrenmitglieds Prof. Dr. Winfried Schich (\u2020 2021).<\/p>\n\n\n\n<p>Das Colloquium behandelt semesterbegleitend, also w\u00e4hrend der universit\u00e4ren Vorlesungszeit, an die es sich im Interesse der Studierenden weiterhin anlehnt, in vierzehnt\u00e4glichen Sitzungen je ein Thema. Ein oder mehrere Referent(inn)en tragen hierzu ihr Referat vor, anschlie\u00dfend wird intensiv dar\u00fcber diskutiert. Die Referentinnen und Referenten sind in der Regel entweder Examenskandidat(inn)en oder aktive Forscher\/innen, die aus ihrer laufenden Arbeit berichten.<br>Geographisch ist Brandenburg zwar der Schwerpunkt, jedoch sind Beitr\u00e4ge zu Nachbar- und anderen L\u00e4ndern, nicht nur zu Vergleichszwecken, stets willkommen.<\/p>\n\n\n\n<p>Interessenten werden gebeten, sich beim Vorsitzenden anzumelden, bei dem auch das aktuelle Programm erh\u00e4ltlich ist, das jeweils f\u00fcr ein Semester festgelegt wird.<\/p>\n\n\n\n<p><strong>Kontakt:<\/strong><br>Dr. Peter Bahl<br>Gurlittstr. 5<br>12169 Berlin<br>Tel. 030-753 99 98<br>email: archiv@geschichte-brandenburg.de<\/p>\n\n\n\n<p><strong>Verantwortlich f\u00fcr Themenplanung und Moderation:<\/strong><br>Prof. Dr. Ernst Badst\u00fcbner, Dr. Peter Bahl, Dr. Doris Bulach, Prof. Dr. Eike Gringmuth-Dallmer, Prof. Dr. Klaus Neitmann, Dirk Schumann M.A.<\/p>\n\n\n\n<p><strong>Ort<\/strong>:<br>Bibliothek der Landesgeschichtlichen Vereinigung f\u00fcr die Mark Brandenburg (in Haus 4 der Berliner Stadtbibliothek)<br>Breite Stra\u00dfe 30&#8211;36 (Zugang: Schlossplatz, \u00fcber den Innenhof)<br>10178 Berlin-Mitte.<br><br><strong>Veranstalter<\/strong>:<br>Landesgeschichtliche Vereinigung f\u00fcr die Mark Brandenburg e.V.<\/p>\n\n\n\n<p><strong>Programm:<br><\/strong>Das aktuelle Programm wird kurz vor Semesterbeginn auch \u00fcber das Internet-Fachforum <a rel=\"noreferrer noopener\" href=\"https:\/\/www.hsozkult.de\/\" target=\"_blank\">H-Soz-Kult<\/a> bekannt gegeben.<\/p>\n\n\n\n<p>Bisherige Programme:<\/p>\n\n\n\n<figure class=\"wp-block-table is-style-stripes\"><table><tbody><tr><td>Sommersemester 2020<br><em>(coronabedingt ausgefallen)<\/em><\/td><td><\/td><\/tr><tr><td><a rel=\"noreferrer noopener\" href=\"http:\/\/geschichte-brandenburg.de\/wordpress\/wp-content\/uploads\/2020\/09\/Colloquium_2019_2.pdf\" target=\"_blank\">Sommersemester 2019<\/a><\/td><td><a rel=\"noreferrer noopener\" href=\"http:\/\/geschichte-brandenburg.de\/wordpress\/wp-content\/uploads\/2020\/09\/Colloquium_2019-20.pdf\" target=\"_blank\">Wintersemester 2019\/2020<\/a><\/td><\/tr><tr><td><a rel=\"noreferrer noopener\" href=\"http:\/\/geschichte-brandenburg.de\/wordpress\/wp-content\/uploads\/2020\/09\/Colloquium_2018.pdf\" target=\"_blank\">Sommersemester 2018<\/a><\/td><td><a rel=\"noreferrer noopener\" href=\"http:\/\/geschichte-brandenburg.de\/wordpress\/wp-content\/uploads\/2020\/09\/Colloquium_2018-19.pdf\" target=\"_blank\">Wintersemester 2018\/2019<\/a><\/td><\/tr><tr><td><a rel=\"noreferrer noopener\" href=\"http:\/\/geschichte-brandenburg.de\/wordpress\/wp-content\/uploads\/2020\/09\/Colloquium_2017.pdf\" target=\"_blank\">Sommersemester 2017<\/a><\/td><td><a rel=\"noreferrer noopener\" href=\"http:\/\/geschichte-brandenburg.de\/wordpress\/wp-content\/uploads\/2020\/09\/Colloquium_2017-18.pdf\" target=\"_blank\">Wintersemester 2017\/2018<\/a><\/td><\/tr><tr><td><a rel=\"noreferrer noopener\" href=\"http:\/\/geschichte-brandenburg.de\/wordpress\/wp-content\/uploads\/2020\/09\/Colloquium_2016.pdf\" target=\"_blank\">Sommersemester 2016<\/a><\/td><td><a rel=\"noreferrer noopener\" href=\"http:\/\/geschichte-brandenburg.de\/wordpress\/wp-content\/uploads\/2020\/09\/Colloquium_2016-17.pdf\" target=\"_blank\">Wintersemester 2016\/2017<\/a><\/td><\/tr><tr><td><a rel=\"noreferrer noopener\" href=\"http:\/\/geschichte-brandenburg.de\/wordpress\/wp-content\/uploads\/2020\/09\/Colloquium_2015.pdf\" target=\"_blank\">Sommersemester 2015<\/a><\/td><td><a rel=\"noreferrer noopener\" href=\"http:\/\/geschichte-brandenburg.de\/wordpress\/wp-content\/uploads\/2020\/09\/Colloquium_2015-16.pdf\" target=\"_blank\">Wintersemester 2015\/2016<\/a><\/td><\/tr><tr><td><a rel=\"noreferrer noopener\" href=\"http:\/\/geschichte-brandenburg.de\/wordpress\/wp-content\/uploads\/2020\/09\/Colloquium_2014.pdf\" target=\"_blank\">Sommersemester 2014<\/a><\/td><td><a rel=\"noreferrer noopener\" href=\"http:\/\/geschichte-brandenburg.de\/wordpress\/wp-content\/uploads\/2020\/09\/Colloquium_2014-15.pdf\" target=\"_blank\">Wintersemester 2014\/2015<\/a><\/td><\/tr><tr><td><a rel=\"noreferrer noopener\" href=\"http:\/\/geschichte-brandenburg.de\/wordpress\/wp-content\/uploads\/2020\/09\/Colloquium_2013.pdf\" target=\"_blank\">Sommersemester 2013<\/a><\/td><td><a rel=\"noreferrer noopener\" href=\"http:\/\/geschichte-brandenburg.de\/wordpress\/wp-content\/uploads\/2020\/09\/Colloquium_2013-14.pdf\" target=\"_blank\">Wintersemester 2013\/2014<\/a><\/td><\/tr><tr><td><a rel=\"noreferrer noopener\" href=\"http:\/\/geschichte-brandenburg.de\/wordpress\/wp-content\/uploads\/2020\/09\/Colloquium_2012.pdf\" target=\"_blank\">Sommersemester 2012<\/a><\/td><td><a rel=\"noreferrer noopener\" href=\"http:\/\/geschichte-brandenburg.de\/wordpress\/wp-content\/uploads\/2020\/09\/Colloquium_2012-13.pdf\" target=\"_blank\">Wintersemester 2012\/2013<\/a><\/td><\/tr><tr><td><a rel=\"noreferrer noopener\" href=\"http:\/\/geschichte-brandenburg.de\/wordpress\/wp-content\/uploads\/2020\/09\/Colloquium_2011.pdf\" target=\"_blank\">Sommersemester 2011<\/a><\/td><td><a rel=\"noreferrer noopener\" href=\"http:\/\/geschichte-brandenburg.de\/wordpress\/wp-content\/uploads\/2020\/09\/Colloquium_2011-12.pdf\" target=\"_blank\">Wintersemester 2011\/2012<\/a><\/td><\/tr><tr><td><a rel=\"noreferrer noopener\" href=\"http:\/\/geschichte-brandenburg.de\/wordpress\/wp-content\/uploads\/2020\/09\/Colloquium_2010.pdf\" target=\"_blank\">Sommersemester 2010<\/a><\/td><td><a rel=\"noreferrer noopener\" href=\"http:\/\/geschichte-brandenburg.de\/wordpress\/wp-content\/uploads\/2020\/09\/Colloquium_2010-11.pdf\" target=\"_blank\">Wintersemester 2010\/2011<\/a><\/td><\/tr><tr><td><a rel=\"noreferrer noopener\" href=\"http:\/\/geschichte-brandenburg.de\/wordpress\/wp-content\/uploads\/2020\/09\/Colloquium_2009.pdf\" target=\"_blank\">Sommersemester 2009<\/a><\/td><td><a rel=\"noreferrer noopener\" href=\"http:\/\/geschichte-brandenburg.de\/wordpress\/wp-content\/uploads\/2020\/09\/Colloquium_2009-10.pdf\" target=\"_blank\">Wintersemester 2009\/2010<\/a><\/td><\/tr><tr><td><a rel=\"noreferrer noopener\" href=\"http:\/\/geschichte-brandenburg.de\/wordpress\/wp-content\/uploads\/2020\/09\/Colloquium_2008.pdf\" target=\"_blank\">Sommersemester 2008<\/a><\/td><td><a rel=\"noreferrer noopener\" href=\"http:\/\/geschichte-brandenburg.de\/wordpress\/wp-content\/uploads\/2020\/09\/Colloquium_2008-09.pdf\" target=\"_blank\">Wintersemester 2008\/2009<\/a><\/td><\/tr><\/tbody><\/table><\/figure>\n","protected":false},"excerpt":{"rendered":"<p>Geschichte &#8212; Arch\u00e4ologie &#8212; Kunstgeschichte Zu den satzungsgem\u00e4\u00dfen Zielen der Landesgeschichtlichen Vereinigung z\u00e4hlt es unter anderem, die wissenschaftliche Forschungsarbeit zur brandenburgischen Landesgeschichte zu f\u00f6rdern und den Studierenden der brandenburgischen Landesgeschichte [&hellip;]<\/p>\n","protected":false},"author":2,"featured_media":0,"parent":0,"menu_order":0,"comment_status":"closed","ping_status":"closed","template":"","meta":{"footnotes":""},"class_list":["post-40","page","type-page","status-publish","hentry"],"_links":{"self":[{"href":"https:\/\/geschichte-brandenburg.de\/wordpress\/wp-json\/wp\/v2\/pages\/40","targetHints":{"allow":["GET"]}}],"collection":[{"href":"https:\/\/geschichte-brandenburg.de\/wordpress\/wp-json\/wp\/v2\/pages"}],"about":[{"href":"https:\/\/geschichte-brandenburg.de\/wordpress\/wp-json\/wp\/v2\/types\/page"}],"author":[{"embeddable":true,"href":"https:\/\/geschichte-brandenburg.de\/wordpress\/wp-json\/wp\/v2\/users\/2"}],"replies":[{"embeddable":true,"href":"https:\/\/geschichte-brandenburg.de\/wordpress\/wp-json\/wp\/v2\/comments?post=40"}],"version-history":[{"count":15,"href":"https:\/\/geschichte-brandenburg.de\/wordpress\/wp-json\/wp\/v2\/pages\/40\/revisions"}],"predecessor-version":[{"id":2403,"href":"https:\/\/geschichte-brandenburg.de\/wordpress\/wp-json\/wp\/v2\/pages\/40\/revisions\/2403"}],"wp:attachment":[{"href":"https:\/\/geschichte-brandenburg.de\/wordpress\/wp-json\/wp\/v2\/media?parent=40"}],"curies":[{"name":"wp","href":"https:\/\/api.w.org\/{rel}","templated":true}]}}