{"id":447,"date":"2020-10-01T16:22:00","date_gmt":"2020-10-01T14:22:00","guid":{"rendered":"http:\/\/geschichte-brandenburg.de\/wordpress\/?page_id=447"},"modified":"2026-01-12T12:07:56","modified_gmt":"2026-01-12T11:07:56","slug":"70-band-2019","status":"publish","type":"page","link":"https:\/\/geschichte-brandenburg.de\/wordpress\/70-band-2019\/","title":{"rendered":"70. Band (2019)"},"content":{"rendered":"\n<p><\/p>\n\n\n\n<ul class=\"wp-block-list\">\n<li>Kennecke, Heike: Slawen und Deutsche im Havelland. Arch\u00e4ologische Spuren des hochmittelalterlichen Landesausbaus, S. 9\u201330.<\/li>\n\n\n\n<li>Bergstedt, Clemens\/Michas, Uwe: Die Schlacht um Angerm\u00fcnde im M\u00e4rz 1420. Eine kritische Revision, S. 31\u201358.<\/li>\n\n\n\n<li>B\u00f6nisch, Rudolf: Coena Domini. Ausschnitte und Kombinationen druckgraphischer Vorlagen bei Abendmahlger\u00e4ten in Kirchen zwischen Oder und Spree, S. 59\u201377.<\/li>\n\n\n\n<li>Faensen, Bertram: Pfeifenmacher in der brandenburgischen Mittelmark. Anmerkungen zu einem seltenen Gewerbe, S. 79\u2013107.<\/li>\n\n\n\n<li>Kirchner, Christhard: Johann Tobias Turley (1772\u20131829). B\u00e4ckermeister und autodidaktischer Orgelbauer in Treuenbrietzen, S. 109\u2013151.<\/li>\n\n\n\n<li>Feldhahn, Ulrich: Der Zeigefinger des Kaisers. Ein Jagdunfall von 1819 und seine Folgen, S. 153\u2013168.<\/li>\n\n\n\n<li>Lemburg, Peter: Friedrich Adlers m\u00e4rkische Forschungen, S. 169\u2013187.<\/li>\n\n\n\n<li>B\u00f6rsch-Supan, Helmut: \u00dcberlegungen zum Projekt eines Lexikons der Maler in Berlin und Brandenburg bis zum Geburtsjahrgang 1875, S. 189\u2013203.<\/li>\n\n\n\n<li>Knoll, Wolf-R\u00fcdiger: Das verarbeitende Gewerbe und die strukturpolitischen Entwicklungspfade in Brandenburg zwischen 1945 und 1989, S. 205\u2013231.<\/li>\n\n\n\n<li>Buchbesprechungen, S. 232\u2013273.<\/li>\n\n\n\n<li><a href=\"https:\/\/geschichte-brandenburg.de\/wordpress\/wp-content\/uploads\/2026\/01\/JBLG_70_Bibliographie.pdf\" data-type=\"attachment\" data-id=\"3111\">Neuerscheinungen aus den Jahren 2019\/2018\/2017 (Bibliographie \u201e70\u201c)<\/a>. Bearb. von Dorothee Ge\u00dfner unter Mitarbeit von Peter Bahl, S. 274\u2013299.<\/li>\n\n\n\n<li>Berichte<\/li>\n\n\n\n<li><a href=\"https:\/\/geschichte-brandenburg.de\/wordpress\/wp-content\/uploads\/2026\/01\/JBLG_70_Bericht_Bahl_druda.pdf\" data-type=\"attachment\" data-id=\"3110\">Bahl, Peter: T\u00e4tigkeitsbericht der Landesgeschichtlichen Vereinigung f\u00fcr die Mark Brandenburg e.V. f\u00fcr das Jahr 2018<\/a>, S. 300\u2013303.<\/li>\n\n\n\n<li>T\u00e4tigkeitsberichte Landesgeschichtlicher Kommissionen und Institutionen f\u00fcr das Jahr 2017, S. 304\u2013319.<\/li>\n\n\n\n<li>Franke, Ellen: Historische Kommission zu Berlin e.V., S. 304\u2013305.<\/li>\n\n\n\n<li>Neitmann, Klaus: Brandenburgische Historische Kommission e.V., S. 306\u2013310.<\/li>\n\n\n\n<li>G\u00f6se, Frank: Bericht der Forschungsstelle f\u00fcr Brandenburgische Landesgeschichte beim Brandenburgischen Landeshauptarchiv f\u00fcr das Jahr 2018. Protokoll der 57. und 58. Zusammenkunft der Forschungsstelle f\u00fcr Brandenburgische Landesgeschichte am 27. April und 26. Oktober 2018, S. 311\u2013316.<\/li>\n\n\n\n<li>Winkler, Kurt: Brandenburgische Gesellschaft f\u00fcr Kultur und Geschichte gGmbH \/ Haus der Brandenburgisch-Preu\u00dfischen Geschichte, S. 317\u2013319.<\/li>\n\n\n\n<li>Mitarbeiterverzeichnis, S. 320.<\/li>\n<\/ul>\n","protected":false},"excerpt":{"rendered":"","protected":false},"author":2,"featured_media":0,"parent":0,"menu_order":0,"comment_status":"closed","ping_status":"closed","template":"","meta":{"footnotes":""},"class_list":["post-447","page","type-page","status-publish","hentry"],"_links":{"self":[{"href":"https:\/\/geschichte-brandenburg.de\/wordpress\/wp-json\/wp\/v2\/pages\/447","targetHints":{"allow":["GET"]}}],"collection":[{"href":"https:\/\/geschichte-brandenburg.de\/wordpress\/wp-json\/wp\/v2\/pages"}],"about":[{"href":"https:\/\/geschichte-brandenburg.de\/wordpress\/wp-json\/wp\/v2\/types\/page"}],"author":[{"embeddable":true,"href":"https:\/\/geschichte-brandenburg.de\/wordpress\/wp-json\/wp\/v2\/users\/2"}],"replies":[{"embeddable":true,"href":"https:\/\/geschichte-brandenburg.de\/wordpress\/wp-json\/wp\/v2\/comments?post=447"}],"version-history":[{"count":4,"href":"https:\/\/geschichte-brandenburg.de\/wordpress\/wp-json\/wp\/v2\/pages\/447\/revisions"}],"predecessor-version":[{"id":3122,"href":"https:\/\/geschichte-brandenburg.de\/wordpress\/wp-json\/wp\/v2\/pages\/447\/revisions\/3122"}],"wp:attachment":[{"href":"https:\/\/geschichte-brandenburg.de\/wordpress\/wp-json\/wp\/v2\/media?parent=447"}],"curies":[{"name":"wp","href":"https:\/\/api.w.org\/{rel}","templated":true}]}}