{"id":679,"date":"2020-10-04T22:38:00","date_gmt":"2020-10-04T20:38:00","guid":{"rendered":"http:\/\/geschichte-brandenburg.de\/wordpress\/?page_id=679"},"modified":"2020-10-06T10:57:32","modified_gmt":"2020-10-06T08:57:32","slug":"schriften_nf_2","status":"publish","type":"page","link":"https:\/\/geschichte-brandenburg.de\/wordpress\/schriften_nf_2\/","title":{"rendered":"Schriften_NF_2"},"content":{"rendered":"\n<h2 class=\"wp-block-heading\"><strong>Die Landesgeschichtliche Vereinigung f\u00fcr die Mark Brandenburg in Vergangenheit und Gegenwart<\/strong><\/h2>\n\n\n\n<p>Aus Anlass ihres 125j\u00e4hrigen Bestehens bearb. u. hrsg. von Peter Bahl.<br>Mit Beitr\u00e4gen von Helga Babin, Peter Bahl, Eckart Henning, Martin Henning, Hans-Ulrich Kamke, Hans-Werner Kl\u00fcnner, Carl L\u00f6ffler u. Peter P. Rohrlach.<br>Berlin: Selbstverl., 2009. &#8211; 408 S., 191 Abb.<br>(Schriften der Landesgeschichtlichen Vereinigung f\u00fcr die Mark Brandenburg, N.F., Bd. 2).<br>\u20ac 19,50<\/p>\n\n\n\n<p><\/p>\n\n\n\n<p><strong>Bestellungen bitte nur an:<\/strong><br>Landesgeschichtliche Vereinigung f\u00fcr die Mark Brandenburg e.V.<br>Breite Stra\u00dfe 30&#8211;36<br>10178 Berlin<br>Tel. (030) 753 99 98<br>email: archiv@geschichte-brandenburg.de<\/p>\n\n\n\n<h3 class=\"wp-block-heading\">Inhaltsverzeichnis<\/h3>\n\n\n\n<ul class=\"wp-block-list\"><li>Bahl, Peter: Vorwort, S. 7.<br><\/li><li><em>I. Zur Geschichte der Vereinigung<\/em><\/li><li>Zeittafel, S. 10&#8211;11.<\/li><li>Bahl, Peter: Die Vereinsgeschichte im Zeitraffer &#8211; einf\u00fchrender \u00dcberblick,  S. 13&#8211;42.<\/li><li>Kl\u00fcnner, Hans-Werner: Theodor Fontanes Beziehungen zur Landesgeschichtlichen Vereinigung f\u00fcr die Mark Brandenburg, S. 43&#8211;54.<\/li><li>L\u00f6ffler, Carl: Erinnerungen an die Kriegs- und Nachkriegsjahre in der Landesgeschichtlichen Vereinigung f\u00fcr die Mark Brandenburg, S. 55&#8211;72.<\/li><li>Rohrlach, Peter P.: Die Landesgeschichtliche Vereinigung f\u00fcr die Mark Brandenburg: Eine pers\u00f6nliche Erinnerung aus den Jahren 1946&#8211;1996, S. 73&#8211;96.<br><\/li><li><em>II. Die Veranstaltungen<\/em><\/li><li>Henning, Martin: Wandern und Geschichte, S. 99&#8211;105.<\/li><li>Babin, Helga: Erinnerungen und Eindr\u00fccke aus den letzten drei\u00dfig Exkursions-Jahren, S. 107&#8211;117.<\/li><li>Chronologische Veranstaltungsverzeichnisse, S. 119&#8211;206.<br><\/li><li><em>III. Die Ver\u00f6ffentlichungen<\/em><\/li><li>Bibliographie der Ver\u00f6ffentlichungen 1884&#8211;2009, S. 209&#8211;222.<\/li><li>Henning, Eckart: Das Jahrbuch f\u00fcr brandenburgische Landesgeschichte und seine Herausgeber (1950&#8211;2000\/2001), S. 223&#8211;258.<\/li><li>Inhaltsverzeichnis zu den B\u00e4nden 1 bis 59 (1950&#8211;2008) des Jahrbuchs f\u00fcr brandenburgische Landesgeschichte. Mit Autorenregister, S. 235&#8211;258.<\/li><li>Bahl, Peter: Das Mitteilungsblatt, seine Vorg\u00e4nger seit 1892 und seine Redakteure, S. 259&#8211;278.<br><\/li><li><em>IV. Die Sammlungen<\/em><\/li><li>Kamke, Hans-Ulrich: Die Bibliothek der Landesgeschichtlichen Vereinigung f\u00fcr die Mark Brandenburg, S. 279&#8211;299.<\/li><li>Verzeichnis der laufend gehaltenen Periodika (Stand 1. 3. 2009), S. 299&#8211;304.<\/li><li>Bahl, Peter: Das Archiv der Landesgeschichtlichen Vereinigung f\u00fcr die Mark Brandenburg, S. 305&#8211;330.<br><\/li><li><em>V. Personaldokumentation<\/em><\/li><li>1. Vorstandsmitglieder 1884&#8211;2009, S. 331&#8211;339.<\/li><li>2. Ehrenmitglieder seit 1885, S. 340&#8211;349<\/li><li>3. Korrespondierende Mitglieder seit 2001, S. 350.<\/li><li>4. Verleihungen der Fontane-Plakette seit 1922, S. 351&#8211;362.<\/li><li>5. Verzeichnis der Mitglieder in Ost-Berlin und der DDR 1949&#8211;1990, S. 363&#8211;366.<\/li><li>6. Vorstand und Aussch\u00fcsse 2009 (Stand 16. M\u00e4rz 2009), S. 367.<\/li><li>7. Mitgliederverzeichnis 2009 (Stand 15. M\u00e4rz 2009), S. 368&#8211;381.<\/li><li>8. Institutionelle Schriftentauschpartner 2009 (Stand 1. M\u00e4rz 2009), S. 382&#8211;386.<br><\/li><li><em>Anhang<\/em><\/li><li>Bildnachweis, S. 387.<\/li><li>Autorenverzeichnis, S. 388.<\/li><li>Personenregister, S. 389&#8211;405.<\/li><li>Satzung, S. 406&#8211;407.<\/li><li>Die Landesgeschichtliche Vereinigung f\u00fcr die Mark Brandenburg e.V., S. 408.<\/li><\/ul>\n\n\n\n<p><\/p>\n","protected":false},"excerpt":{"rendered":"<p>Die Landesgeschichtliche Vereinigung f\u00fcr die Mark Brandenburg in Vergangenheit und Gegenwart Aus Anlass ihres 125j\u00e4hrigen Bestehens bearb. u. hrsg. von Peter Bahl.Mit Beitr\u00e4gen von Helga Babin, Peter Bahl, Eckart Henning, [&hellip;]<\/p>\n","protected":false},"author":2,"featured_media":0,"parent":0,"menu_order":0,"comment_status":"closed","ping_status":"closed","template":"","meta":{"footnotes":""},"class_list":["post-679","page","type-page","status-publish","hentry"],"_links":{"self":[{"href":"https:\/\/geschichte-brandenburg.de\/wordpress\/wp-json\/wp\/v2\/pages\/679","targetHints":{"allow":["GET"]}}],"collection":[{"href":"https:\/\/geschichte-brandenburg.de\/wordpress\/wp-json\/wp\/v2\/pages"}],"about":[{"href":"https:\/\/geschichte-brandenburg.de\/wordpress\/wp-json\/wp\/v2\/types\/page"}],"author":[{"embeddable":true,"href":"https:\/\/geschichte-brandenburg.de\/wordpress\/wp-json\/wp\/v2\/users\/2"}],"replies":[{"embeddable":true,"href":"https:\/\/geschichte-brandenburg.de\/wordpress\/wp-json\/wp\/v2\/comments?post=679"}],"version-history":[{"count":16,"href":"https:\/\/geschichte-brandenburg.de\/wordpress\/wp-json\/wp\/v2\/pages\/679\/revisions"}],"predecessor-version":[{"id":787,"href":"https:\/\/geschichte-brandenburg.de\/wordpress\/wp-json\/wp\/v2\/pages\/679\/revisions\/787"}],"wp:attachment":[{"href":"https:\/\/geschichte-brandenburg.de\/wordpress\/wp-json\/wp\/v2\/media?parent=679"}],"curies":[{"name":"wp","href":"https:\/\/api.w.org\/{rel}","templated":true}]}}