{"id":701,"date":"2020-10-05T12:41:34","date_gmt":"2020-10-05T10:41:34","guid":{"rendered":"http:\/\/geschichte-brandenburg.de\/wordpress\/?page_id=701"},"modified":"2020-10-09T12:10:23","modified_gmt":"2020-10-09T10:10:23","slug":"schriften_nf_4","status":"publish","type":"page","link":"https:\/\/geschichte-brandenburg.de\/wordpress\/schriften_nf_4\/","title":{"rendered":"Schriften_NF_4"},"content":{"rendered":"\n<h2 class=\"wp-block-heading\"><a href=\"https:\/\/www.lukasverlag.com\/programm\/titel\/325-regionalitaet-und-transfergeschichte.html\" target=\"_blank\" rel=\"noreferrer noopener\">Regionalit\u00e4t und Transfergeschichte. <br>Ritterordenskommenden der Templer und Johanniter im nord\u00ad\u00f6stlichen Deutschland und in Polen<\/a><\/h2>\n\n\n\n<p>Hrsg. von Christian Gahlbeck, Heinz-Dieter Heimann und Dirk Schumann.<br>Berlin: Lukas Verlag, 2014. &#8211; 649 Seiten, 244 Abb.<br>(Studien zur brandenburgischen und vergleichenden Landesgeschichte, Bd. 9; zugleich: Schriften der Landesgeschichtlichen Vereinigung f\u00fcr die Mark Brandenburg, N.F., Bd. 4).<br>ISBN: 978-3-86732-140-2<br>\u20ac 48,\u2013<\/p>\n\n\n\n<p><\/p>\n\n\n\n<p><strong>Bestellungen bitte nicht an die Vereinigung, sondern \u00fcber den Buchhandel oder direkt an:<\/strong><br><a rel=\"noreferrer noopener\" href=\"http:\/\/www.lukasverlag.com\" target=\"_blank\">Lukas Verlag f\u00fcr Kunst- und Geistesgeschichte<\/a><br>Kollwitzstr. 57<br>10405 Berlin<br>Tel. (030) 44 04 92 90<br>Fax (030) 442 81 77<br>email: lukas.verlag@t-online.de<\/p>\n\n\n\n<h3 class=\"wp-block-heading\">Inhaltsverzeichnis<\/h3>\n\n\n\n<ul class=\"wp-block-list\"><li>Gahlbeck, Christian \/ Heimann, Heinz-Dieter \/ Schumann, Dirk: Vorwort, S. 11&#8211;13.<\/li><li><em>Templer und Johanniter im Spiegel der Forschung<\/em><\/li><li>Heimann, Heinz-Dieter: Innerhalb und au\u00dferhalb der Johanniterordensballei Brandenburg. Anspr\u00fcche und Chancen raumkonstruierender Forschung, S. 23&#8211;29.<\/li><li>Gahlbeck, Christian \/ Schumann, Dirk: Die Templer und Johanniter im nord\u00f6stlichen Deutschland und in Polen als Gegenstand interdisziplin\u00e4rer landesgeschichtlicher Forschung, S. 30&#8211;45.<\/li><li><em>Der Templer- und der Johanniterorden im mittleren Europa<\/em><\/li><li>Starnawska, Maria: Zur Geschichte der Templer in Polen, S. 47&#8211;62.<\/li><li>Borchardt, Karl: Die Johanniter und ihre Balleien in Deutschland w\u00e4hrend des Mittelalters, S. 63&#8211;76.<\/li><li>Smolinski, Marek: Zur Geschichte der Johanniter und ihrer politischen Rolle in Polen bis zum Jahre 1370, S. 77&#8211;90.<\/li><li>Heckmann, Marie-Luise: Fecitpulsare campanas \u2026 Kriegsdienste und Fr\u00f6mmigkeit deutscher Templer aus der Perspektive ihrer Wohlt\u00e4ter, S. 91&#8211;119.<\/li><li><em>Regionale Entwicklungen &#8211; die Templer im Raum westlich und \u00f6stlich der Oder<\/em><\/li><li>Gebuhr, Ralf: Templer und Machtpolitik. Bemerkungen zur Kommende Tempelhof im S\u00fcden Berlins, S. 121&#8211;139.<\/li><li>Przybyl, Maciej: Die Herz\u00f6ge von Gro\u00dfpolen und Schlesien und die Templer im Raum an der mittleren Oder und unteren Warthe, S. 140&#8211;154.<\/li><li>Brzustowicz, Grzegorz Jacek: Die Aufhebung des Templerordens in der Neumark und in Pommern, S. 155&#8211;170.<\/li><li><em>Regionale und \u00fcberregionale Entwicklungen &#8211; die Johanniter in der Bailei Brandenburg<\/em><\/li><li>Partenheimer, Lutz: Die Johanniterkommende Werben (Altmark) von 1160 bis zur Reformation, S. 173&#8211;203.<\/li><li>Szczesiak, Rainer \/ Gahlbeck, Christian: Die Kommenden der Johanniter in Mirow, Gardow und Nemerow in der Herrschaft Stargard in S\u00fcdmecklenburg, S. 204&#8211;247.<\/li><li>Lindenhayn-Fiedorowicz, Agnieszka: Johannitisches Patronat und st\u00e4dtische Architektur. Die Marienkirche zu Stargard (Stargard Szczeciriski) in Pommern, S. 248&#8211;270.<\/li><li>Gahlbeck, Christian: Lagow (Lag\u00f3w) oder Sonnenburg (Slonsk). Zur Frage der Residenzbildung in der Ballei Brandenburg der Johanniter von 1317 bis 1527, S. 271&#8211;337.<\/li><li>J\u00e4hnig, Bernhart: Ein Tausch der Balleien Brandenburg und Apulien? Zur Geschichte der Verhandlungen zwischen dem Deutschen Orden und dem Johanniterorden an der R\u00f6mischen Kurie um 1450, S. 338&#8211;354.<\/li><li><em>Architektur und Ausstattung mittelalterlicher Kommenden westlich und \u00f6stlich der Oder<\/em><\/li><li>Kn\u00fcvener, Peter \/ Schumann, Dirk: Die Werbener Johanniskirche und ihre mittelalterliche Ausstattung, S. 357&#8211;393.<\/li><li>Kn\u00fcvener, Peter: Die Kommende Tempelhof und ihre mittelalterlichen Kunstwerke, S. 394&#8211;411.<\/li><li>Schumann, Dirk: Die mittelalterliche Architektur der Kommenden in Lietzen und Quartschen (Chwarszczany). Konzepte sakraler Architekturgestaltung in der zweiten H\u00e4lfte des 13. Jahrhunderts, S. 412&#8211;441.<\/li><li>Kolosowski, Przemyslaw \/ Sieminska, Dominika: The Templar&#8217;s sites in Rurka (R\u00f6rchen) and Chwarszczany (Quartschen) in the light of the latest studies, S. 442&#8211;457.<\/li><li>Kolosowski, Przemyslaw: Grave n\u00b0 58 from the Knights Templar of The Order of The Temple cemetery in Rurka (R\u00f6rchen). A contribution to studies upon late medieval funeral rites, S. 458&#8211;464.<\/li><li><em>Geschichte und Kultur der Johanniter-Ordensballei Brandenburg von der Reformation bis zur Gegenwart<\/em><\/li><li>Kaak, Heinrich: Verteidigung und Festigung der Position des Johanniterordens in der Neumark im 16. und 17. Jahrhundert, S. 467&#8211;496.<\/li><li>Biewer, Ludwig: Die Johanniter vom 19. Jahrhundert bis zur Gegenwart. Ein \u00dcberblick, S. 497&#8211;511.<\/li><li>Baumert, Agnes: Tr\u00f6stliche sch\u00f6ne Spr\u00fcche so wider allerley geistliche anfechtunge im gantzen leben\u2026 Das Gebetbuch des Herrenmeisters Martin von Hohenstein (1569&#8211;1609) als Forschungsaufgabe, S. 512&#8211;520.<\/li><li>Jager, Markus: Das Ordensschloss Sonnenburg (Slonsk) und das Ordenspalais am Berliner Wilhelmplatz. Anmerkungen zur neuzeitlichen Herrenmeisterarchitektur der Bailei Brandenburg, S. 521&#8211;539.<\/li><li>Badst\u00fcbner, Ernst: Die barocken emblematischen Deckenmalereien im Herrenhaus der ehemaligen Johanniterkommende Lietzen. Die Bildquellen und ihre Umsetzung, S. 540&#8211;556.<\/li><li>Riks, Eva: Die Restaurierung der Johanniterkirche in Sonnenburg (Slonsk) seit 1994. Ein Beispiel deutsch-polnischer Zusammenarbeit, S. 557&#8211;576.<\/li><li><em>Anhang<\/em><\/li><li>Quellen- und Literaturverzeichnis, S. 579&#8211;648.<\/li><li>Verzeichnis der in der Literatur genannten Siglen, S. 649.<\/li><\/ul>\n","protected":false},"excerpt":{"rendered":"<p>Regionalit\u00e4t und Transfergeschichte. Ritterordenskommenden der Templer und Johanniter im nord\u00ad\u00f6stlichen Deutschland und in Polen Hrsg. von Christian Gahlbeck, Heinz-Dieter Heimann und Dirk Schumann.Berlin: Lukas Verlag, 2014. &#8211; 649 Seiten, 244 [&hellip;]<\/p>\n","protected":false},"author":2,"featured_media":0,"parent":0,"menu_order":0,"comment_status":"closed","ping_status":"closed","template":"","meta":{"footnotes":""},"class_list":["post-701","page","type-page","status-publish","hentry"],"_links":{"self":[{"href":"https:\/\/geschichte-brandenburg.de\/wordpress\/wp-json\/wp\/v2\/pages\/701","targetHints":{"allow":["GET"]}}],"collection":[{"href":"https:\/\/geschichte-brandenburg.de\/wordpress\/wp-json\/wp\/v2\/pages"}],"about":[{"href":"https:\/\/geschichte-brandenburg.de\/wordpress\/wp-json\/wp\/v2\/types\/page"}],"author":[{"embeddable":true,"href":"https:\/\/geschichte-brandenburg.de\/wordpress\/wp-json\/wp\/v2\/users\/2"}],"replies":[{"embeddable":true,"href":"https:\/\/geschichte-brandenburg.de\/wordpress\/wp-json\/wp\/v2\/comments?post=701"}],"version-history":[{"count":16,"href":"https:\/\/geschichte-brandenburg.de\/wordpress\/wp-json\/wp\/v2\/pages\/701\/revisions"}],"predecessor-version":[{"id":1007,"href":"https:\/\/geschichte-brandenburg.de\/wordpress\/wp-json\/wp\/v2\/pages\/701\/revisions\/1007"}],"wp:attachment":[{"href":"https:\/\/geschichte-brandenburg.de\/wordpress\/wp-json\/wp\/v2\/media?parent=701"}],"curies":[{"name":"wp","href":"https:\/\/api.w.org\/{rel}","templated":true}]}}