{"id":717,"date":"2020-10-05T13:07:35","date_gmt":"2020-10-05T11:07:35","guid":{"rendered":"http:\/\/geschichte-brandenburg.de\/wordpress\/?page_id=717"},"modified":"2020-10-07T12:29:42","modified_gmt":"2020-10-07T10:29:42","slug":"schriften_nf_3","status":"publish","type":"page","link":"https:\/\/geschichte-brandenburg.de\/wordpress\/schriften_nf_3\/","title":{"rendered":"Schriften_NF_3"},"content":{"rendered":"\n<h2 class=\"wp-block-heading\"><strong><a href=\"https:\/\/www.peterlang.com\/view\/title\/53013\" target=\"_blank\" rel=\"noreferrer noopener\">Das Archiv der Landesgeschichtlichen Vereinigung fur die Mark Brandenburg und seine Best\u00e4nde<\/a><\/strong><\/h2>\n\n\n\n<p>Bearb. von Peter Bahl.<br>Frankfurt am Main u.a.: Peter Lang Verl., 2009. &#8211; 272 S., 87 Abb.<br>(Quellen, Findb\u00fccher und Inventare des Brandenburgischen Landeshauptarchivs, Bd. 24; zugleich: Schriften der Landesgeschichtlichen Vereinigung f\u00fcr die Mark Brandenburg, N.F., Bd. 3).<br>ISBN 978-3-631-59324-0<br>\u20ac 66,10<\/p>\n\n\n\n<p><\/p>\n\n\n\n<p><strong>Bestellungen bitte nicht an die Vereinigung, sondern \u00fcber den Buchhandel oder direkt an:<\/strong><br><a rel=\"noreferrer noopener\" href=\"http:\/\/www.peterlang.com\" target=\"_blank\">Peter Lang GmbH<\/a><br>Eschborner Landstr. 42\u201350<br>60489 Frankfurt am Main,<br>Tel. (069) 78 07 05-0<br>Fax (069) 78 07 05-50<br>email: zentrale.frankfurt@peterlang.com<\/p>\n\n\n\n<h3 class=\"wp-block-heading\">Inhaltsverzeichnis<\/h3>\n\n\n\n<ul class=\"wp-block-list\"><li>Vorwort [des Reihenherausgebers Klaus Neitmann], S. IX&#8211;XIII.<\/li><li>Einleitung, S. 1&#8211;17.<br>Geschichte (S. 3&#8211;9). \u2013 Tektonik (S. 9&#8211;12). \u2013 Schwerpunkte (S. 12&#8211;15). \u2013 Erschlie\u00dfung (S. 15&#8211;16). \u2013 Benutzung (S. 16&#8211;17).<\/li><li><em>Vereinsakten<\/em> (der Landesgeschichtlichen Vereinigung f\u00fcr die Mark Brandenburg), S. 19&#8211;27.<br>Vereinsverfassung und Vereinsf\u00fchrung (S. 20&#8211;21). \u2013 Vorstandskorrespondenz (S. 21). \u2013 Finanzen (S. 22). \u2013 Archiv (S. 22). \u2013 Bibliothek (S. 22&#8211;23). \u2013 Veranstaltungen (S. 23). \u2013 Ver\u00f6ffentlichungen (S. 23&#8211;24). \u2013 Besondere Arbeitsgruppen (S. 25&#8211;27).<\/li><li><em>Nachl\u00e4sse <\/em>(einschlie\u00dflich Vorl\u00e4ssen und vorarchivischer Sammlungen), S. 28&#8211;97.<br>Kurt Adamy (S. 28&#8211;29). \u2013 Hans Axthelm (S. 29&#8211;30). \u2013 Wilhelm Bartsch (S. 30&#8211;31). \u2013 Andreas Bekiers (S. 31&#8211;32). \u2013 G\u00fcnter Bohm (S. 32). \u2013 Albert Burkhardt (S. 32&#8211;34). \u2013 Ernst Carsted (S. 34&#8211;35). \u2013 Paul Dietrich (S. 35). \u2013 Wilhelm D\u00fcrks (S. 36). \u2013 Fritz Eichberg (S. 36&#8211;37). \u2013 Eberhard Faden (S. 38&#8211;39). \u2013 Hans Fielitz (S. 40). \u2013 Georg Walter Forch (S. 40&#8211;41). \u2013 Hermann Fricke (S. 41&#8211;42). \u2013 Wolfgang H. Fritze (S. 42&#8211;44). \u2013 Heinz Gebhardt (S. 44&#8211;45). \u2013 Otto Glodde (S. 45). \u2013 Gundula Glum (S. 46). \u2013 Hans Grantzow (S. 46&#8211;47). \u2013 Felix Havenstein (S. 47&#8211;48). \u2013 Arne Hengsbach (S. 48). \u2013 Martin Henning (S. 49&#8211;50). \u2013 Arthur Hinz (S. 50). \u2013 Willy Hoppe (S. 50&#8211;52). \u2013 Curt Horn (S. 52&#8211;53). \u2013 Ernst John (S. 53&#8211;54). \u2013 Friedrich Jorberg (S. 54). \u2013 Horst Kirchner (S. 54&#8211;55). \u2013 Hans-Werner Kl\u00fcnner (S. 55&#8211;56). \u2013 Benno von Knobelsdorff-Brenkenhoff (S. 56&#8211;57). \u2013 Rolf K\u00f6hler (S. 58). \u2013 Werner K\u00f6hler (S. 59). \u2013 Johannes K\u00f6rber (S. 59&#8211;60). \u2013 Wilhelm Koppe (S. 60&#8211;61). \u2013 Martha Ortrud Krebs (S. 61). \u2013 Max Kr\u00fcgel (S. 62). \u2013 Gerhard K\u00fcchler (S. 62&#8211;63). \u2013 Hermann K\u00fcgler (S. 63&#8211;64). \u2013 Curt Kuhl (S. 64&#8211;65). \u2013 Dorothee Lauffs (S. 65). \u2013 Hannelore Lehmann (S. 66). \u2013 Rudolf Lehmann (S. 67&#8211;68). \u2013 Heinrich Liepe (S. 68&#8211;69). \u2013 Stefan Lindemann (S. 69). \u2013 Johann Marker (S. 70). \u2013 Harry Methling (S. 70&#8211;71). \u2013 Curt Meyer (S. 71). \u2013 Georg Michel (S. 72). \u2013 Georg Mirow (S. 72&#8211;73). \u2013 Adolf Nagel (S. 74). \u2013 Hans E. Pappenheim (S. 75&#8211;76). \u2013 Fritz Paulus (S. 76). \u2013 Robert Piotrowski (S. 76&#8211;77). \u2013 Heinrich Prenzel (S. 77). \u2013 Hans Protz (S. 77&#8211;78). \u2013 Heinz Quirin (S. 78&#8211;79). \u2013 Wilhelm Ratthey (S. 79&#8211;80). \u2013 Friedrich Rauers (S. 80&#8211;81). \u2013 Ernst Robarick (S. 81&#8211;82). \u2013 Johann Gottlob Runge (S. 82&#8211;83). \u2013 Fritz Schmidt (S. 83). \u2013 Margot Sch\u00f6nebeck (S. 83&#8211;84). \u2013 Willi Seibt (S. 84&#8211;85). \u2013 Erich Semtner (S. 85). \u2013 Friedrich Solger (S. 86). \u2013 Willy Spatz (S. 87). \u2013 Bruno Stephan (S. 88). \u2013 Dora St\u00f6ssel (S. 89). \u2013 Alfred Strech (S. 89&#8211;90). \u2013 Hans Uth (S. 90&#8211;91). \u2013 Siegfried Vierk\u00f6tter (S. 91&#8211;92). \u2013 Karl Voigt (S. 92). \u2013 Waltraud Volk (S. 93&#8211;94). \u2013 Bernd Weber (S. 94&#8211;95). \u2013 Lieselotte Wiesinger (S. 95&#8211;96). \u2013 Karl Zapke (S. 96&#8211;97). \u2013 Franz Zehmke (S. 97).<\/li><li><em>Sammlungen<\/em>, S. 98&#8211;143.<\/li><li>Allgemeine archivische Sammlungen und Selekte, S. 98&#8211;108.<br>Druckschriften (S. 98&#8211;99). \u2013 Zeitungen (S. 100). \u2013 Zeitungsausschnitte (S. 100&#8211;101). \u2013 Kleine Erwerbungen (S. 101&#8211;102). \u2013 Manuskripte (S. 102). \u2013 Siegel (S. 102&#8211;103). \u2013 Medaillen und Plaketten (S. 103&#8211;104). \u2013 M\u00fcnzen (S. 104). \u2013 Papiergeld (S. 104). \u2013 Briefmarken, Fahrkarten, Eintrittskarten (S. 105). \u2013Karten und Pl\u00e4ne (S. 105&#8211;106). \u2013 Filme und Tontr\u00e4ger (S. 107). \u2013 Realien (S. 107&#8211;108).<\/li><li>Thematische Sammlungen, S. 109&#8211;113.<br>Theodor Fontane (S. 109&#8211;110). \u2013 Grabst\u00e4tten (S. 110&#8211;111). \u2013 Landeskundliche Institutionen (S. 111&#8211;112). \u2013 Vereinsgeschichte (S. 112&#8211;113).<\/li><li>Bilder, S. 114&#8211;143.<\/li><li>Archivische Bildersammlungen (mit Selekten), S. 115&#8211;120.<br>Fotografien A (Papierabz\u00fcge) (S. 115). \u2013 Fotografien B (Negative) (S. 116). \u2013 Fotografien C (Diapositive) (S. 116). \u2013 Ansichtspostkarten (S. 116). \u2013 Fotoalben und Fotomappen (S. 117). \u2013 Bildmappen und Leporellos (Drucke) (S. 117). \u2013 Druckgraphik (S. 117&#8211;118). \u2013 Handzeichnungen (S. 118). \u2013 Gem\u00e4lde (S. 118&#8211;119). \u2013 Klischees und Druckst\u00f6cke (S. 119). \u2013 Mikrofilme und Mikrofiches (S. 119). \u2013 Digitalisate (S. 120).<\/li><li>Provenienzbest\u00e4nde, S. 120&#8211;137.<\/li><li>Fotografische Nachl\u00e4sse (und vorarchivische allgemeine Bildersammlungen), S. 120&#8211;135.<br>Susanne Behrendt und Hans-Peter Freytag (S. 120&#8211;121). \u2013 Andreas Bekiers (S. 121). \u2013 Johanne Bickmeier (S. 122). \u2013 Fritz Eichberg (S. 122&#8211;123). \u2013 Hans Frankenberg (S. 123). \u2013 Hans Grantzow (S. 123&#8211;124).\u2013 Theodor Grosse (S. 124&#8211;125). \u2013 Curt Horn (S. 125). \u2013 Ernst John (S. 125&#8211;126). \u2013 Marion Karoschat (S. 126). \u2013 Jochen Klepper (S. 126&#8211;127). \u2013 Hans-Werner Kl\u00fcnner (S. 127). \u2013 Benno von Knobelsdorff- Brenkenhoff (S. 128). \u2013 Dorothee Lauffs (S. 128&#8211;129). \u2013 Willi Lindemann (S. 129). \u2013 Georg Michel (S. 129&#8211;130). \u2013 Georg Mirow (S. 130). \u2013 Adolf Nagel (S. 131). \u2013 G. Onken (S. 131). \u2013 Wilhelm Ratthey (S. 132). \u2013 Wilhelm Reichner (S. 133). \u2013 Gerhard Spill (S. 134). \u2013 Waltraud Volk (S. 134&#8211;135).<\/li><li>Bildarchive, S. 135&#8211;137.<br>Touristenklub f\u00fcr die Mark Brandenburg (S. 135&#8211;137). \u2013 Ansichtskartenverlag Zimma\u00df (Erfurt) (S. 137).<\/li><li>Vorarchivische thematische Bildersammlungen, S. 138&#8211;143.<\/li><li>Grabst\u00e4ttenbildersammlungen, S. 138&#8211;142.<br>Sammlung Wohlberedt\u2013Michel (S. 138&#8211;141). \u2013 Sammlung Babin (S. 140). \u2013 Sammlung Lindhorst (S. 141). \u2013 Sammlung L\u00fcpnitz (S. 141&#8211;142). \u2013 Sammlung Weber (S. 142).<\/li><li>Sonstige Thematische Bildersammlungen, S. 142&#8211;143.<br>Theatergeschichtliche Fotosammlung Meyer (S. 142&#8211;143).<\/li><li><em>Deposita verwandter K\u00f6rperschaften<\/em>, S. 144.&#8211;145.<\/li><li>Arbeitsgemeinschaft f\u00fcr die historischen Friedh\u00f6fe und Kirchh\u00f6fe Berlins, S. 144.<\/li><li>Interessengemeinschaft zur Geschichte des Berliner Buchwesens, S. 145.<\/li><li><em>Anhang,<\/em> S. 146&#8211;185.<\/li><li>Literaturverzeichnis zum Archiv und zu den Best\u00e4nden, S. 146&#8211;150.<\/li><li>Liste der Best\u00e4nde nach Bestandssignaturen, S. 151&#8211;154.<\/li><li>Verzeichnis der Abbildungen (Kurztitel), S. 155&#8211;159.<\/li><li>Personenindex, S. 160&#8211;164.<\/li><li>Geographischer Index, S. 165&#8211;173.<\/li><li>Sachindex, S. 174&#8211;185.<\/li><li><em>Bildteil<\/em>, S. 187&#8211;273.<\/li><\/ul>\n\n\n\n<p><\/p>\n","protected":false},"excerpt":{"rendered":"<p>Das Archiv der Landesgeschichtlichen Vereinigung fur die Mark Brandenburg und seine Best\u00e4nde Bearb. von Peter Bahl.Frankfurt am Main u.a.: Peter Lang Verl., 2009. &#8211; 272 S., 87 Abb.(Quellen, Findb\u00fccher und [&hellip;]<\/p>\n","protected":false},"author":2,"featured_media":0,"parent":0,"menu_order":0,"comment_status":"closed","ping_status":"closed","template":"","meta":{"footnotes":""},"class_list":["post-717","page","type-page","status-publish","hentry"],"_links":{"self":[{"href":"https:\/\/geschichte-brandenburg.de\/wordpress\/wp-json\/wp\/v2\/pages\/717","targetHints":{"allow":["GET"]}}],"collection":[{"href":"https:\/\/geschichte-brandenburg.de\/wordpress\/wp-json\/wp\/v2\/pages"}],"about":[{"href":"https:\/\/geschichte-brandenburg.de\/wordpress\/wp-json\/wp\/v2\/types\/page"}],"author":[{"embeddable":true,"href":"https:\/\/geschichte-brandenburg.de\/wordpress\/wp-json\/wp\/v2\/users\/2"}],"replies":[{"embeddable":true,"href":"https:\/\/geschichte-brandenburg.de\/wordpress\/wp-json\/wp\/v2\/comments?post=717"}],"version-history":[{"count":15,"href":"https:\/\/geschichte-brandenburg.de\/wordpress\/wp-json\/wp\/v2\/pages\/717\/revisions"}],"predecessor-version":[{"id":906,"href":"https:\/\/geschichte-brandenburg.de\/wordpress\/wp-json\/wp\/v2\/pages\/717\/revisions\/906"}],"wp:attachment":[{"href":"https:\/\/geschichte-brandenburg.de\/wordpress\/wp-json\/wp\/v2\/media?parent=717"}],"curies":[{"name":"wp","href":"https:\/\/api.w.org\/{rel}","templated":true}]}}