{"id":733,"date":"2020-10-05T18:11:36","date_gmt":"2020-10-05T16:11:36","guid":{"rendered":"http:\/\/geschichte-brandenburg.de\/wordpress\/?page_id=733"},"modified":"2020-10-07T13:41:33","modified_gmt":"2020-10-07T11:41:33","slug":"schriften_nf_5","status":"publish","type":"page","link":"https:\/\/geschichte-brandenburg.de\/wordpress\/schriften_nf_5\/","title":{"rendered":"Schriften_NF_5"},"content":{"rendered":"\n<h2 class=\"wp-block-heading\"><a rel=\"noreferrer noopener\" href=\"https:\/\/www.lukasverlag.com\/programm\/titel\/357-die-mark-brandenburg-unter-den-fruehen-hohenzollern.html\" target=\"_blank\">Die Mark Brandenburg unter den fr\u00fchen Hohenzollern.<\/a><br><a rel=\"noreferrer noopener\" href=\"https:\/\/www.lukasverlag.com\/programm\/titel\/357-die-mark-brandenburg-unter-den-fruehen-hohenzollern.html\" target=\"_blank\">Beitrage zu Geschichte, Kunst und Architektur im 15. Jahrhundert<\/a><\/h2>\n\n\n\n<p>Hrsg. von Peter Kn\u00fcvener und Dirk Schumann.<br>Berlin: Lukas Verlag, 2015. &#8211; 559 S., 286 S\/W- und 29 Farb-Abb.<br>(Schriften der Landesgeschichtlichen Vereinigung f\u00fcr die Mark Brandenburg, N.F., Bd. 5).<br>ISBN: 978-3-86732-150-1<br>\u20ac 36,\u2013<\/p>\n\n\n\n<p><\/p>\n\n\n\n<p><strong>Bestellungen bitte nicht an die Vereinigung, sondern \u00fcber den Buchhandel oder direkt an:<\/strong><br><a rel=\"noreferrer noopener\" href=\"http:\/\/www.lukasverlag.com\" target=\"_blank\">Lukas Verlag f\u00fcr Kunst- und Geistesgeschichte<\/a><br>Kollwitzstr. 57<br>10405 Berlin<br>Tel. (030) 44 04 92 90<br>Fax (030) 442 81 77<br>email: lukas.verlag@t-online.de<\/p>\n\n\n\n<h3 class=\"wp-block-heading\">Inhaltsverzeichnis<\/h3>\n\n\n\n<ul class=\"wp-block-list\"><li>Bahl, Peter \/ Winkler, Kurt: Geleitworte, S. 8&#8211;12.<\/li><li>Kn\u00fcvener, Peter \/ Schumann, Dirk: Vorwort, S. 13&#8211;14.<\/li><li><em>Historische Dispositionen<\/em><\/li><li>Escher, Felix: Die Mark Brandenburg unter den fr\u00fchen Hohenzollern. Eine historische Einf\u00fchrung, S. 17&#8211;34.<\/li><li>Schuchard, Christiane: Zur Stiftungst\u00e4tigkeit der Hohenzollern und ihrer Vertrauten in der Mark Brandenburg im 15. und fr\u00fchen 16. Jahrhundert, S. 35&#8211;59.<\/li><li>Bergstedt, Clemens: \u00bbAlle preisen seinen Namen\u00ab. Markgraf Friedrich I. in der Darstellung des Engelbert Wusterwitz, S. 60&#8211;73.<\/li><li>Bergstedt, Clemens: Neue \u00dcberlegungen zur \u00dcberlieferung und Abfassung der Aufzeichnungen des Engelbert Wusterwitz, S. 74&#8211;103.<\/li><li>Gahlbeck, Christian: Erinnerungsst\u00e4tte und Wahrzeichen. Geschichte und Nachleben des ehemaligen Pr\u00e4monstratenserstifts St. Marien auf dem Harlungerberg in Brandenburg an der Havel, S. 104&#8211;137.<\/li><li>Gebuhr, Ralf: Technik und Repr\u00e4sentation. Zum Kriegswesen der brandenburgischen Hohenzollern im 15. Jahrhundert, S. 138&#8211;159.<\/li><li><em>H\u00f6fische Architektur des 15. Jahrhunderts<\/em><\/li><li>Schumann, Dirk: Die repr\u00e4sentative sp\u00e4tgotische Architektur in der Mark Brandenburg und die hohenzollernschen Landesherren, S. 161&#8211;206.<\/li><li>M\u00fcller, Joachim: Die Schwanenordenskapelle auf dem Harlungerberg. Eine staatstragende geistliche Stiftung der Hohenzollern, S. 207&#8211;228.<\/li><li>Badst\u00fcbner, Ernst: Die Giebel der Marienkirche in Frankfurt an der Oder. Ein Versuch \u00fcber die Bildhaftigkeit der Backsteinarchitektur in der gotischen Stadt, S. 229&#8211;246.<\/li><li><em>Sakrale Kunst und Ausstattung<\/em><\/li><li>Martin, Frank: Die Hohenzollern und die Glasmalerei in der Mark Brandenburg, S. 249&#8211;263.<\/li><li>Jeitner, Christia: Messgew\u00e4nder in der Sammlung des M\u00e4rkischen Museums \u2013 Stiftung Stadtmuseum Berlin. Zeugnisse der Landes- und Kirchengeschichte in Originalen, S. 264&#8211;300.<\/li><li>Pick, Katharina: Der Wandmalereizyklus der K\u00fcnste und Wissenschaften in der Brandenburger Domklausur. Ein Monument der Konkurrenz zwischen Bischof und Kurf\u00fcrst hinsichtlich ihrer Bildungspolitik und der Wahl ihrer K\u00fcnstler?, S. 301&#8211;317.<\/li><li>Grajcarek, Gerald: Konstruktionen von Retabeln aus dem Brandenburger Umfeld. Vergleichende Betrachtungen ausgehend von dem Retabel der Dorfkirche Warchau, S. 318&#8211;330.<\/li><li>Thalmann, Gordon: Neue Erkenntnisse zur Baugeschichte und Ausstattung der Wallfahrtskirche St. Nikolai zu Wilsnack, S. 331&#8211;354.<\/li><li>Jeitner, Christa: 1453, Kurf\u00fcrst Friedrich II. und eine violette Dalmatika: Wilsnack \u2013 Brandenburg \u2013 Rom \u2013 Jerusalem, S. 355&#8211;374.<\/li><li>Lambacher, Lothar \/ de F\u00fcmel, Marina \/ Schumann, Dirk: \u00bb3 Finger Uf das alte Kirchlein\u00ab. Das sp\u00e4tgotische Schwurk\u00e4stchen aus dem Rathaus der Stadt Tangerm\u00fcnde \u2013 alte Nachrichten und neue Beobachtungen, S. 375&#8211;412.<\/li><li>Kn\u00fcvener, Peter \/ Raue, Jan \/ Schumann, Dirk: Die sp\u00e4tgotische S\u00fcdvorhalle der Brandenburger Katharinenkirche und ihre unbekannten Wandmalereien. Ein hochrangiges Zeugnis sp\u00e4tmittelalterlicher Kunst in der Mark und seine Sicherung und Konservierung, S. 413&#8211;447.<\/li><li>Farbtafeln, S. 448&#8211;477.<\/li><li>Kn\u00fcvener, Peter \/ Kn\u00fcvener, Thomas \/ Ziems, Werner: M\u00e4rkische Kunst \u2013 Bilderwelt des Mittelalters. Ein Res\u00fcmee zur Ausstellung, S. 478&#8211;502.<\/li><li>Kn\u00fcvener, Peter: Kunstwerke aus dem Umkreis der fr\u00fchen Hohenzollern, S. 503&#8211;528.<\/li><li><em>Anhang<\/em><\/li><li>Autorenviten, S. 531&#8211;535.<\/li><li>Register, S. 536&#8211;555.<\/li><li>Stammtafel der fr\u00fchen Hohenzollern in der Mark Brandenburg, S. 556&#8211;557.<\/li><li>Die Mark Brandenburg um 1500 (Karte), S. 558&#8211;559.<\/li><\/ul>\n\n\n\n<p><\/p>\n","protected":false},"excerpt":{"rendered":"<p>Die Mark Brandenburg unter den fr\u00fchen Hohenzollern.Beitrage zu Geschichte, Kunst und Architektur im 15. Jahrhundert Hrsg. von Peter Kn\u00fcvener und Dirk Schumann.Berlin: Lukas Verlag, 2015. &#8211; 559 S., 286 S\/W- [&hellip;]<\/p>\n","protected":false},"author":2,"featured_media":0,"parent":0,"menu_order":0,"comment_status":"closed","ping_status":"closed","template":"","meta":{"footnotes":""},"class_list":["post-733","page","type-page","status-publish","hentry"],"_links":{"self":[{"href":"https:\/\/geschichte-brandenburg.de\/wordpress\/wp-json\/wp\/v2\/pages\/733","targetHints":{"allow":["GET"]}}],"collection":[{"href":"https:\/\/geschichte-brandenburg.de\/wordpress\/wp-json\/wp\/v2\/pages"}],"about":[{"href":"https:\/\/geschichte-brandenburg.de\/wordpress\/wp-json\/wp\/v2\/types\/page"}],"author":[{"embeddable":true,"href":"https:\/\/geschichte-brandenburg.de\/wordpress\/wp-json\/wp\/v2\/users\/2"}],"replies":[{"embeddable":true,"href":"https:\/\/geschichte-brandenburg.de\/wordpress\/wp-json\/wp\/v2\/comments?post=733"}],"version-history":[{"count":11,"href":"https:\/\/geschichte-brandenburg.de\/wordpress\/wp-json\/wp\/v2\/pages\/733\/revisions"}],"predecessor-version":[{"id":907,"href":"https:\/\/geschichte-brandenburg.de\/wordpress\/wp-json\/wp\/v2\/pages\/733\/revisions\/907"}],"wp:attachment":[{"href":"https:\/\/geschichte-brandenburg.de\/wordpress\/wp-json\/wp\/v2\/media?parent=733"}],"curies":[{"name":"wp","href":"https:\/\/api.w.org\/{rel}","templated":true}]}}